{"id":3520,"date":"2022-05-04T21:59:48","date_gmt":"2022-05-04T18:59:48","guid":{"rendered":"https:\/\/auteldronesbaltic.com\/uzsakymo-grazinimas\/"},"modified":"2025-02-14T13:33:23","modified_gmt":"2025-02-14T11:33:23","slug":"uzsakymo-grazinimas","status":"publish","type":"page","link":"https:\/\/auteldronesbaltic.com\/lt\/uzsakymo-grazinimas\/","title":{"rendered":"U\u017esakymo gr\u0105\u017einimas"},"content":{"rendered":"<p><span>Pirkdami elektronin\u0119 parduotuv\u0119, turite teis\u0119 per 14 kalendorini\u0173 dien\u0173 atsisakyti sandorio.\u00a0<span class=\"\">14 dien\u0173 laikotarpis skai\u010diuojamas nuo prane\u0161imo apie prek\u0117s atvykim\u0105 \u012f siunt\u0173 automat\u0105 ar pa\u0161t\u0105 gavimo, kurjerio atveju \u2013 nuo \u200b\u200bsiuntos atvykimo J\u016bs\u0173 adresu.<\/span><\/span><\/p>\n<ul>\n<li><span>Nor\u0117dami atsisakyti sutarties, atsi\u0173skite atsisakymo pra\u0161ym\u0105 info@auteldronesbaltic.com<\/span><\/li>\n<li><span>\u012esigytas prekes galima gr\u0105\u017einti per 14 dien\u0173 nuo pra\u0161ymo atsisakyti sutarties pateikimo.<\/span><\/li>\n<li><span>Gr\u0105\u017einama prek\u0117 turi b\u016bti be defekt\u0173, pilna komplektacija, originalioje pakuot\u0117je ir nenaudota.<\/span><\/li>\n<li><span>I\u0161laidas, susijusias su preki\u0173 gr\u0105\u017einimu, apmoka klientas.<\/span><\/li>\n<li><span>Svarbu \u017einoti, kad pinigai u\u017e prekes bus gr\u0105\u017einti \u012f t\u0105 pa\u010di\u0105 s\u0105skait\u0105 ar kortel\u0119, kuria buvo apmok\u0117tas u\u017esakymas!\u00a0(Pinig\u0173 plovimo prevencijos \u012fstatymas)<\/span><\/li>\n<\/ul>\n<p><span>Teis\u0117 gr\u0105\u017einti per 14 dien\u0173 nuo gavimo (jei yra visos su gr\u0105\u017einimu susijusios s\u0105lygos):<\/span><\/p>\n<ul>\n<li><span>Apie gr\u0105\u017einimo pra\u0161ym\u0105 b\u016bsite informuoti (info@auteldronesbaltic.com).\u00a0Pra\u0161yme turi b\u016bti nurodyta \u0161i informacija: gr\u0105\u017einamos prek\u0117s, u\u017esakymo\/s\u0105skaitos numeris ir atsiskaitomoji s\u0105skaita, \u012f kuri\u0105 bus gr\u0105\u017einami pinigai (da\u017eniausiai pinigus pervedame \u012f t\u0105 pa\u010di\u0105 s\u0105skait\u0105, kuria sumok\u0117jote).\u00a0Be to, rekomenduojame nurodyti prie\u017east\u012f, kod\u0117l norite gr\u0105\u017einti u\u017esakym\u0105.\u00a0Jeigu prek\u0117s pirktos vykdant akcij\u0105, kurios metu prie preki\u0173 buvo prid\u0117ta kita prek\u0117, pirk\u0117jas privalo gr\u0105\u017einti vis\u0105 komplekt\u0105, jeigu nesusitarta kitaip.<\/span><\/li>\n<li><span>Prek\u0117s turi b\u016bti gr\u0105\u017eintos per 30 dien\u0173 nuo pra\u0161ymo atsisakyti sutarties pateikimo;<\/span><\/li>\n<li><span>Prek\u0117 turi b\u016bti nenaudota ir tinkamai supakuota originalioje pakuot\u0117je.<\/span><\/li>\n<li><span>Gr\u0105\u017einimo i\u0161laidas padengia klientas (pavyzd\u017eiui, sumok\u0117tos transporto i\u0161laidos) nuo 4 iki 12 \u20ac pagal VP\u012e 194 straipsnio 4 dal\u012f, i\u0161skyrus atvejus, kai pristatyta prek\u0117 neatitinka u\u017esakytos (neteisinga). arba gaminys su defektais).<\/span><br \/>\n<span>SVARBU!\u00a0Klientui pamir\u0161us\/nepaimant siuntos ir prek\u0117ms automati\u0161kai gr\u0105\u017einus siunt\u0117jui (Ostax O\u00dc), klientas \u012fsipareigoja padengti gr\u0105\u017eintinos sumos i\u0161laidas.<\/span><\/li>\n<li><span>Jeigu pardav\u0117jui atlikus preki\u0173 b\u016bkl\u0117s patikrinim\u0105 po prek\u0117s gr\u0105\u017einimo paai\u0161k\u0117jo, kad gr\u0105\u017eintina prek\u0117 yra sugedusi, pirk\u0117jui turi b\u016bti atlyginta u\u017e prek\u0117s vert\u0117s suma\u017e\u0117jim\u0105. dalykas.\u00a0Pra\u0161ym\u0105 d\u0117l to pardav\u0117jas gali pateikti ne v\u0117liau kaip per vien\u0105 m\u0117nes\u012f nuo gr\u0105\u017einamos prek\u0117s gavimo.\u00a0Pirk\u0117jas privalo atlyginti prek\u0117s vert\u0119, jeigu prek\u0117 buvo pirk\u0117jo apdorota, sugadinta, apsunkinta tre\u010diojo asmens teis\u0117mis ir pan.<\/span><\/li>\n<\/ul>\n<h3><strong><span>Sugedusios ar nekokybi\u0161kos prek\u0117s gr\u0105\u017einimas<\/span><\/strong><\/h3>\n<p><span>Jeigu prek\u0117 neatitinka u\u017esakymo ar yra brokuota, pra\u0161ome nedelsiant, bet ne v\u0117liau kaip per 2 m\u0117nesius nuo su\u017einojimo apie neatitikt\u012f ar brok\u0105, prane\u0161ti.<\/span><\/p>\n<p><span>Nor\u0117dami tai padaryti, u\u017epildykite atsisakymo form\u0105 ir atsi\u0173skite j\u0105 m\u016bs\u0173 el. pa\u0161to adresu info@auteldronesbaltic.com<\/span><\/p>\n<p><span>Pardav\u0117jas gali atsisakyti reikalavimo gr\u0105\u017einti nekokybi\u0161k\u0105 prek\u0119.<\/span><\/p>\n<h3><strong><span>Nor\u0117dami gr\u0105\u017einti prekes:<\/span><\/strong><\/h3>\n<p><span>1. Prekes galima gr\u0105\u017einti \u012f m\u016bs\u0173 pristatymo punkt\u0105<\/span><\/p>\n<p><span>Paskirtis: Talinas (tiksli vieta pagal susitarim\u0105)<\/span><\/p>\n<p><span>Gav\u0117jas: O\u00dc Ostax<\/span><\/p>\n<p><span>Telefonas: 533 66 731<\/span><\/p>\n<h3><strong><span>Prie prek\u0117s b\u016btinai prid\u0117kite parei\u0161kim\u0105!<\/span><\/strong><\/h3>\n<p><span>NB!\u00a0Jei spausdinti ne\u012fmanoma, pra\u0161ym\u0105 galima para\u0161yti ir laisva forma su parai\u0161koje esan\u010dia informacija.<\/span><\/p>\n<p><span>Pra\u0161ymas \/ pretenzija d\u0117l preki\u0173 gr\u0105\u017einimo bus i\u0161nagrin\u0117ta per 3 darbo dienas nuo parai\u0161kos ar preki\u0173 gavimo Ostax O\u00dc.\u00a0Apdorojus parai\u0161k\u0105, nauja prek\u0117, pakaitin\u0117 prek\u0117 arba gr\u0105\u017einami pinigai per tris darbo dienas, jei prek\u0117s yra prieinamos.<\/span><\/p>\n<p><span>Pardav\u0117jas turi teis\u0119 atid\u0117ti sumok\u0117tos sumos gr\u0105\u017einim\u0105 tol, kol J\u016bs gr\u0105\u017einsite prek\u0119 arba nepateiksite prek\u0117s gr\u0105\u017einim\u0105 patvirtinan\u010di\u0173 dokument\u0173.<\/span><\/p>\n<h3><strong><span>Atsi\u0117mimas i\u0161 u\u017esakymo prie\u0161 pildant u\u017esakym\u0105<\/span><\/strong><\/h3>\n<p><span>Norintys at\u0161aukti u\u017esakym\u0105 sumok\u0117j\u0119 u\u017e prekes, bet prie\u0161 preki\u0173 pristatym\u0105, pra\u0161ome nedelsiant informuoti info@auteldronesbaltic.com arba skambinti telefonu 533 66 731<\/span><\/p>\n<p><span>Elektroniniame lai\u0161ke ar telefonu pra\u0161ome nurodyti u\u017esakymo numer\u012f ir savo kontaktin\u0119 informacij\u0105 (vard\u0105, pavard\u0119, u\u017esakymo pateikimo dat\u0105, telefono numer\u012f)<\/span><\/p>\n<p><span>Jeigu atsisakote sutarties mums neprista\u010dius preki\u0173, mes gr\u0105\u017einsime mums pirkimo sum\u0105 kartu su pristatymo mokes\u010diu ne v\u0117liau kaip per 3 dienas nuo parei\u0161kimo d\u0117l sutarties atsisakymo gavimo.\u00a0Pinigus gr\u0105\u017einsime \u012f t\u0105 pa\u010di\u0105 s\u0105skait\u0105, u\u017e kuri\u0105 sumok\u0117jote.<\/span><\/p>\n","protected":false},"excerpt":{"rendered":"<p>Pirkdami elektronin\u0119 parduotuv\u0119, turite teis\u0119 per 14 kalendorini\u0173 dien\u0173 atsisakyti sandorio.\u00a014 dien\u0173 laikotarpis skai\u010diuojamas nuo prane\u0161imo apie prek\u0117s atvykim\u0105 \u012f siunt\u0173 automat\u0105 ar pa\u0161t\u0105 gavimo, kurjerio atveju \u2013 nuo \u200b\u200bsiuntos atvykimo J\u016bs\u0173 adresu. Nor\u0117dami atsisakyti sutarties, atsi\u0173skite atsisakymo pra\u0161ym\u0105 info@auteldronesbaltic.com \u012esigytas prekes galima gr\u0105\u017einti per 14 dien\u0173 nuo pra\u0161ymo atsisakyti sutarties pateikimo. Gr\u0105\u017einama prek\u0117 turi [&hellip;]<\/p>\n","protected":false},"author":2,"featured_media":0,"parent":0,"menu_order":0,"comment_status":"closed","ping_status":"closed","template":"","meta":{"_gspb_post_css":"","footnotes":""},"class_list":["post-3520","page","type-page","status-publish","hentry"],"blocksy_meta":[],"_links":{"self":[{"href":"https:\/\/auteldronesbaltic.com\/lt\/wp-json\/wp\/v2\/pages\/3520","targetHints":{"allow":["GET"]}}],"collection":[{"href":"https:\/\/auteldronesbaltic.com\/lt\/wp-json\/wp\/v2\/pages"}],"about":[{"href":"https:\/\/auteldronesbaltic.com\/lt\/wp-json\/wp\/v2\/types\/page"}],"author":[{"embeddable":true,"href":"https:\/\/auteldronesbaltic.com\/lt\/wp-json\/wp\/v2\/users\/2"}],"replies":[{"embeddable":true,"href":"https:\/\/auteldronesbaltic.com\/lt\/wp-json\/wp\/v2\/comments?post=3520"}],"version-history":[{"count":1,"href":"https:\/\/auteldronesbaltic.com\/lt\/wp-json\/wp\/v2\/pages\/3520\/revisions"}],"predecessor-version":[{"id":7158,"href":"https:\/\/auteldronesbaltic.com\/lt\/wp-json\/wp\/v2\/pages\/3520\/revisions\/7158"}],"wp:attachment":[{"href":"https:\/\/auteldronesbaltic.com\/lt\/wp-json\/wp\/v2\/media?parent=3520"}],"curies":[{"name":"wp","href":"https:\/\/api.w.org\/{rel}","templated":true}]}}