{"id":3525,"date":"2022-05-04T21:57:58","date_gmt":"2022-05-04T18:57:58","guid":{"rendered":"https:\/\/auteldronesbaltic.com\/mokejimo-budai\/"},"modified":"2022-05-04T21:57:58","modified_gmt":"2022-05-04T18:57:58","slug":"mokejimo-budai","status":"publish","type":"page","link":"https:\/\/auteldronesbaltic.com\/lt\/mokejimo-budai\/","title":{"rendered":"Mok\u0117jimo b\u016bdai"},"content":{"rendered":"<p><span>Su banko nuoroda &#8211; Luminor, SEB, Swedbank, Citadele, LHV, Coop<\/span><\/p>\n<p><span>\u012emoka \u2013 palyginkite keli\u0173 skolintoj\u0173 i\u0161simok\u0117tinai pasi\u016blymus vienu metu ir raskite sau tinkamiausi\u0105.<\/span><\/p>\n<p><span>Mok\u0117ti v\u0117liau \u2013 u\u017e prekes galite atsiskaityti per m\u0117nes\u012f be papildomo mokes\u010dio.\u00a00% pal\u016bkan\u0173, 0 \u20ac sutarties mokestis ir 0 \u20ac administravimo mokestis<\/span><\/p>\n<p><span>Mok\u0117ti per 3 \u2013 paskirstykite mok\u0117jimus per tris m\u0117nesius be papildomo mokes\u010dio.\u00a00% pal\u016bkan\u0173, 0 \u20ac sutarties mokestis ir 0 \u20ac administravimo mokestis.<\/span><\/p>\n","protected":false},"excerpt":{"rendered":"<p>Su banko nuoroda &#8211; Luminor, SEB, Swedbank, Citadele, LHV, Coop \u012emoka \u2013 palyginkite keli\u0173 skolintoj\u0173 i\u0161simok\u0117tinai pasi\u016blymus vienu metu ir raskite sau tinkamiausi\u0105. Mok\u0117ti v\u0117liau \u2013 u\u017e prekes galite atsiskaityti per m\u0117nes\u012f be papildomo mokes\u010dio.\u00a00% pal\u016bkan\u0173, 0 \u20ac sutarties mokestis ir 0 \u20ac administravimo mokestis Mok\u0117ti per 3 \u2013 paskirstykite mok\u0117jimus per tris m\u0117nesius be [&hellip;]<\/p>\n","protected":false},"author":2,"featured_media":0,"parent":0,"menu_order":0,"comment_status":"closed","ping_status":"closed","template":"","meta":{"_gspb_post_css":"","footnotes":""},"class_list":["post-3525","page","type-page","status-publish","hentry"],"blocksy_meta":[],"_links":{"self":[{"href":"https:\/\/auteldronesbaltic.com\/lt\/wp-json\/wp\/v2\/pages\/3525","targetHints":{"allow":["GET"]}}],"collection":[{"href":"https:\/\/auteldronesbaltic.com\/lt\/wp-json\/wp\/v2\/pages"}],"about":[{"href":"https:\/\/auteldronesbaltic.com\/lt\/wp-json\/wp\/v2\/types\/page"}],"author":[{"embeddable":true,"href":"https:\/\/auteldronesbaltic.com\/lt\/wp-json\/wp\/v2\/users\/2"}],"replies":[{"embeddable":true,"href":"https:\/\/auteldronesbaltic.com\/lt\/wp-json\/wp\/v2\/comments?post=3525"}],"version-history":[{"count":0,"href":"https:\/\/auteldronesbaltic.com\/lt\/wp-json\/wp\/v2\/pages\/3525\/revisions"}],"wp:attachment":[{"href":"https:\/\/auteldronesbaltic.com\/lt\/wp-json\/wp\/v2\/media?parent=3525"}],"curies":[{"name":"wp","href":"https:\/\/api.w.org\/{rel}","templated":true}]}}