{"id":3535,"date":"2022-05-04T21:59:12","date_gmt":"2022-05-04T18:59:12","guid":{"rendered":"https:\/\/auteldronesbaltic.com\/pristatymas\/"},"modified":"2026-03-24T15:43:12","modified_gmt":"2026-03-24T13:43:12","slug":"pristatymas","status":"publish","type":"page","link":"https:\/\/auteldronesbaltic.com\/lt\/pristatymas\/","title":{"rendered":"Pristatymas"},"content":{"rendered":"\n<p>Prek\u0117s siun\u010diamos \u012f \u0161ias \u0161alis: Estij\u0105, Latvij\u0105, Lietuv\u0105.<\/p>\n\n\n\n<p>Preki\u0173 gavimui pirk\u0117jas gali pasirinkti \u0161ias parinktis: Omniva, Smartpost, DPD.<\/p>\n\n\n\n<p>Preki\u0173 siuntimo i\u0161laidas padengia pirk\u0117jas, o atitinkama kain\u0173 informacija pateikiama \u0161alia pasirinkto siuntimo b\u016bdo.<\/p>\n\n\n\n<p>Visi siuntiniai Baltijos \u0161alyse paprastai pasiekia pirk\u0117jo nurodyt\u0105 gavimo viet\u0105 per 2\u20135 darbo dienas nuo pardavimo sutarties \u012fsigaliojimo. I\u0161imtiniais atvejais prek\u0119 galima pristatyti per iki 45 kalendorini\u0173 dien\u0173.<\/p>\n","protected":false},"excerpt":{"rendered":"<p>Prek\u0117s siun\u010diamos \u012f \u0161ias \u0161alis: Estij\u0105, Latvij\u0105, Lietuv\u0105. Preki\u0173 gavimui pirk\u0117jas gali pasirinkti \u0161ias parinktis: Omniva, Smartpost, DPD. Preki\u0173 siuntimo i\u0161laidas padengia pirk\u0117jas, o atitinkama kain\u0173 informacija pateikiama \u0161alia pasirinkto siuntimo b\u016bdo. Visi siuntiniai Baltijos \u0161alyse paprastai pasiekia pirk\u0117jo nurodyt\u0105 gavimo viet\u0105 per 2\u20135 darbo dienas nuo pardavimo sutarties \u012fsigaliojimo. I\u0161imtiniais atvejais prek\u0119 galima pristatyti [&hellip;]<\/p>\n","protected":false},"author":2,"featured_media":0,"parent":0,"menu_order":0,"comment_status":"closed","ping_status":"closed","template":"","meta":{"_gspb_post_css":"","footnotes":""},"class_list":["post-3535","page","type-page","status-publish","hentry"],"blocksy_meta":[],"_links":{"self":[{"href":"https:\/\/auteldronesbaltic.com\/lt\/wp-json\/wp\/v2\/pages\/3535","targetHints":{"allow":["GET"]}}],"collection":[{"href":"https:\/\/auteldronesbaltic.com\/lt\/wp-json\/wp\/v2\/pages"}],"about":[{"href":"https:\/\/auteldronesbaltic.com\/lt\/wp-json\/wp\/v2\/types\/page"}],"author":[{"embeddable":true,"href":"https:\/\/auteldronesbaltic.com\/lt\/wp-json\/wp\/v2\/users\/2"}],"replies":[{"embeddable":true,"href":"https:\/\/auteldronesbaltic.com\/lt\/wp-json\/wp\/v2\/comments?post=3535"}],"version-history":[{"count":2,"href":"https:\/\/auteldronesbaltic.com\/lt\/wp-json\/wp\/v2\/pages\/3535\/revisions"}],"predecessor-version":[{"id":7708,"href":"https:\/\/auteldronesbaltic.com\/lt\/wp-json\/wp\/v2\/pages\/3535\/revisions\/7708"}],"wp:attachment":[{"href":"https:\/\/auteldronesbaltic.com\/lt\/wp-json\/wp\/v2\/media?parent=3535"}],"curies":[{"name":"wp","href":"https:\/\/api.w.org\/{rel}","templated":true}]}}