{"id":3217,"date":"2022-05-07T19:46:21","date_gmt":"2022-05-07T16:46:21","guid":{"rendered":"https:\/\/auteldronesbaltic.com\/be-kategorijos\/autel-skycommand-center\/"},"modified":"2025-10-03T15:49:41","modified_gmt":"2025-10-03T12:49:41","slug":"autel-skycommand-center","status":"publish","type":"product","link":"https:\/\/auteldronesbaltic.com\/lt\/autel-skycommand-center-lt\/autel-skycommand-center\/","title":{"rendered":"Autel SkyCommand Center"},"content":{"rendered":"<p><img loading=\"lazy\" decoding=\"async\" src=\"https:\/\/auteldronesbaltic.com\/wp-content\/uploads\/2022\/05\/Autel-SkyCommand-Center-3.jpg\" alt=\"\" width=\"1120\" height=\"595\" \/><\/p>\n<h2 style=\"text-align: center;\"><span style=\"font-weight: 400;\">Darbo eigos optimizavimas<\/span><\/h2>\n<p><img loading=\"lazy\" decoding=\"async\" class=\"alignleft\" src=\"https:\/\/auteldronesbaltic.com\/wp-content\/uploads\/2022\/05\/Autel-SkyCommand-Center-2-300x287.png\" alt=\"\" width=\"354\" height=\"338\" \/><\/p>\n<p><span style=\"font-weight: 400;\">U\u017eduo\u010di\u0173 valdymas<\/span><\/p>\n<p><span style=\"font-weight: 400;\">Misijos planavimas: planuokite mar\u0161rutus ir paskirkite misijas.<\/span><\/p>\n<p><span style=\"font-weight: 400;\">Perdavimas realiuoju laiku: per\u017ei\u016br\u0117kite vaizdo \u012fra\u0161\u0173 tiekim\u0105 ir skryd\u017eio duomenis nuotoliniu b\u016bdu realiuoju laiku.<\/span><\/p>\n<p><span style=\"font-weight: 400;\">Nuotolinis valdymas: valdykite dron\u0105 ir kamer\u0105 nuotoliniu b\u016bdu i\u0161 komand\u0173 centro.<\/span><\/p>\n<p><span style=\"font-weight: 400;\">Duomen\u0173 saugykla: i\u0161saugokite ir tvarkykite skryd\u017eio misijos nustatymus, skryd\u017ei\u0173 \u017eurnalus ir kitus duomenis.<\/span><\/p>\n<p><span style=\"font-weight: 400;\">Paskyros valdymasVaidmen\u0173 valdymas: kurkite komandas ir priskirkite vaidmenis, pvz., administratoriaus arba piloto.<\/span><\/p>\n<p><span style=\"font-weight: 400;\">\u012egaliojim\u0173 valdymas: paskirstykite veiklos leidimus pagal priskirtus vaidmenis.<\/span><\/p>\n<p><span style=\"font-weight: 400;\">\u012erengini\u0173 valdymasUAV valdymas: rodomas kiekvieno orlaivio ir akumuliatoriaus naudojimo laikas ir prie\u017ei\u016bros eiga. Programin\u0117s \u012frangos valdymas: atnaujinkite ir valdykite programin\u0119-aparatin\u0119 \u012frang\u0105 vienoje vietoje.<\/span><\/p>\n<p><strong>Keli\u0173 kanal\u0173 tiesiogin\u0117 transliacija<\/strong><\/p>\n<p><span style=\"font-weight: 400;\">\u201eAutel SkyCommand Center\u201c vienu metu gali palaikyti iki 32 tiesiogini\u0173 transliacij\u0173 ir tereikia 200 milisekund\u017ei\u0173, kol dronas perduoda tiesiogin\u012f sraut\u0105 1080p rai\u0161ka, o tai \u017eymiai lenkia konkuruojan\u010dius produktus su 8\u201310 sekund\u017ei\u0173 v\u0117lavimu.<\/span><\/p>\n<div>\n<p><img loading=\"lazy\" decoding=\"async\" src=\"https:\/\/auteldronesbaltic.com\/wp-content\/uploads\/2022\/05\/Autel-SkyCommand-Center-4.png\" alt=\"\" width=\"1252\" height=\"784\" \/><\/p>\n<p><span style=\"font-weight: 400;\">Nuotolinis realiojo laiko valdymasVartotojai gali nuotoliniu b\u016bdu valdyti orlaiv\u012f, kad sustabdyt\u0173 ir gr\u0105\u017eint\u0173 skryd\u012f. Taip pat galima nustatyti fotoaparato kamp\u0105, priartinim\u0105 ir kitus parametrus, kad b\u016bt\u0173 galima atlikti fotografavimo operacijas.<\/span><\/p>\n<p><img loading=\"lazy\" decoding=\"async\" src=\"https:\/\/auteldronesbaltic.com\/wp-content\/uploads\/2022\/05\/Autel-SkyCommand-Center-2.jpg\" alt=\"\" width=\"1918\" height=\"930\" \/><\/p>\n<\/div>\n<p><strong>Kry\u017eminis modeli\u0173 pritaikymas<\/strong><\/p>\n<p><span style=\"font-weight: 400;\">\u201eAutel SkyCommand Center\u201c palaiko tiek keli\u0173 rotori\u0173, tiek fiksuot\u0173 sparn\u0173 modelius, \u012fskaitant: EVO II serij\u0105, EVO II RTK serij\u0105, EVO II Enterprise, Dragonfish serij\u0105. Tarp j\u0173, keli\u0173 rotori\u0173 modeliai turi b\u016bti apr\u016bpinti EVO Nest u\u017eduotimis atlikti.<\/span><\/p>\n<p data-wp-editing=\"1\"><img loading=\"lazy\" decoding=\"async\" src=\"https:\/\/auteldronesbaltic.com\/wp-content\/uploads\/2022\/05\/Autel-SkyCommand-Center-5-300x229.png\" alt=\"\" width=\"300\" height=\"229\" \/> <img loading=\"lazy\" decoding=\"async\" src=\"https:\/\/auteldronesbaltic.com\/wp-content\/uploads\/2022\/05\/Autel-SkyCommand-Center-3-300x229.png\" alt=\"\" width=\"300\" height=\"229\" \/><\/p>\n<p><strong>Skryd\u017eio duomen\u0173 valdymas<\/strong><\/p>\n<p><strong>\u012erangos prie\u017ei\u016bra<\/strong><\/p>\n<p><span style=\"font-weight: 400;\">Vartotojai gali prisijungti prie platformos, kad patikrint\u0173 kiekvieno orlaivio, angaro ir akumuliatoriaus naudojim\u0105, o tai leis jiems laiku pakeisti ir pri\u017ei\u016br\u0117ti \u012frang\u0105.<\/span><\/p>\n<p><strong>Prieiga prie debesies<\/strong><\/p>\n<p><span style=\"font-weight: 400;\">\u201eAutel Robotics\u201c suteikia vartotojams du b\u016bdus, kaip \u012fdiegti \u201eAutel SkyCommand Center\u201c: \u201eSecure Cloud\u201c saugo skryd\u017ei\u0173 \u017eurnalus stabiliame AWS serveryje, o \u201ePrivate Cloud\u201c saugo juos vietiniame vartotojo serveryje.<\/span><\/p>\n<p><span style=\"color: #0000ff;\"><a style=\"color: #0000ff;\" href=\"https:\/\/auteldronesbaltic.com\/wp-content\/uploads\/2022\/05\/Autel-Skycommand-Center-User-Manual-EN.pdf\">Autel Skycommand Center User Manual -EN<\/a> <\/span><\/p>\n<p><span style=\"color: #0000ff;\"><a style=\"color: #0000ff;\" href=\"https:\/\/auteldronesbaltic.com\/wp-content\/uploads\/2022\/05\/Autel-SkyCommand-Center-Brochure.pdf\">Autel SkyCommand Center Brochure<\/a><\/span><\/p>\n","protected":false},"excerpt":{"rendered":"<p><span style=\"font-weight: 400;\">Patirkite visi\u0161k\u0105 kontrol\u0119<\/span><\/p>\n<p><span style=\"font-weight: 400;\">\u201eAutel SkyCommand Center\u201c yra skryd\u017ei\u0173 valdymo platforma, leid\u017eianti vartotojams valdyti savo dron\u0173 u\u017eduotis, \u012frang\u0105 ir misijos vaidmenis per kompiuter\u012f ar mobil\u0173j\u012f \u012frengin\u012f. Naudodamiesi platforma nuotoliniai operatoriai gali steb\u0117ti tiesiogin\u012f vaizd\u0105 realiu laiku arba planuoti misijas grup\u0117se ir pasiekti \u012fra\u0161ytus skryd\u017ei\u0173 duomenis jiems patogiu metu.<\/span><\/p>\n","protected":false},"featured_media":2804,"template":"","meta":{"_gspb_post_css":""},"product_brand":[],"product_cat":[115],"product_tag":[],"class_list":{"0":"post-3217","1":"product","2":"type-product","3":"status-publish","4":"has-post-thumbnail","6":"product_cat-autel-skycommand-center-lt","8":"first","9":"outofstock","10":"taxable","11":"shipping-taxable","12":"product-type-simple"},"_links":{"self":[{"href":"https:\/\/auteldronesbaltic.com\/lt\/wp-json\/wp\/v2\/product\/3217","targetHints":{"allow":["GET"]}}],"collection":[{"href":"https:\/\/auteldronesbaltic.com\/lt\/wp-json\/wp\/v2\/product"}],"about":[{"href":"https:\/\/auteldronesbaltic.com\/lt\/wp-json\/wp\/v2\/types\/product"}],"wp:featuredmedia":[{"embeddable":true,"href":"https:\/\/auteldronesbaltic.com\/lt\/wp-json\/wp\/v2\/media\/2804"}],"wp:attachment":[{"href":"https:\/\/auteldronesbaltic.com\/lt\/wp-json\/wp\/v2\/media?parent=3217"}],"wp:term":[{"taxonomy":"product_brand","embeddable":true,"href":"https:\/\/auteldronesbaltic.com\/lt\/wp-json\/wp\/v2\/product_brand?post=3217"},{"taxonomy":"product_cat","embeddable":true,"href":"https:\/\/auteldronesbaltic.com\/lt\/wp-json\/wp\/v2\/product_cat?post=3217"},{"taxonomy":"product_tag","embeddable":true,"href":"https:\/\/auteldronesbaltic.com\/lt\/wp-json\/wp\/v2\/product_tag?post=3217"}],"curies":[{"name":"wp","href":"https:\/\/api.w.org\/{rel}","templated":true}]}}