{"id":3222,"date":"2022-05-07T18:21:25","date_gmt":"2022-05-07T15:21:25","guid":{"rendered":"https:\/\/auteldronesbaltic.com\/be-kategorijos\/autel-evo-nest\/"},"modified":"2024-10-30T21:42:15","modified_gmt":"2024-10-30T19:42:15","slug":"autel-evo-nest","status":"publish","type":"product","link":"https:\/\/auteldronesbaltic.com\/lt\/autel-evo-nest-lt\/autel-evo-nest\/","title":{"rendered":"Autel EVO NEST"},"content":{"rendered":"<p><span style=\"font-weight: 400;\">Autel EVO NEST yra suderinamas su: EVO II serija, EVO II RTK serija ir EVO II Enterprise Series<\/span><\/p>\n<p><span style=\"font-weight: 400;\">\u012erenginys yra ma\u017eas ir lengvas, tod\u0117l j\u012f lengva transportuoti ir naudoti bet kur, nuo pasto\u010di\u0173 iki stog\u0173.<\/span><\/p>\n<p><span style=\"font-weight: 400;\">\u012erenginys pateikia kiekvieno atskiro modulin\u0117s sistemos komponento b\u016bsenos ekran\u0105, tod\u0117l problemas lengva diagnozuoti nuotoliniu b\u016bdu.<\/span><\/p>\n<p><span style=\"font-weight: 400;\">Su \u012fmontuotu oro kondicionieriumi ir dulk\u0117ms bei vandeniui atspariu i\u0161oriniu IP54 reitingu EVO Nest gali lengvai prisitaikyti prie at\u0161iauri\u0173 lauko s\u0105lyg\u0173.<\/span><\/p>\n<p><span style=\"font-weight: 400;\">\u012erenginys visi\u0161kai \u012fkrauna orlaiv\u012f ma\u017edaug per 45 minutes, o apsaugos nuo vir\u0161srovi\u0173 mechanizmas daro j\u012f stabil\u0173 ir patikim\u0105.<\/span><\/p>\n<p><span style=\"font-weight: 400;\">\u012erenginyje yra elektroninis u\u017eraktas ir vidin\u0117 kamera, u\u017etikrinanti j\u016bs\u0173 \u012frangos saugum\u0105.<\/span><\/p>\n<p><img loading=\"lazy\" decoding=\"async\" class=\"aligncenter\" src=\"https:\/\/auteldronesbaltic.com\/wp-content\/uploads\/2022\/05\/Autel-EVO-Nest-24.png\" alt=\"\" width=\"540\" height=\"296\" \/><\/p>\n<p><strong>EVO NEST automatin\u0117 skryd\u017eio sistema<\/strong><\/p>\n<p><span style=\"font-weight: 400;\">\u201eEVO Nest\u201c automatinio skryd\u017eio sistem\u0105 sudaro: \u201eEVO Nest\u201c, \u201eEVO II\u201c serijos orlaiviai, debesimis pagr\u012fstos paslaugos ir komand\u0173 centro programin\u0117 \u012franga. Naudotojai gali priskirti misij\u0105 naudodami komand\u0173 centr\u0105, o vartotojai matys tiesioginius vaizdo \u012fra\u0161us i\u0161 EVO Nest ir orlaivio. Sistema suderinama su visais EVO II serijos l\u0117ktuvais. EVO Nest u\u017etikrina, kad orlaivis b\u016bt\u0173 saugus ir stabilus kraunant. Sistema taip pat suteikia standartin\u0119 program\u0173 programavimo s\u0105saj\u0105 ir palaiko pritaikym\u0105.<\/span><\/p>\n<p><img loading=\"lazy\" decoding=\"async\" src=\"https:\/\/auteldronesbaltic.com\/wp-content\/uploads\/2022\/05\/Autel-nest.jpg\" alt=\"\" width=\"1044\" height=\"543\" \/><\/p>\n<p><span style=\"font-weight: 400;\">Praktiniai pritaikymai<\/span><\/p>\n<p><span style=\"font-weight: 400;\">Individualus vystymas<\/span><\/p>\n<p><span style=\"font-weight: 400;\">Sistema naudoja atvir\u0105 API s\u0105saj\u0105, leid\u017eian\u010di\u0105 pritaikyti konkretiems pramon\u0117s poreikiams<\/span><\/p>\n<p><span style=\"font-weight: 400;\">Tinklo diegimas<\/span><\/p>\n<p><span style=\"font-weight: 400;\">Gali b\u016bti dislokuoti keli lizdai, kad dronai gal\u0117t\u0173 atlikti lygiagre\u010dias u\u017eduotis ir perduoti operacijas keliems orlaiviams, apimdami plat\u0173 plot\u0105.<\/span><\/p>\n<p><span style=\"font-weight: 400;\">Informacijos valdymas:<\/span><\/p>\n<p><span style=\"font-weight: 400;\">Duomenys, surinkti i\u0161 orlaivio, EVO NEST ir naudingo krovinio, \u012fkeliami \u012f debes\u012f, kad vartotojai gal\u0117t\u0173 pe<\/span><\/p>\n<p><span style=\"font-weight: 400;\">Autonominis skrydis<\/span><\/p>\n<p><span style=\"font-weight: 400;\">Sistema gali pritaikyti bepilo\u010dio orlaivio automatinio skryd\u017eio algoritm\u0105 pagal aplink\u0105, leid\u017eiant\u012f atlikti savaranki\u0161kus kilimus, savaranki\u0161kus patikrinimus ir tikslius nusileidimus.<\/span><\/p>\n<p><span style=\"font-weight: 400;\">Cloud nuotolinio valdymo pultas<\/span><\/p>\n<p><span style=\"font-weight: 400;\">Naudojant 5G\/4G tinklo ry\u0161\u012f, orlaivio skryd\u017eio mar\u0161rut\u0105, gimbalo kamp\u0105, skryd\u017eio laik\u0105, vaizdo fiksavim\u0105 ir da\u017en\u012f galima valdyti realiuoju laiku be geografini\u0173 apribojim\u0173.<\/span><\/p>\n<p><span style=\"font-weight: 400;\">AI atpa\u017einimas ir sekimas<\/span><\/p>\n<p><span style=\"font-weight: 400;\">Gav\u0119s savo misij\u0105, dronas automati\u0161kai identifikuoja ap\u017ei\u016bros taikin\u012f, seka j\u012f ir nustato bet kokius nukrypimus.<\/span><\/p>\n<p><span style=\"font-weight: 400;\">Apsaugos patrulis<\/span><\/p>\n<p><span style=\"font-weight: 400;\">Elektros linijos patikrinimas<\/span><\/p>\n<p><span style=\"font-weight: 400;\">Eismo kontrol\u0117<\/span><\/p>\n<p><span style=\"font-weight: 400;\">Svetain\u0117s steb\u0117jimas<\/span><\/p>\n<p><span style=\"font-weight: 400;\">Mi\u0161kininkyst\u0117s inspekcija<\/span><\/p>\n<p><span style=\"font-weight: 400;\">\u017dem\u0117s \u016bkio steb\u0117sena<\/span><\/p>\n<p><span style=\"color: #0000ff;\"><a style=\"color: #0000ff;\" href=\"https:\/\/auteldronesbaltic.com\/wp-content\/uploads\/2022\/05\/EVO-NEST-Quick-Guide.pdf\">EVO NEST Quick Guide<\/a><\/span><\/p>\n","protected":false},"excerpt":{"rendered":"<p><span style=\"font-weight: 400;\">EVO NEST yra automatin\u0117 bepilo\u010di\u0173 orlaivi\u0173 \u012fkrovimo stotel\u0117, leid\u017eianti pramoniniams dronams leistis, kilti ir atlikti nuoseklias misijas be \u017emogaus \u012fsiki\u0161imo. \u012erengtas i\u0161traukiamas baldakimas, stiklo pluo\u0161to \u012fkrovimo plok\u0161te ir \u012fmontuota oro kondicionavimo sistema, NEST turi visk\u0105, ko reikia, kad i\u0161laikyt\u0173 savo ir savo orlaivi\u0173 puiki\u0105 darbo b\u016bkl\u0119, nepaisant oro s\u0105lyg\u0173. Naudodami i\u0161skirtin\u0119 programin\u0119 \u012frang\u0105, operatoriai taip pat gali planuoti skryd\u017eio u\u017eduotis patogiai savo nam\u0173 biure, suma\u017eindami darbo s\u0105naudas ir didindami efektyvum\u0105.<\/span><\/p>\n","protected":false},"featured_media":6633,"template":"","meta":{"_gspb_post_css":""},"product_brand":[],"product_cat":[105,149],"product_tag":[],"class_list":{"0":"post-3222","1":"product","2":"type-product","3":"status-publish","4":"has-post-thumbnail","6":"product_cat-autel-evo-nest-lt","7":"product_cat-special-purpose-drones-lt","9":"first","10":"instock","11":"taxable","12":"shipping-taxable","13":"purchasable","14":"product-type-simple"},"_links":{"self":[{"href":"https:\/\/auteldronesbaltic.com\/lt\/wp-json\/wp\/v2\/product\/3222","targetHints":{"allow":["GET"]}}],"collection":[{"href":"https:\/\/auteldronesbaltic.com\/lt\/wp-json\/wp\/v2\/product"}],"about":[{"href":"https:\/\/auteldronesbaltic.com\/lt\/wp-json\/wp\/v2\/types\/product"}],"wp:featuredmedia":[{"embeddable":true,"href":"https:\/\/auteldronesbaltic.com\/lt\/wp-json\/wp\/v2\/media\/6633"}],"wp:attachment":[{"href":"https:\/\/auteldronesbaltic.com\/lt\/wp-json\/wp\/v2\/media?parent=3222"}],"wp:term":[{"taxonomy":"product_brand","embeddable":true,"href":"https:\/\/auteldronesbaltic.com\/lt\/wp-json\/wp\/v2\/product_brand?post=3222"},{"taxonomy":"product_cat","embeddable":true,"href":"https:\/\/auteldronesbaltic.com\/lt\/wp-json\/wp\/v2\/product_cat?post=3222"},{"taxonomy":"product_tag","embeddable":true,"href":"https:\/\/auteldronesbaltic.com\/lt\/wp-json\/wp\/v2\/product_tag?post=3222"}],"curies":[{"name":"wp","href":"https:\/\/api.w.org\/{rel}","templated":true}]}}