{"id":3231,"date":"2022-05-04T18:53:39","date_gmt":"2022-05-04T15:53:39","guid":{"rendered":"https:\/\/auteldronesbaltic.com\/be-kategorijos\/evo-ii-dual-640t-enterprise-rugged-bundle-v2\/"},"modified":"2025-04-08T10:04:43","modified_gmt":"2025-04-08T07:04:43","slug":"evo-ii-dual-640t-enterprise-v3","status":"publish","type":"product","link":"https:\/\/auteldronesbaltic.com\/lt\/evo-ii-enterprise-series-lt\/evo-ii-dual-640t-enterprise-v3\/","title":{"rendered":"EVO II DUAL 640T Enterprise V3"},"content":{"rendered":"<p><span style=\"color: #000000;\"><b>Kompakti\u0161ka. Universalus. Galingas.<br \/>\n<\/b><span style=\"font-weight: 400;\">EVO II Enterprise V3 integruota puiki vaizdo gavimo sistema, patobulintas 15 km vaizdo perdavimas (SkyLink 2.0) ir papildomi priedai, siekiant patenkinti \u012fvairius oro poreikius, \u012fskaitant patikrinim\u0105, paie\u0161k\u0105 ir gelb\u0117jim\u0105, teis\u0117saug\u0105, gaisr\u0173 gesinim\u0105 ir kt. Sulankstoma konstrukcija suteikia pramon\u0117s naudotojams veiksming\u0105 ir ne\u0161iojam\u0105 darbo i\u0161 oro \u012frank\u012f.<\/span><\/span><\/p>\n<p><span style=\"color: #000000;\"><b>640&#215;512 30Hz terminio vaizdo jutiklis<br \/>\n<\/b><span style=\"font-weight: 400;\">\u012erengta 640*512 didel\u0117s rai\u0161kos \u0161iluminio vaizdo kamera su 13 mm \u017eidinio nuotolio objektyvu ir 16 kart\u0173 skaitmeniniu priartinimu, tod\u0117l lengva steb\u0117ti tolimus taikinius. Sistema naudoja nauj\u0105 vaizdo apdorojimo algoritm\u0105, tod\u0117l \u0161iluminio vaizdo detal\u0117s tampa ai\u0161kesn\u0117s ir labiau pastebimos nei konkurencija su pana\u0161ia rai\u0161ka ir aparatine \u012franga.<\/span><\/span><\/p>\n<p><span style=\"color: #000000;\"><b>.8&#8243; RYYB CMOS jutiklis<br \/>\n<\/b><span style=\"font-weight: 400;\">\u012erengtas 0,8 colio RYYB CMOS jutiklis, turintis m\u0117nulio \u0161viesos algoritm\u0105 2.0, kuris puikiai slopina triuk\u0161m\u0105 esant ribotam ap\u0161vietimui, dar labiau patobulina 50 megapikseli\u0173 kamer\u0105, kad naudotojai gaut\u0173 daugiau informacijos, kad b\u016bt\u0173 galima geriau atlikti teismo ekspertiz\u0119 ir analiz\u0119. Aptikti, identifikuoti ir klasifikuoti objektus esant silpnam ap\u0161vietimui situacijas ir u\u017etikrintai t\u0119sti.<\/span><\/span><\/p>\n<p><span style=\"color: #000000;\"><b>Ta\u0161kin\u0117s temperat\u016bros matavimas<br \/>\n<\/b><span style=\"font-weight: 400;\">Rodo pasirinkto objekto temperat\u016br\u0105 vos palietus ekran\u0105<\/span><\/span><\/p>\n<p><span style=\"color: #000000;\"><b>Regioninis temperat\u016bros matavimas<br \/>\n<\/b><span style=\"font-weight: 400;\">Vienu ekrano bakstel\u0117jimu parodo pasirinkto objekto temperat\u016br\u0105<\/span><\/span><\/p>\n<p><span style=\"color: #000000;\"><b>Centrinis temperat\u016bros matavimas<br \/>\n<\/b><span style=\"font-weight: 400;\">Ekrano centre rodoma temperat\u016bra<\/span><\/span><\/p>\n<p><span style=\"color: #000000;\"><b>Temperat\u016bros signalizacija<br \/>\n<\/b><span style=\"font-weight: 400;\">\u012esp\u0117ja vartotoj\u0105, kai zonos temperat\u016bra pasiekia i\u0161 anksto nustatyt\u0105 rib\u0105<\/span><\/span><\/p>\n<p><span style=\"color: #000000;\"><b>Izoterma<br \/>\n<\/b><span style=\"font-weight: 400;\">Aptinka bet kokius objektus nurodytame temperat\u016bros diapazone.<\/span><\/span><\/p>\n<p><span style=\"color: #000000;\"><b>Vaizdo tobulinimas<br \/>\n<\/b><span style=\"font-weight: 400;\">Leid\u017eia vartotojui reguliuoti vaizdo ry\u0161kum\u0105, kontrast\u0105 ir vaizdo detales realiuoju laiku.<\/span><\/span><\/p>\n<p><span style=\"color: #000000;\"><b>Priartinkite i\u0161 saugos<br \/>\n<\/b><span style=\"font-weight: 400;\">EVO II Dual 640T Enterprise V3 palaiko 4x be nuostoli\u0173 priartinim\u0105 ir 16 kart\u0173 skaitmenin\u012f priartinim\u0105. Gaukite ai\u0161ki\u0105 informacij\u0105 i\u0161 toliau, ne\u012ftardami<\/span><\/span><\/p>\n<p><span style=\"color: #000000;\"><b>SkyLink 2.0 vaizdo perdavimas<br \/>\n<\/b><span style=\"font-weight: 400;\">EVO II Enterprise V3 atnaujintas naudojant visi\u0161kai nauj\u0105 Autel SkyLink 2.0 vaizdo perdavimo technologij\u0105.<\/span><\/span><\/p>\n<p><span style=\"font-weight: 400; color: #000000;\">Nuskriskite toliau su HD vaizdo perdavimu iki 8 km.<\/span><\/p>\n<p><span style=\"font-weight: 400; color: #000000;\">Gaukite svarbi\u0173 detali\u0173 naudodami QHD vaizdo \u012fra\u0161\u0105 perdavimo diapazone.<\/span><\/p>\n<p><span style=\"font-weight: 400; color: #000000;\">Palaikykite trij\u0173 juost\u0173 ry\u0161\u012f ir gali automati\u0161kai keisti da\u017enio \u0161uolius, kad b\u016bt\u0173 u\u017etikrinta maksimali apsauga nuo trukd\u017ei\u0173.<\/span><\/p>\n<p><span style=\"color: #000000;\"><b>Specialus \u012fmon\u0117s l\u0117ktuvo korpusas<\/b><\/span><\/p>\n<p><span style=\"color: #000000;\"><b>42 minut\u0117s skryd\u017eio laiko<br \/>\n<\/b><span style=\"font-weight: 400;\">Dideli propeleriai ir per\u017ei\u016br\u0117ti skryd\u017eio algoritmai suteikia EVO II Enterprise V3 ilgiausi\u0105 skryd\u017eio laik\u0105 savo kategorijoje.<\/span><\/span><\/p>\n<p><span style=\"color: #000000;\"><b>Prailgintos \u0161ilumin\u0117s angos<br \/>\n<\/b><span style=\"font-weight: 400;\">EVO II Enterprise V3 turi papildomas \u0161ilumines angas papildomam \u0161ilumos i\u0161sklaidymui, prailginan\u010diai baterijos veikimo laik\u0105.<\/span><\/span><\/p>\n<p><span style=\"color: #000000;\"><b>Ilgesni anglies pluo\u0161to ginklai<br \/>\n<\/b><span style=\"font-weight: 400;\">Anglies pluo\u0161to ginklai ir ilgesni sraigtai suteikia EVO II Enterprise platformai papildomo standumo ir skryd\u017eio stabilumo.<\/span><\/span><\/p>\n<p><span style=\"color: #000000;\"><b>360\u00b0 kli\u016b\u010di\u0173 i\u0161vengimas<br \/>\n<\/b><span style=\"font-weight: 400;\">\u012erengtas 12 vaizdini\u0173 optini\u0173 jutikli\u0173, kuriuose integruota 19 jutikli\u0173 rinkini\u0173, \u012fskaitant pagrindin\u0119 kamer\u0105, ultragarso bang\u0105 ir IMU, kad b\u016bt\u0173 galima sukurti 3D drono ir jo aplinkos \u017eem\u0117lap\u012f realiuoju laiku. Jutikliai yra strategi\u0161kai i\u0161d\u0117styti taip, kad drone b\u016bt\u0173 kuo ma\u017eiau akl\u0173j\u0173 zon\u0173, kad V3 gal\u0117t\u0173 automati\u0161kai sustoti \u0161alia kli\u016b\u010di\u0173.<\/span><\/span><\/p>\n<p><span style=\"color: #000000;\"><b>ADS-B imtuvas<br \/>\n<\/b><span style=\"font-weight: 400;\">Aptinka bet kur\u012f netoliese esant\u012f pilotuojam\u0105 orlaiv\u012f, skleid\u017eiant\u012f ADS-B signal\u0105, suteikdama operatoriui pakankamai laiko imtis priemoni\u0173, kad i\u0161vengt\u0173 susid\u016brim\u0173 ore.<\/span><\/span><\/p>\n<p><span style=\"color: #000000;\"><b>Misijos universalumas<br \/>\n<\/b><span style=\"font-weight: 400;\">Tur\u0117damas i\u0161pl\u0117st\u0105 pried\u0173 pasirinkim\u0105, EVO II Enterprise V3 gali i\u0161sivystyti i\u0161 paprasto vaizdo gavimo \u012frankio \u012f daugiafunkc\u0119 skryd\u017eio platform\u0105, kuri gali prisitaikyti prie \u012fvairi\u0173 scenarij\u0173.<\/span><\/span><\/p>\n<p><span style=\"color: #000000;\"><b>Stroboskopas<br \/>\n<\/b><span style=\"font-weight: 400;\">Nurodykite orlaivio viet\u0105 nakt\u012f, kad i\u0161vengtum\u0117te oro eismo nelaimi\u0173.<\/span><\/span><\/p>\n<p><span style=\"color: #000000;\"><b>D\u0117mesio centre<br \/>\n<\/b><span style=\"font-weight: 400;\">Skleid\u017eia galing\u0105 ilgo nuotolio oro \u0161vies\u0105 ie\u0161kant ar fotografuojant nakt\u012f.<\/span><\/span><\/p>\n<p><span style=\"color: #000000;\"><b>Garsiakalbis<br \/>\n<\/b><span style=\"font-weight: 400;\">\u012egalina efektyv\u0173 ry\u0161\u012f vietoje per tolimojo susisiekimo tiesiogines transliacijas ir i\u0161 anksto \u012fra\u0161ytas garso kilpas.<\/span><\/span><\/p>\n<p><span style=\"color: #000000;\"><b>Autel Smart Controller V3<br \/>\n<\/b><span style=\"font-weight: 400;\">Smart Controller V3 7,9 colio, 2000 nit\u0173 didelio ry\u0161kumo ekranas yra ai\u0161kiai matomas net esant tiesioginiams saul\u0117s spinduliams. \u201eSkyLink 2.0\u201c perdavimo technologija garantuoja operacijas dideliais atstumais iki 8 km atstumu ir pagerina trikd\u017ei\u0173 slopinimo geb\u0117jimus su trigubo da\u017enio \u0161uoliu. Pritaikyta Android sistema suteikia papildomo lankstumo naudojant tre\u010di\u0173j\u0173 \u0161ali\u0173 programas, o IP43 \u012fvertinimas u\u017etikrina veikim\u0105 bet kokiu oru.<\/span><\/span><\/p>\n<p><span style=\"color: #000000;\"><span style=\"font-weight: 400;\">7,9 colio HD jutiklinis ekranas<br \/>\n<\/span><span style=\"font-weight: 400;\">Temperat\u016bros diapazonas nuo -20 \u2103 iki 40 \u2103<br \/>\n<\/span><span style=\"font-weight: 400;\">2000 nit\u0173 maksimalus ry\u0161kumas<br \/>\n<\/span><span style=\"font-weight: 400;\">Atsparumas IP43<\/span><\/span><\/p>\n<h3><span style=\"color: #000000;\"><b>Live Deck 2<\/b><\/span><\/h3>\n<p><span style=\"font-weight: 400; color: #000000;\">Tiesiogiai transliuokite informacij\u0105 apie misij\u0105 kitiems operacijos darbuotojams, kad padid\u0117t\u0173 situacijos suvokimas ir b\u016bt\u0173 priimti svarb\u016bs sprendimai. EVO II Enterprise V3 yra suderinamas su Live Deck 2, kuris si\u016blo keli\u0173 prievad\u0173 srautin\u012f perdavim\u0105 \u012f monitorius ir Wi-Fi palaikym\u0105 keliems i\u0161maniesiems telefonams.<\/span><\/p>\n<p><span style=\"color: #000000;\"><span style=\"font-weight: 400;\">1080P\/60FPS vaizdo srautas<br \/>\n<\/span><span style=\"font-weight: 400;\">Trys automatinio persijungimo juostos<br \/>\n<\/span><span style=\"font-weight: 400;\">12KM transmisijos diapazonas<br \/>\n<\/span><span style=\"font-weight: 400;\">Atsparumas IP43<\/span><\/span><\/p>\n","protected":false},"excerpt":{"rendered":"<p>Kompakti\u0161ka. Universalus. Galingas. EVO II Enterprise V3 integruota puiki vaizdo gavimo sistema, patobulintas 15 km vaizdo perdavimas (SkyLink 2.0) ir papildomi priedai, siekiant patenkinti \u012fvairius oro poreikius, \u012fskaitant patikrinim\u0105, paie\u0161k\u0105 ir gelb\u0117jim\u0105, teis\u0117saug\u0105, gaisr\u0173 gesinim\u0105 ir kt. Sulankstoma konstrukcija suteikia pramon\u0117s naudotojams veiksming\u0105 ir ne\u0161iojam\u0105 darbo i\u0161 oro \u012frank\u012f. 640&#215;512 30Hz terminio vaizdo jutiklis \u012erengta [&hellip;]<\/p>\n","protected":false},"featured_media":4675,"template":"","meta":{"_gspb_post_css":""},"product_brand":[],"product_cat":[147,149],"product_tag":[],"class_list":{"0":"post-3231","1":"product","2":"type-product","3":"status-publish","4":"has-post-thumbnail","6":"product_cat-evo-ii-enterprise-series-lt","7":"product_cat-special-purpose-drones-lt","9":"first","10":"outofstock","11":"taxable","12":"shipping-taxable","13":"purchasable","14":"product-type-simple"},"_links":{"self":[{"href":"https:\/\/auteldronesbaltic.com\/lt\/wp-json\/wp\/v2\/product\/3231","targetHints":{"allow":["GET"]}}],"collection":[{"href":"https:\/\/auteldronesbaltic.com\/lt\/wp-json\/wp\/v2\/product"}],"about":[{"href":"https:\/\/auteldronesbaltic.com\/lt\/wp-json\/wp\/v2\/types\/product"}],"wp:featuredmedia":[{"embeddable":true,"href":"https:\/\/auteldronesbaltic.com\/lt\/wp-json\/wp\/v2\/media\/4675"}],"wp:attachment":[{"href":"https:\/\/auteldronesbaltic.com\/lt\/wp-json\/wp\/v2\/media?parent=3231"}],"wp:term":[{"taxonomy":"product_brand","embeddable":true,"href":"https:\/\/auteldronesbaltic.com\/lt\/wp-json\/wp\/v2\/product_brand?post=3231"},{"taxonomy":"product_cat","embeddable":true,"href":"https:\/\/auteldronesbaltic.com\/lt\/wp-json\/wp\/v2\/product_cat?post=3231"},{"taxonomy":"product_tag","embeddable":true,"href":"https:\/\/auteldronesbaltic.com\/lt\/wp-json\/wp\/v2\/product_tag?post=3231"}],"curies":[{"name":"wp","href":"https:\/\/api.w.org\/{rel}","templated":true}]}}