{"id":3234,"date":"2022-05-03T16:52:54","date_gmt":"2022-05-03T13:52:54","guid":{"rendered":"https:\/\/auteldronesbaltic.com\/be-kategorijos\/autel-evo-nano-premium-bundle\/"},"modified":"2025-10-03T15:41:23","modified_gmt":"2025-10-03T12:41:23","slug":"autel-evo-nano-premium-komplektacija","status":"publish","type":"product","link":"https:\/\/auteldronesbaltic.com\/lt\/autel-evo-nano-lt\/autel-evo-nano-premium-komplektacija\/","title":{"rendered":"Autel EVO Nano+ Premium komplektacija"},"content":{"rendered":"<p>M\u016bs\u0173 iki \u0161iol ma\u017eiausia dron\u0173 serija, sverianti 249 gramus. Puikus \u012frankis fotografams ir nuotyki\u0173 ie\u0161kotojams lauke.<\/p>\n<p>1\/1,28 colio (0,8 colio) CMOS jutiklis, galintis fotografuoti 50 MP nuotraukas;<\/p>\n<p>RYYB spalv\u0173 filtr\u0173 matricos dizainas su didele f\/1.9 diafragma;<\/p>\n<p>PDAF + CDAF automatinio fokusavimo sistema;<\/p>\n<p>Pirmoji ir vienintel\u0117 tokio dyd\u017eio orlaivi\u0173 serija, si\u016blanti pa\u017eangi\u0105 kli\u016b\u010di\u0173 vengimo sistem\u0105.<\/p>\n<p><strong>Premium komplektacijoje yra daugiau baterij\u0173, kit\u0173 reikaling\u0173 aksesuar\u0173.<\/strong><\/p>\n","protected":false},"excerpt":{"rendered":"<p>Autel EVO Nano+ droon on seni Auteli v\u00e4ikseim drooniseeria, mis kaalub 249 grammi.<\/p>\n<ul>\n<li>1\/1.28\u2033 CMOS sensor<\/li>\n<li>50 MP Foto<\/li>\n<li>Takistuste v\u00e4ltimine<\/li>\n<li>4K HDR Video<\/li>\n<li>16x Digitaalne Zoom<\/li>\n<li>28 minutit lennuaega<\/li>\n<\/ul>\n","protected":false},"featured_media":6793,"template":"","meta":{"_gspb_post_css":""},"product_brand":[],"product_cat":[110,138,126],"product_tag":[],"class_list":{"0":"post-3234","1":"product","2":"type-product","3":"status-publish","4":"has-post-thumbnail","6":"product_cat-autel-evo-nano-lt","7":"product_cat-autel-evo-nano-ir-priedai","8":"product_cat-dronai","10":"first","11":"instock","12":"sale","13":"taxable","14":"shipping-taxable","15":"purchasable","16":"product-type-variable","17":"has-default-attributes"},"_links":{"self":[{"href":"https:\/\/auteldronesbaltic.com\/lt\/wp-json\/wp\/v2\/product\/3234","targetHints":{"allow":["GET"]}}],"collection":[{"href":"https:\/\/auteldronesbaltic.com\/lt\/wp-json\/wp\/v2\/product"}],"about":[{"href":"https:\/\/auteldronesbaltic.com\/lt\/wp-json\/wp\/v2\/types\/product"}],"wp:featuredmedia":[{"embeddable":true,"href":"https:\/\/auteldronesbaltic.com\/lt\/wp-json\/wp\/v2\/media\/6793"}],"wp:attachment":[{"href":"https:\/\/auteldronesbaltic.com\/lt\/wp-json\/wp\/v2\/media?parent=3234"}],"wp:term":[{"taxonomy":"product_brand","embeddable":true,"href":"https:\/\/auteldronesbaltic.com\/lt\/wp-json\/wp\/v2\/product_brand?post=3234"},{"taxonomy":"product_cat","embeddable":true,"href":"https:\/\/auteldronesbaltic.com\/lt\/wp-json\/wp\/v2\/product_cat?post=3234"},{"taxonomy":"product_tag","embeddable":true,"href":"https:\/\/auteldronesbaltic.com\/lt\/wp-json\/wp\/v2\/product_tag?post=3234"}],"curies":[{"name":"wp","href":"https:\/\/api.w.org\/{rel}","templated":true}]}}