{"id":3257,"date":"2022-04-28T12:38:03","date_gmt":"2022-04-28T09:38:03","guid":{"rendered":"https:\/\/auteldronesbaltic.com\/be-kategorijos\/autel-evo-ii-autolaadija\/"},"modified":"2025-04-21T14:44:34","modified_gmt":"2025-04-21T11:44:34","slug":"autel-evo-ii-automobilinis-ikroviklis","status":"publish","type":"product","link":"https:\/\/auteldronesbaltic.com\/lt\/autel-evo-ii-pro-ir-priedai\/autel-evo-ii-automobilinis-ikroviklis\/","title":{"rendered":"Autel EVO II automobilinis \u012fkroviklis"},"content":{"rendered":"<p><span style=\"font-weight: 400;\">EVO II automobilinis \u012fkroviklis naudojamas orlaivio akumuliatoriui \u012fkrauti per automobilio cigare\u010di\u0173 degiklio lizd\u0105. EVO II automobilinis \u012fkroviklis turi papildom\u0105 USB prievad\u0105, leid\u017eiant\u012f vienu metu \u012fkrauti nuotolinio valdymo pult\u0105. \u0160is \u012fkroviklis sukurtas su apsauga nuo \u017eemos \u012ftampos, tod\u0117l automobilis turi pakankamai \u012ftampos u\u017evedimui. Be to, \u012fkroviklio apsauga nuo perkaitimo automati\u0161kai sustabdys akumuliatoriaus \u012fkrovim\u0105, jei cigare\u010di\u0173 degiklio lizdo temperat\u016bra vir\u0161ys tam tikr\u0105 vert\u0119.<\/span><\/p>\n","protected":false},"excerpt":{"rendered":"<p>EVO II automobilinis \u012fkroviklis naudojamas orlaivio akumuliatoriui \u012fkrauti per automobilio cigare\u010di\u0173 degiklio lizd\u0105. EVO II automobilinis \u012fkroviklis turi papildom\u0105 USB prievad\u0105, leid\u017eiant\u012f vienu metu \u012fkrauti nuotolinio valdymo pult\u0105. \u0160is \u012fkroviklis sukurtas su apsauga nuo \u017eemos \u012ftampos, tod\u0117l automobilis turi pakankamai \u012ftampos u\u017evedimui. Be to, \u012fkroviklio apsauga nuo perkaitimo automati\u0161kai sustabdys akumuliatoriaus \u012fkrovim\u0105, jei cigare\u010di\u0173 degiklio [&hellip;]<\/p>\n","protected":false},"featured_media":2190,"template":"","meta":{"_gspb_post_css":""},"product_brand":[],"product_cat":[136,150],"product_tag":[],"class_list":{"0":"post-3257","1":"product","2":"type-product","3":"status-publish","4":"has-post-thumbnail","6":"product_cat-autel-evo-ii-pro-ir-priedai","7":"product_cat-priedai","9":"first","10":"instock","11":"taxable","12":"shipping-taxable","13":"purchasable","14":"product-type-simple"},"_links":{"self":[{"href":"https:\/\/auteldronesbaltic.com\/lt\/wp-json\/wp\/v2\/product\/3257","targetHints":{"allow":["GET"]}}],"collection":[{"href":"https:\/\/auteldronesbaltic.com\/lt\/wp-json\/wp\/v2\/product"}],"about":[{"href":"https:\/\/auteldronesbaltic.com\/lt\/wp-json\/wp\/v2\/types\/product"}],"wp:featuredmedia":[{"embeddable":true,"href":"https:\/\/auteldronesbaltic.com\/lt\/wp-json\/wp\/v2\/media\/2190"}],"wp:attachment":[{"href":"https:\/\/auteldronesbaltic.com\/lt\/wp-json\/wp\/v2\/media?parent=3257"}],"wp:term":[{"taxonomy":"product_brand","embeddable":true,"href":"https:\/\/auteldronesbaltic.com\/lt\/wp-json\/wp\/v2\/product_brand?post=3257"},{"taxonomy":"product_cat","embeddable":true,"href":"https:\/\/auteldronesbaltic.com\/lt\/wp-json\/wp\/v2\/product_cat?post=3257"},{"taxonomy":"product_tag","embeddable":true,"href":"https:\/\/auteldronesbaltic.com\/lt\/wp-json\/wp\/v2\/product_tag?post=3257"}],"curies":[{"name":"wp","href":"https:\/\/api.w.org\/{rel}","templated":true}]}}