{"id":3259,"date":"2022-04-28T12:34:05","date_gmt":"2022-04-28T09:34:05","guid":{"rendered":"https:\/\/auteldronesbaltic.com\/be-kategorijos\/autel-evo-ii-akumuliatoriaus-ikroviklis\/"},"modified":"2025-04-21T14:46:38","modified_gmt":"2025-04-21T11:46:38","slug":"autel-evo-ii-akumuliatoriaus-ikroviklis","status":"publish","type":"product","link":"https:\/\/auteldronesbaltic.com\/lt\/autel-evo-ii-pro-ir-priedai\/autel-evo-ii-akumuliatoriaus-ikroviklis\/","title":{"rendered":"Autel EVO II Akumuliatoriaus \u012fkroviklis"},"content":{"rendered":"<p><span style=\"font-weight: 400;\">Baterij\u0173 ir nuotolinio valdymo pulto \u012fkrovimas vienu metu; Keli i\u0161vesties s\u0105saja ir re\u017eimai 66 W i\u0161\u0117jimo galia, intelektualus QC<\/span><\/p>\n<p><span style=\"font-weight: 400;\">EVO II akumuliatoriaus \u012fkroviklyje yra \u012fkrovimo s\u0105saja ir USB-A s\u0105saja, palaikanti atitinkamai 13,2 V, 5 A ir QC 3.0 \u012fkrovimo i\u0161vest\u012f. Jis gali vienu metu \u012fkrauti baterijas ir nuotolinio valdymo pult\u0105 bei tarnauti kaip i\u0161orinis maitinimo \u0161altinis kitiems \u012frenginiams.<\/span><\/p>\n","protected":false},"excerpt":{"rendered":"<p>Baterij\u0173 ir nuotolinio valdymo pulto \u012fkrovimas vienu metu; Keli i\u0161vesties s\u0105saja ir re\u017eimai 66 W i\u0161\u0117jimo galia, intelektualus QC EVO II akumuliatoriaus \u012fkroviklyje yra \u012fkrovimo s\u0105saja ir USB-A s\u0105saja, palaikanti atitinkamai 13,2 V, 5 A ir QC 3.0 \u012fkrovimo i\u0161vest\u012f. Jis gali vienu metu \u012fkrauti baterijas ir nuotolinio valdymo pult\u0105 bei tarnauti kaip i\u0161orinis maitinimo [&hellip;]<\/p>\n","protected":false},"featured_media":2163,"template":"","meta":{"_gspb_post_css":""},"product_brand":[],"product_cat":[136,150],"product_tag":[],"class_list":{"0":"post-3259","1":"product","2":"type-product","3":"status-publish","4":"has-post-thumbnail","6":"product_cat-autel-evo-ii-pro-ir-priedai","7":"product_cat-priedai","9":"first","10":"instock","11":"taxable","12":"shipping-taxable","13":"purchasable","14":"product-type-simple"},"_links":{"self":[{"href":"https:\/\/auteldronesbaltic.com\/lt\/wp-json\/wp\/v2\/product\/3259","targetHints":{"allow":["GET"]}}],"collection":[{"href":"https:\/\/auteldronesbaltic.com\/lt\/wp-json\/wp\/v2\/product"}],"about":[{"href":"https:\/\/auteldronesbaltic.com\/lt\/wp-json\/wp\/v2\/types\/product"}],"wp:featuredmedia":[{"embeddable":true,"href":"https:\/\/auteldronesbaltic.com\/lt\/wp-json\/wp\/v2\/media\/2163"}],"wp:attachment":[{"href":"https:\/\/auteldronesbaltic.com\/lt\/wp-json\/wp\/v2\/media?parent=3259"}],"wp:term":[{"taxonomy":"product_brand","embeddable":true,"href":"https:\/\/auteldronesbaltic.com\/lt\/wp-json\/wp\/v2\/product_brand?post=3259"},{"taxonomy":"product_cat","embeddable":true,"href":"https:\/\/auteldronesbaltic.com\/lt\/wp-json\/wp\/v2\/product_cat?post=3259"},{"taxonomy":"product_tag","embeddable":true,"href":"https:\/\/auteldronesbaltic.com\/lt\/wp-json\/wp\/v2\/product_tag?post=3259"}],"curies":[{"name":"wp","href":"https:\/\/api.w.org\/{rel}","templated":true}]}}