{"id":3263,"date":"2022-04-28T12:30:14","date_gmt":"2022-04-28T09:30:14","guid":{"rendered":"https:\/\/auteldronesbaltic.com\/be-kategorijos\/autel-evo-ii-akumuliatoriaus-ikrovimo-stebule\/"},"modified":"2025-04-21T14:46:54","modified_gmt":"2025-04-21T11:46:54","slug":"autel-evo-ii-akumuliatoriaus-ikrovimo-stebule","status":"publish","type":"product","link":"https:\/\/auteldronesbaltic.com\/lt\/autel-evo-ii-pro-ir-priedai\/autel-evo-ii-akumuliatoriaus-ikrovimo-stebule\/","title":{"rendered":"Autel EVO II akumuliatoriaus \u012fkrovimo stebul\u0117"},"content":{"rendered":"<p><span style=\"font-weight: 400;\">\u201eEVO II Charging Hub\u201c pasi\u016bl\u0117 daugiau \u012fkrovimo prievad\u0173. Jis gali lengvai \u012fkrauti iki 4 EVO baterij\u0173 su standartiniu EVO II \u012fkrovikliu.<\/span><\/p>\n","protected":false},"excerpt":{"rendered":"<p>\u201eEVO II Charging Hub\u201c pasi\u016bl\u0117 daugiau \u012fkrovimo prievad\u0173. Jis gali lengvai \u012fkrauti iki 4 EVO baterij\u0173 su standartiniu EVO II \u012fkrovikliu.<\/p>\n","protected":false},"featured_media":2136,"template":"","meta":{"_gspb_post_css":""},"product_brand":[],"product_cat":[136,150],"product_tag":[],"class_list":{"0":"post-3263","1":"product","2":"type-product","3":"status-publish","4":"has-post-thumbnail","6":"product_cat-autel-evo-ii-pro-ir-priedai","7":"product_cat-priedai","9":"first","10":"instock","11":"sale","12":"taxable","13":"shipping-taxable","14":"purchasable","15":"product-type-simple"},"_links":{"self":[{"href":"https:\/\/auteldronesbaltic.com\/lt\/wp-json\/wp\/v2\/product\/3263","targetHints":{"allow":["GET"]}}],"collection":[{"href":"https:\/\/auteldronesbaltic.com\/lt\/wp-json\/wp\/v2\/product"}],"about":[{"href":"https:\/\/auteldronesbaltic.com\/lt\/wp-json\/wp\/v2\/types\/product"}],"wp:featuredmedia":[{"embeddable":true,"href":"https:\/\/auteldronesbaltic.com\/lt\/wp-json\/wp\/v2\/media\/2136"}],"wp:attachment":[{"href":"https:\/\/auteldronesbaltic.com\/lt\/wp-json\/wp\/v2\/media?parent=3263"}],"wp:term":[{"taxonomy":"product_brand","embeddable":true,"href":"https:\/\/auteldronesbaltic.com\/lt\/wp-json\/wp\/v2\/product_brand?post=3263"},{"taxonomy":"product_cat","embeddable":true,"href":"https:\/\/auteldronesbaltic.com\/lt\/wp-json\/wp\/v2\/product_cat?post=3263"},{"taxonomy":"product_tag","embeddable":true,"href":"https:\/\/auteldronesbaltic.com\/lt\/wp-json\/wp\/v2\/product_tag?post=3263"}],"curies":[{"name":"wp","href":"https:\/\/api.w.org\/{rel}","templated":true}]}}