{"id":3267,"date":"2022-04-28T12:25:50","date_gmt":"2022-04-28T09:25:50","guid":{"rendered":"https:\/\/auteldronesbaltic.com\/be-kategorijos\/autel-evo-ii-krepsys-ant-peciu\/"},"modified":"2025-10-03T15:50:21","modified_gmt":"2025-10-03T12:50:21","slug":"autel-evo-ii-krepsys-ant-peciu","status":"publish","type":"product","link":"https:\/\/auteldronesbaltic.com\/lt\/priedai\/autel-evo-ii-krepsys-ant-peciu\/","title":{"rendered":"Autel EVO II Krep\u0161ys ant pe\u010di\u0173"},"content":{"rendered":"<p><span style=\"font-weight: 400;\">EVO II pritaikyta pe\u010di\u0173 krep\u0161ys, kuriame yra pakankamai vietos l\u0117ktuvui, nuotolinio valdymo pultui, \u012fkrovikliui, atminties kortelei ir kitiems priedams, taip pat iki 5 i\u0161mani\u0173j\u0173 baterij\u0173.<\/span><\/p>\n","protected":false},"excerpt":{"rendered":"<p>EVO II pritaikyta pe\u010di\u0173 krep\u0161ys, kuriame yra pakankamai vietos l\u0117ktuvui, nuotolinio valdymo pultui, \u012fkrovikliui, atminties kortelei ir kitiems priedams, taip pat iki 5 i\u0161mani\u0173j\u0173 baterij\u0173.<\/p>\n","protected":false},"featured_media":2127,"template":"","meta":{"_gspb_post_css":""},"product_brand":[],"product_cat":[150],"product_tag":[],"class_list":{"0":"post-3267","1":"product","2":"type-product","3":"status-publish","4":"has-post-thumbnail","6":"product_cat-priedai","8":"first","9":"outofstock","10":"taxable","11":"shipping-taxable","12":"purchasable","13":"product-type-simple"},"_links":{"self":[{"href":"https:\/\/auteldronesbaltic.com\/lt\/wp-json\/wp\/v2\/product\/3267","targetHints":{"allow":["GET"]}}],"collection":[{"href":"https:\/\/auteldronesbaltic.com\/lt\/wp-json\/wp\/v2\/product"}],"about":[{"href":"https:\/\/auteldronesbaltic.com\/lt\/wp-json\/wp\/v2\/types\/product"}],"wp:featuredmedia":[{"embeddable":true,"href":"https:\/\/auteldronesbaltic.com\/lt\/wp-json\/wp\/v2\/media\/2127"}],"wp:attachment":[{"href":"https:\/\/auteldronesbaltic.com\/lt\/wp-json\/wp\/v2\/media?parent=3267"}],"wp:term":[{"taxonomy":"product_brand","embeddable":true,"href":"https:\/\/auteldronesbaltic.com\/lt\/wp-json\/wp\/v2\/product_brand?post=3267"},{"taxonomy":"product_cat","embeddable":true,"href":"https:\/\/auteldronesbaltic.com\/lt\/wp-json\/wp\/v2\/product_cat?post=3267"},{"taxonomy":"product_tag","embeddable":true,"href":"https:\/\/auteldronesbaltic.com\/lt\/wp-json\/wp\/v2\/product_tag?post=3267"}],"curies":[{"name":"wp","href":"https:\/\/api.w.org\/{rel}","templated":true}]}}