{"id":3272,"date":"2022-04-28T12:21:33","date_gmt":"2022-04-28T09:21:33","guid":{"rendered":"https:\/\/auteldronesbaltic.com\/be-kategorijos\/autel-evo-ii-nuotolinio-valdymo-pultelis-v2\/"},"modified":"2025-10-03T15:50:38","modified_gmt":"2025-10-03T12:50:38","slug":"autel-evo-ii-nuotolinio-valdymo-pultelis-v2","status":"publish","type":"product","link":"https:\/\/auteldronesbaltic.com\/lt\/autel-evo-ii-pro-ir-priedai\/autel-evo-ii-nuotolinio-valdymo-pultelis-v2\/","title":{"rendered":"Autel EVO II Nuotolinio valdymo pultelis V2"},"content":{"rendered":"<p><span style=\"font-weight: 400;\">EVO \u2161 nuotolinio valdymo pultelis palaiko perdavim\u0105 iki 9 km atstumu ir leid\u017eia priimti ir leisti vaizdo \u012fra\u0161us realiuoju laiku neprisijungus prie i\u0161maniojo telefono. Be vaizdo \u012fra\u0161\u0173 realiuoju laiku, standartinis 3,26 colio OLED ekranas informuoja apie svarbi\u0105 informacij\u0105, \u012fskaitant baterijos lyg\u012f, GPS signal\u0105 ir skryd\u017eio greit\u012f.<\/span><\/p>\n<p><span style=\"font-weight: 400;\">3,26 colio OLED vis\u0173 spalv\u0173 saul\u0117s \u0161viesoje skaitomas ekranas; 18W greitas \u012fkrovimas (iki 80% \u012fkraunama per 1,2 val.); Mikro USB \u012fkrovimo s\u0105saja palaiko standartin\u012f trump\u0105 USB laid\u0105, skirt\u0105 i\u0161maniajam telefonui prijungti; 5Ah \u012fmontuota baterija.<\/span><\/p>\n","protected":false},"excerpt":{"rendered":"<p>EVO \u2161 nuotolinio valdymo pultelis palaiko perdavim\u0105 iki 9 km atstumu ir leid\u017eia priimti ir leisti vaizdo \u012fra\u0161us realiuoju laiku neprisijungus prie i\u0161maniojo telefono. Be vaizdo \u012fra\u0161\u0173 realiuoju laiku, standartinis 3,26 colio OLED ekranas informuoja apie svarbi\u0105 informacij\u0105, \u012fskaitant baterijos lyg\u012f, GPS signal\u0105 ir skryd\u017eio greit\u012f. 3,26 colio OLED vis\u0173 spalv\u0173 saul\u0117s \u0161viesoje skaitomas ekranas; [&hellip;]<\/p>\n","protected":false},"featured_media":2100,"template":"","meta":{"_gspb_post_css":""},"product_brand":[],"product_cat":[136,150],"product_tag":[],"class_list":{"0":"post-3272","1":"product","2":"type-product","3":"status-publish","4":"has-post-thumbnail","6":"product_cat-autel-evo-ii-pro-ir-priedai","7":"product_cat-priedai","9":"first","10":"onbackorder","11":"taxable","12":"shipping-taxable","13":"purchasable","14":"product-type-simple"},"_links":{"self":[{"href":"https:\/\/auteldronesbaltic.com\/lt\/wp-json\/wp\/v2\/product\/3272","targetHints":{"allow":["GET"]}}],"collection":[{"href":"https:\/\/auteldronesbaltic.com\/lt\/wp-json\/wp\/v2\/product"}],"about":[{"href":"https:\/\/auteldronesbaltic.com\/lt\/wp-json\/wp\/v2\/types\/product"}],"wp:featuredmedia":[{"embeddable":true,"href":"https:\/\/auteldronesbaltic.com\/lt\/wp-json\/wp\/v2\/media\/2100"}],"wp:attachment":[{"href":"https:\/\/auteldronesbaltic.com\/lt\/wp-json\/wp\/v2\/media?parent=3272"}],"wp:term":[{"taxonomy":"product_brand","embeddable":true,"href":"https:\/\/auteldronesbaltic.com\/lt\/wp-json\/wp\/v2\/product_brand?post=3272"},{"taxonomy":"product_cat","embeddable":true,"href":"https:\/\/auteldronesbaltic.com\/lt\/wp-json\/wp\/v2\/product_cat?post=3272"},{"taxonomy":"product_tag","embeddable":true,"href":"https:\/\/auteldronesbaltic.com\/lt\/wp-json\/wp\/v2\/product_tag?post=3272"}],"curies":[{"name":"wp","href":"https:\/\/api.w.org\/{rel}","templated":true}]}}