{"id":3275,"date":"2022-04-28T12:16:12","date_gmt":"2022-04-28T09:16:12","guid":{"rendered":"https:\/\/auteldronesbaltic.com\/be-kategorijos\/autel-evo-ii-propelerio-apsaugos\/"},"modified":"2024-10-16T10:55:34","modified_gmt":"2024-10-16T07:55:34","slug":"autel-evo-ii-propelerio-apsaugos","status":"publish","type":"product","link":"https:\/\/auteldronesbaltic.com\/lt\/autel-evo-ii-pro-ir-priedai\/autel-evo-ii-propelerio-apsaugos\/","title":{"rendered":"Autel EVO II Propelerio apsaugos"},"content":{"rendered":"<p><span style=\"font-weight: 400;\">Autel EVO II propelerio apsaugos yra lengvos, lengvai montuojamos ir nuimamos. Apsaugo sraigtus ir dron\u0105 nuo dideli\u0173 pa\u017eeidim\u0173 susid\u016brimo atveju.<\/span><\/p>\n","protected":false},"excerpt":{"rendered":"<p>Autel EVO II propelerio apsaugos yra lengvos, lengvai montuojamos ir nuimamos. Apsaugo sraigtus ir dron\u0105 nuo dideli\u0173 pa\u017eeidim\u0173 susid\u016brimo atveju.<\/p>\n","protected":false},"featured_media":2086,"template":"","meta":{"_gspb_post_css":""},"product_brand":[],"product_cat":[136,150],"product_tag":[],"class_list":{"0":"post-3275","1":"product","2":"type-product","3":"status-publish","4":"has-post-thumbnail","6":"product_cat-autel-evo-ii-pro-ir-priedai","7":"product_cat-priedai","9":"first","10":"instock","11":"taxable","12":"shipping-taxable","13":"purchasable","14":"product-type-simple"},"_links":{"self":[{"href":"https:\/\/auteldronesbaltic.com\/lt\/wp-json\/wp\/v2\/product\/3275","targetHints":{"allow":["GET"]}}],"collection":[{"href":"https:\/\/auteldronesbaltic.com\/lt\/wp-json\/wp\/v2\/product"}],"about":[{"href":"https:\/\/auteldronesbaltic.com\/lt\/wp-json\/wp\/v2\/types\/product"}],"wp:featuredmedia":[{"embeddable":true,"href":"https:\/\/auteldronesbaltic.com\/lt\/wp-json\/wp\/v2\/media\/2086"}],"wp:attachment":[{"href":"https:\/\/auteldronesbaltic.com\/lt\/wp-json\/wp\/v2\/media?parent=3275"}],"wp:term":[{"taxonomy":"product_brand","embeddable":true,"href":"https:\/\/auteldronesbaltic.com\/lt\/wp-json\/wp\/v2\/product_brand?post=3275"},{"taxonomy":"product_cat","embeddable":true,"href":"https:\/\/auteldronesbaltic.com\/lt\/wp-json\/wp\/v2\/product_cat?post=3275"},{"taxonomy":"product_tag","embeddable":true,"href":"https:\/\/auteldronesbaltic.com\/lt\/wp-json\/wp\/v2\/product_tag?post=3275"}],"curies":[{"name":"wp","href":"https:\/\/api.w.org\/{rel}","templated":true}]}}