{"id":3279,"date":"2022-04-28T12:10:25","date_gmt":"2022-04-28T09:10:25","guid":{"rendered":"https:\/\/auteldronesbaltic.com\/be-kategorijos\/autel-evo-ii-propeleriai\/"},"modified":"2024-10-16T10:58:19","modified_gmt":"2024-10-16T07:58:19","slug":"autel-evo-ii-propeleriai","status":"publish","type":"product","link":"https:\/\/auteldronesbaltic.com\/lt\/autel-evo-ii-pro-ir-priedai\/autel-evo-ii-propeleriai\/","title":{"rendered":"Autel EVO II Propeleriai"},"content":{"rendered":"<p>EVO II sraigtai yra pagaminti i\u0161 nailono ir stiklo pluo\u0161to, u\u017etikrinan\u010dio tiek intensyvum\u0105, tiek tvirtum\u0105. Jis stabilizuoja skryd\u012f ir apsaugo naudotojo saugum\u0105 ekstremaliais oro sraigto susid\u016brimo atvejais, kai sraigtai sugenda, bet nesudu\u017es \u012f i\u0161sibars\u010diusias dalis. Gluosnio formos sraigtai yra nuolat optimizuojami, kad b\u016bt\u0173 u\u017etikrintas kuo ma\u017eesnis pasiprie\u0161inimas, did\u017eiausias efektyvumas ir ma\u017eiausias triuk\u0161mas. D\u0117l sulankstomo dizaino ir nepriekai\u0161tingo montavimo jie yra labai patog\u016bs naudoti.<\/p>\n<p>\u201eAutel Robotics\u201c perk\u016br\u0117 EVO II serijos orlaivi\u0173 sraigtus. \u0160i atnaujinta versija skiriasi nuo originalaus propelerio dizaino. Abi sraigto versijos negali b\u016bti mai\u0161omos kartu orlaivyje, nes tai sukels nestabil\u0173 skryd\u012f. Visi oro sraigtai turi b\u016bti tos pa\u010dios versijos, kad neb\u016bt\u0173 sugadintas orlaivis.<\/p>\n","protected":false},"excerpt":{"rendered":"<p>EVO II sraigtai yra pagaminti i\u0161 nailono ir stiklo pluo\u0161to, u\u017etikrinan\u010dio tiek intensyvum\u0105, tiek tvirtum\u0105. Jis stabilizuoja skryd\u012f ir apsaugo naudotojo saugum\u0105 ekstremaliais oro sraigto susid\u016brimo atvejais, kai sraigtai sugenda, bet nesudu\u017es \u012f i\u0161sibars\u010diusias dalis. Gluosnio formos sraigtai yra nuolat optimizuojami, kad b\u016bt\u0173 u\u017etikrintas kuo ma\u017eesnis pasiprie\u0161inimas, did\u017eiausias efektyvumas ir ma\u017eiausias triuk\u0161mas. D\u0117l sulankstomo dizaino [&hellip;]<\/p>\n","protected":false},"featured_media":2035,"template":"","meta":{"_gspb_post_css":""},"product_brand":[],"product_cat":[136,150],"product_tag":[],"class_list":{"0":"post-3279","1":"product","2":"type-product","3":"status-publish","4":"has-post-thumbnail","6":"product_cat-autel-evo-ii-pro-ir-priedai","7":"product_cat-priedai","9":"first","10":"instock","11":"taxable","12":"shipping-taxable","13":"purchasable","14":"product-type-simple"},"_links":{"self":[{"href":"https:\/\/auteldronesbaltic.com\/lt\/wp-json\/wp\/v2\/product\/3279","targetHints":{"allow":["GET"]}}],"collection":[{"href":"https:\/\/auteldronesbaltic.com\/lt\/wp-json\/wp\/v2\/product"}],"about":[{"href":"https:\/\/auteldronesbaltic.com\/lt\/wp-json\/wp\/v2\/types\/product"}],"wp:featuredmedia":[{"embeddable":true,"href":"https:\/\/auteldronesbaltic.com\/lt\/wp-json\/wp\/v2\/media\/2035"}],"wp:attachment":[{"href":"https:\/\/auteldronesbaltic.com\/lt\/wp-json\/wp\/v2\/media?parent=3279"}],"wp:term":[{"taxonomy":"product_brand","embeddable":true,"href":"https:\/\/auteldronesbaltic.com\/lt\/wp-json\/wp\/v2\/product_brand?post=3279"},{"taxonomy":"product_cat","embeddable":true,"href":"https:\/\/auteldronesbaltic.com\/lt\/wp-json\/wp\/v2\/product_cat?post=3279"},{"taxonomy":"product_tag","embeddable":true,"href":"https:\/\/auteldronesbaltic.com\/lt\/wp-json\/wp\/v2\/product_tag?post=3279"}],"curies":[{"name":"wp","href":"https:\/\/api.w.org\/{rel}","templated":true}]}}