{"id":3284,"date":"2022-04-28T12:03:07","date_gmt":"2022-04-28T09:03:07","guid":{"rendered":"https:\/\/auteldronesbaltic.com\/be-kategorijos\/autel-evo-ii-pro-gimbal-kamera\/"},"modified":"2025-10-03T15:44:52","modified_gmt":"2025-10-03T12:44:52","slug":"autel-evo-ii-pro-gimbal-kamera","status":"publish","type":"product","link":"https:\/\/auteldronesbaltic.com\/lt\/autel-evo-ii-pro-ir-priedai\/autel-evo-ii-pro-gimbal-kamera\/","title":{"rendered":"Autel EVO II Pro gimbal kamera"},"content":{"rendered":"<p><span style=\"font-weight: 400;\">EVO II Pro Gimbal kamera su 1 colio jutikliu gali fotografuoti iki 20 MP (5472 \u00d7 3648) rai\u0161ka ir \u012fra\u0161yti 5,5K vaizdo \u012fra\u0161\u0105 30 kadr\u0173 per sekund\u0119 grei\u010diu arba 2,7K vaizdo \u012fra\u0161\u0105 120 kadr\u0173 per sekund\u0119 grei\u010diu, o duomen\u0173 perdavimo sparta iki 120 Mbps. Diafragm\u0105 galima reguliuoti nuo f\/2.8 iki f\/11. 1 colio jutiklis, auk\u0161\u010diausios kokyb\u0117s vaizdo kokyb\u0117 f\/2.8-f\/11 reguliuojama diafragma, 10 bit\u0173 A-log spalv\u0173 ra\u0161tas, sukuriantis begalines tolesnio apdorojimo galimybes 4K HDR kadras Super naktinis kadras, ma\u017eiau triuk\u0161mo Fotografavimas laiko intervalu 6K SOOC<\/span><\/p>\n","protected":false},"excerpt":{"rendered":"<p>EVO II Pro Gimbal kamera su 1 colio jutikliu gali fotografuoti iki 20 MP (5472 \u00d7 3648) rai\u0161ka ir \u012fra\u0161yti 5,5K vaizdo \u012fra\u0161\u0105 30 kadr\u0173 per sekund\u0119 grei\u010diu arba 2,7K vaizdo \u012fra\u0161\u0105 120 kadr\u0173 per sekund\u0119 grei\u010diu, o duomen\u0173 perdavimo sparta iki 120 Mbps. Diafragm\u0105 galima reguliuoti nuo f\/2.8 iki f\/11. 1 colio jutiklis, auk\u0161\u010diausios [&hellip;]<\/p>\n","protected":false},"featured_media":2015,"template":"","meta":{"_gspb_post_css":""},"product_brand":[],"product_cat":[136,150],"product_tag":[],"class_list":{"0":"post-3284","1":"product","2":"type-product","3":"status-publish","4":"has-post-thumbnail","6":"product_cat-autel-evo-ii-pro-ir-priedai","7":"product_cat-priedai","9":"first","10":"outofstock","11":"taxable","12":"shipping-taxable","13":"purchasable","14":"product-type-simple"},"_links":{"self":[{"href":"https:\/\/auteldronesbaltic.com\/lt\/wp-json\/wp\/v2\/product\/3284","targetHints":{"allow":["GET"]}}],"collection":[{"href":"https:\/\/auteldronesbaltic.com\/lt\/wp-json\/wp\/v2\/product"}],"about":[{"href":"https:\/\/auteldronesbaltic.com\/lt\/wp-json\/wp\/v2\/types\/product"}],"wp:featuredmedia":[{"embeddable":true,"href":"https:\/\/auteldronesbaltic.com\/lt\/wp-json\/wp\/v2\/media\/2015"}],"wp:attachment":[{"href":"https:\/\/auteldronesbaltic.com\/lt\/wp-json\/wp\/v2\/media?parent=3284"}],"wp:term":[{"taxonomy":"product_brand","embeddable":true,"href":"https:\/\/auteldronesbaltic.com\/lt\/wp-json\/wp\/v2\/product_brand?post=3284"},{"taxonomy":"product_cat","embeddable":true,"href":"https:\/\/auteldronesbaltic.com\/lt\/wp-json\/wp\/v2\/product_cat?post=3284"},{"taxonomy":"product_tag","embeddable":true,"href":"https:\/\/auteldronesbaltic.com\/lt\/wp-json\/wp\/v2\/product_tag?post=3284"}],"curies":[{"name":"wp","href":"https:\/\/api.w.org\/{rel}","templated":true}]}}