{"id":3295,"date":"2022-04-28T11:31:06","date_gmt":"2022-04-28T08:31:06","guid":{"rendered":"https:\/\/auteldronesbaltic.com\/be-kategorijos\/autel-evo-ii-pro-nd-filtrai\/"},"modified":"2025-04-21T14:45:36","modified_gmt":"2025-04-21T11:45:36","slug":"autel-evo-ii-pro-nd-filtrai","status":"publish","type":"product","link":"https:\/\/auteldronesbaltic.com\/lt\/autel-evo-ii-pro-ir-priedai\/autel-evo-ii-pro-nd-filtrai\/","title":{"rendered":"Autel EVO II Pro ND filtrai"},"content":{"rendered":"<p><span style=\"font-weight: 400;\">Pakelkite savo fotografavimo \u012fg\u016bd\u017eius \u012f kit\u0105 lyg\u012f su \u0161iais 4 neutralaus tankio (ND) filtr\u0173 paketais. Sukurti ir optimizuoti naudoti su EVO II Pro, \u0161ie ND filtrai padeda suma\u017einti \u0161viesos patekim\u0105 \u012f fotoaparato objektyv\u0105, tod\u0117l galima daugiau reguliuoti ir valdyti vaizd\u0173 ekspozicij\u0105.<\/span><\/p>\n<p><span style=\"font-weight: 400;\">\u00a0<\/span><\/p>\n<p><span style=\"font-weight: 400;\">\u012e \u0161\u012f EVO II Pro ND filtr\u0173 rinkin\u012f \u012feina:<\/span><\/p>\n<p><span style=\"font-weight: 400;\">\u00a0<\/span><\/p>\n<p><span style=\"font-weight: 400;\">ND4 (2 sustojimai)<\/span><\/p>\n<p><span style=\"font-weight: 400;\">ND8 (3 sustojimai)<\/span><\/p>\n<p><span style=\"font-weight: 400;\">ND16 (4 sustojimai)<\/span><\/p>\n<p><span style=\"font-weight: 400;\">ND32 (5 sustojimai)<\/span><\/p>\n<p><span style=\"font-weight: 400;\">Apsauginis d\u0117klas<\/span><\/p>\n","protected":false},"excerpt":{"rendered":"<p>Pakelkite savo fotografavimo \u012fg\u016bd\u017eius \u012f kit\u0105 lyg\u012f su \u0161iais 4 neutralaus tankio (ND) filtr\u0173 paketais. Sukurti ir optimizuoti naudoti su EVO II Pro, \u0161ie ND filtrai padeda suma\u017einti \u0161viesos patekim\u0105 \u012f fotoaparato objektyv\u0105, tod\u0117l galima daugiau reguliuoti ir valdyti vaizd\u0173 ekspozicij\u0105. \u00a0 \u012e \u0161\u012f EVO II Pro ND filtr\u0173 rinkin\u012f \u012feina: \u00a0 ND4 (2 sustojimai) [&hellip;]<\/p>\n","protected":false},"featured_media":1884,"template":"","meta":{"_gspb_post_css":""},"product_brand":[],"product_cat":[136,150],"product_tag":[],"class_list":{"0":"post-3295","1":"product","2":"type-product","3":"status-publish","4":"has-post-thumbnail","6":"product_cat-autel-evo-ii-pro-ir-priedai","7":"product_cat-priedai","9":"first","10":"instock","11":"sale","12":"taxable","13":"shipping-taxable","14":"purchasable","15":"product-type-simple"},"_links":{"self":[{"href":"https:\/\/auteldronesbaltic.com\/lt\/wp-json\/wp\/v2\/product\/3295","targetHints":{"allow":["GET"]}}],"collection":[{"href":"https:\/\/auteldronesbaltic.com\/lt\/wp-json\/wp\/v2\/product"}],"about":[{"href":"https:\/\/auteldronesbaltic.com\/lt\/wp-json\/wp\/v2\/types\/product"}],"wp:featuredmedia":[{"embeddable":true,"href":"https:\/\/auteldronesbaltic.com\/lt\/wp-json\/wp\/v2\/media\/1884"}],"wp:attachment":[{"href":"https:\/\/auteldronesbaltic.com\/lt\/wp-json\/wp\/v2\/media?parent=3295"}],"wp:term":[{"taxonomy":"product_brand","embeddable":true,"href":"https:\/\/auteldronesbaltic.com\/lt\/wp-json\/wp\/v2\/product_brand?post=3295"},{"taxonomy":"product_cat","embeddable":true,"href":"https:\/\/auteldronesbaltic.com\/lt\/wp-json\/wp\/v2\/product_cat?post=3295"},{"taxonomy":"product_tag","embeddable":true,"href":"https:\/\/auteldronesbaltic.com\/lt\/wp-json\/wp\/v2\/product_tag?post=3295"}],"curies":[{"name":"wp","href":"https:\/\/api.w.org\/{rel}","templated":true}]}}