{"id":3315,"date":"2022-04-27T20:44:16","date_gmt":"2022-04-27T17:44:16","guid":{"rendered":"https:\/\/auteldronesbaltic.com\/be-kategorijos\/autel-evo-nano-krepsys-ant-peciu\/"},"modified":"2025-10-03T15:51:59","modified_gmt":"2025-10-03T12:51:59","slug":"autel-evo-nano-krepsys-ant-peciu","status":"publish","type":"product","link":"https:\/\/auteldronesbaltic.com\/lt\/autel-evo-nano-ir-priedai\/autel-evo-nano-krepsys-ant-peciu\/","title":{"rendered":"Autel EVO Nano Krep\u0161ys ant pe\u010di\u0173"},"content":{"rendered":"<p><span style=\"font-weight: 400;\">Kompakti\u0161kas EVO Nano serijos krep\u0161ys, kuriame telpa dronas, atsargin\u0117s baterijos, priedai ir \u012fkrovimo \u012franga.<\/span><\/p>\n","protected":false},"excerpt":{"rendered":"<p>Kompakti\u0161kas EVO Nano serijos krep\u0161ys, kuriame telpa dronas, atsargin\u0117s baterijos, priedai ir \u012fkrovimo \u012franga.<\/p>\n","protected":false},"featured_media":1820,"template":"","meta":{"_gspb_post_css":""},"product_brand":[],"product_cat":[138,150],"product_tag":[],"class_list":{"0":"post-3315","1":"product","2":"type-product","3":"status-publish","4":"has-post-thumbnail","6":"product_cat-autel-evo-nano-ir-priedai","7":"product_cat-priedai","9":"first","10":"onbackorder","11":"taxable","12":"shipping-taxable","13":"purchasable","14":"product-type-simple"},"_links":{"self":[{"href":"https:\/\/auteldronesbaltic.com\/lt\/wp-json\/wp\/v2\/product\/3315","targetHints":{"allow":["GET"]}}],"collection":[{"href":"https:\/\/auteldronesbaltic.com\/lt\/wp-json\/wp\/v2\/product"}],"about":[{"href":"https:\/\/auteldronesbaltic.com\/lt\/wp-json\/wp\/v2\/types\/product"}],"wp:featuredmedia":[{"embeddable":true,"href":"https:\/\/auteldronesbaltic.com\/lt\/wp-json\/wp\/v2\/media\/1820"}],"wp:attachment":[{"href":"https:\/\/auteldronesbaltic.com\/lt\/wp-json\/wp\/v2\/media?parent=3315"}],"wp:term":[{"taxonomy":"product_brand","embeddable":true,"href":"https:\/\/auteldronesbaltic.com\/lt\/wp-json\/wp\/v2\/product_brand?post=3315"},{"taxonomy":"product_cat","embeddable":true,"href":"https:\/\/auteldronesbaltic.com\/lt\/wp-json\/wp\/v2\/product_cat?post=3315"},{"taxonomy":"product_tag","embeddable":true,"href":"https:\/\/auteldronesbaltic.com\/lt\/wp-json\/wp\/v2\/product_tag?post=3315"}],"curies":[{"name":"wp","href":"https:\/\/api.w.org\/{rel}","templated":true}]}}