{"id":3319,"date":"2022-04-27T20:36:32","date_gmt":"2022-04-27T17:36:32","guid":{"rendered":"https:\/\/auteldronesbaltic.com\/be-kategorijos\/autel-evo-nano-propeleriai\/"},"modified":"2024-10-16T11:06:33","modified_gmt":"2024-10-16T08:06:33","slug":"autel-evo-nano-propeleriai","status":"publish","type":"product","link":"https:\/\/auteldronesbaltic.com\/lt\/autel-evo-nano-ir-priedai\/autel-evo-nano-propeleriai\/","title":{"rendered":"Autel EVO Nano propeleriai"},"content":{"rendered":"<p><span style=\"font-weight: 400;\">EVO Nano sraigtai yra pagaminti i\u0161 atsparaus d\u016b\u017etymui nailono ir stiklo pluo\u0161to, yra suformuoti taip, kad b\u016bt\u0173 optimal\u016bs aerodinaminiai rodikliai ir minimalus triuk\u0161mas, ir yra sulankstomi, kad b\u016bt\u0173 padidintas saugumas ir ne\u0161iojamumas.<\/span><\/p>\n","protected":false},"excerpt":{"rendered":"<p>EVO Nano sraigtai yra pagaminti i\u0161 atsparaus d\u016b\u017etymui nailono ir stiklo pluo\u0161to, yra suformuoti taip, kad b\u016bt\u0173 optimal\u016bs aerodinaminiai rodikliai ir minimalus triuk\u0161mas, ir yra sulankstomi, kad b\u016bt\u0173 padidintas saugumas ir ne\u0161iojamumas.<\/p>\n","protected":false},"featured_media":1771,"template":"","meta":{"_gspb_post_css":""},"product_brand":[],"product_cat":[138,150],"product_tag":[],"class_list":{"0":"post-3319","1":"product","2":"type-product","3":"status-publish","4":"has-post-thumbnail","6":"product_cat-autel-evo-nano-ir-priedai","7":"product_cat-priedai","9":"first","10":"instock","11":"taxable","12":"shipping-taxable","13":"purchasable","14":"product-type-simple"},"_links":{"self":[{"href":"https:\/\/auteldronesbaltic.com\/lt\/wp-json\/wp\/v2\/product\/3319","targetHints":{"allow":["GET"]}}],"collection":[{"href":"https:\/\/auteldronesbaltic.com\/lt\/wp-json\/wp\/v2\/product"}],"about":[{"href":"https:\/\/auteldronesbaltic.com\/lt\/wp-json\/wp\/v2\/types\/product"}],"wp:featuredmedia":[{"embeddable":true,"href":"https:\/\/auteldronesbaltic.com\/lt\/wp-json\/wp\/v2\/media\/1771"}],"wp:attachment":[{"href":"https:\/\/auteldronesbaltic.com\/lt\/wp-json\/wp\/v2\/media?parent=3319"}],"wp:term":[{"taxonomy":"product_brand","embeddable":true,"href":"https:\/\/auteldronesbaltic.com\/lt\/wp-json\/wp\/v2\/product_brand?post=3319"},{"taxonomy":"product_cat","embeddable":true,"href":"https:\/\/auteldronesbaltic.com\/lt\/wp-json\/wp\/v2\/product_cat?post=3319"},{"taxonomy":"product_tag","embeddable":true,"href":"https:\/\/auteldronesbaltic.com\/lt\/wp-json\/wp\/v2\/product_tag?post=3319"}],"curies":[{"name":"wp","href":"https:\/\/api.w.org\/{rel}","templated":true}]}}