{"id":3324,"date":"2022-04-27T20:33:49","date_gmt":"2022-04-27T17:33:49","guid":{"rendered":"https:\/\/auteldronesbaltic.com\/be-kategorijos\/autel-evo-nano-propelerio-laikiklis\/"},"modified":"2024-10-16T11:07:54","modified_gmt":"2024-10-16T08:07:54","slug":"autel-evo-nano-propelerio-laikiklis","status":"publish","type":"product","link":"https:\/\/auteldronesbaltic.com\/lt\/autel-evo-nano-ir-priedai\/autel-evo-nano-propelerio-laikiklis\/","title":{"rendered":"Autel EVO Nano Propelerio laikiklis"},"content":{"rendered":"<p><span style=\"font-weight: 400;\">\u0160is dir\u017eelis apgaubia \u201eNano\u201c kaip dir\u017eas, kad prilaikyt\u0173 drono sraigtus prie r\u0117mo, kad jie b\u016bt\u0173 saug\u016bs transportuojant.<\/span><\/p>\n","protected":false},"excerpt":{"rendered":"<p>\u0160is dir\u017eelis apgaubia \u201eNano\u201c kaip dir\u017eas, kad prilaikyt\u0173 drono sraigtus prie r\u0117mo, kad jie b\u016bt\u0173 saug\u016bs transportuojant.<\/p>\n","protected":false},"featured_media":1731,"template":"","meta":{"_gspb_post_css":""},"product_brand":[],"product_cat":[138,150],"product_tag":[],"class_list":{"0":"post-3324","1":"product","2":"type-product","3":"status-publish","4":"has-post-thumbnail","6":"product_cat-autel-evo-nano-ir-priedai","7":"product_cat-priedai","9":"first","10":"instock","11":"taxable","12":"shipping-taxable","13":"purchasable","14":"product-type-simple"},"_links":{"self":[{"href":"https:\/\/auteldronesbaltic.com\/lt\/wp-json\/wp\/v2\/product\/3324","targetHints":{"allow":["GET"]}}],"collection":[{"href":"https:\/\/auteldronesbaltic.com\/lt\/wp-json\/wp\/v2\/product"}],"about":[{"href":"https:\/\/auteldronesbaltic.com\/lt\/wp-json\/wp\/v2\/types\/product"}],"wp:featuredmedia":[{"embeddable":true,"href":"https:\/\/auteldronesbaltic.com\/lt\/wp-json\/wp\/v2\/media\/1731"}],"wp:attachment":[{"href":"https:\/\/auteldronesbaltic.com\/lt\/wp-json\/wp\/v2\/media?parent=3324"}],"wp:term":[{"taxonomy":"product_brand","embeddable":true,"href":"https:\/\/auteldronesbaltic.com\/lt\/wp-json\/wp\/v2\/product_brand?post=3324"},{"taxonomy":"product_cat","embeddable":true,"href":"https:\/\/auteldronesbaltic.com\/lt\/wp-json\/wp\/v2\/product_cat?post=3324"},{"taxonomy":"product_tag","embeddable":true,"href":"https:\/\/auteldronesbaltic.com\/lt\/wp-json\/wp\/v2\/product_tag?post=3324"}],"curies":[{"name":"wp","href":"https:\/\/api.w.org\/{rel}","templated":true}]}}