{"id":3332,"date":"2022-04-27T20:24:19","date_gmt":"2022-04-27T17:24:19","guid":{"rendered":"https:\/\/auteldronesbaltic.com\/be-kategorijos\/autel-evo-lite-gimbalo-dangtelis\/"},"modified":"2024-10-16T11:05:15","modified_gmt":"2024-10-16T08:05:15","slug":"autel-evo-lite-gimbalo-dangtelis","status":"publish","type":"product","link":"https:\/\/auteldronesbaltic.com\/lt\/autel-evo-lite-ir-priedai\/autel-evo-lite-gimbalo-dangtelis\/","title":{"rendered":"Autel EVO Lite+ Gimbalo dangtelis"},"content":{"rendered":"<p><span style=\"font-weight: 400;\">\u0160is skaidraus plastiko laikiklis apsaugos j\u016bs\u0173 gimbal\u0105 ir \u201eLite+\u201c fotoaparato objektyv\u0105 transportavimo metu.<\/span><\/p>\n","protected":false},"excerpt":{"rendered":"<p>\u0160is skaidraus plastiko laikiklis apsaugos j\u016bs\u0173 gimbal\u0105 ir \u201eLite+\u201c fotoaparato objektyv\u0105 transportavimo metu.<\/p>\n","protected":false},"featured_media":1638,"template":"","meta":{"_gspb_post_css":""},"product_brand":[],"product_cat":[137,150],"product_tag":[],"class_list":{"0":"post-3332","1":"product","2":"type-product","3":"status-publish","4":"has-post-thumbnail","6":"product_cat-autel-evo-lite-ir-priedai","7":"product_cat-priedai","9":"first","10":"instock","11":"taxable","12":"shipping-taxable","13":"purchasable","14":"product-type-simple"},"_links":{"self":[{"href":"https:\/\/auteldronesbaltic.com\/lt\/wp-json\/wp\/v2\/product\/3332","targetHints":{"allow":["GET"]}}],"collection":[{"href":"https:\/\/auteldronesbaltic.com\/lt\/wp-json\/wp\/v2\/product"}],"about":[{"href":"https:\/\/auteldronesbaltic.com\/lt\/wp-json\/wp\/v2\/types\/product"}],"wp:featuredmedia":[{"embeddable":true,"href":"https:\/\/auteldronesbaltic.com\/lt\/wp-json\/wp\/v2\/media\/1638"}],"wp:attachment":[{"href":"https:\/\/auteldronesbaltic.com\/lt\/wp-json\/wp\/v2\/media?parent=3332"}],"wp:term":[{"taxonomy":"product_brand","embeddable":true,"href":"https:\/\/auteldronesbaltic.com\/lt\/wp-json\/wp\/v2\/product_brand?post=3332"},{"taxonomy":"product_cat","embeddable":true,"href":"https:\/\/auteldronesbaltic.com\/lt\/wp-json\/wp\/v2\/product_cat?post=3332"},{"taxonomy":"product_tag","embeddable":true,"href":"https:\/\/auteldronesbaltic.com\/lt\/wp-json\/wp\/v2\/product_tag?post=3332"}],"curies":[{"name":"wp","href":"https:\/\/api.w.org\/{rel}","templated":true}]}}