{"id":3335,"date":"2022-04-27T20:20:46","date_gmt":"2022-04-27T17:20:46","guid":{"rendered":"https:\/\/auteldronesbaltic.com\/be-kategorijos\/autel-evo-lite-telefono-laikiklis\/"},"modified":"2025-10-03T15:52:53","modified_gmt":"2025-10-03T12:52:53","slug":"autel-evo-lite-telefono-laikiklis","status":"publish","type":"product","link":"https:\/\/auteldronesbaltic.com\/lt\/autel-evo-lite-ir-priedai\/autel-evo-lite-telefono-laikiklis\/","title":{"rendered":"Autel EVO Lite telefono laikiklis"},"content":{"rendered":"<p><span style=\"font-weight: 400;\">\u0160is paprastas, tvirtas stovas tvirtai laikys j\u016bs\u0173 i\u0161man\u0173j\u012f telefon\u0105, tod\u0117l gal\u0117site lengvai perjungti kra\u0161tovaizd\u017eio ir portreto fotografavim\u0105. Jis suderinamas su dauguma mobili\u0173j\u0173 \u012frengini\u0173 rinkoje.<\/span><\/p>\n","protected":false},"excerpt":{"rendered":"<p>\u0160is paprastas, tvirtas stovas tvirtai laikys j\u016bs\u0173 i\u0161man\u0173j\u012f telefon\u0105, tod\u0117l gal\u0117site lengvai perjungti kra\u0161tovaizd\u017eio ir portreto fotografavim\u0105. Jis suderinamas su dauguma mobili\u0173j\u0173 \u012frengini\u0173 rinkoje.<\/p>\n","protected":false},"featured_media":1601,"template":"","meta":{"_gspb_post_css":""},"product_brand":[],"product_cat":[137,150],"product_tag":[],"class_list":{"0":"post-3335","1":"product","2":"type-product","3":"status-publish","4":"has-post-thumbnail","6":"product_cat-autel-evo-lite-ir-priedai","7":"product_cat-priedai","9":"first","10":"onbackorder","11":"taxable","12":"shipping-taxable","13":"purchasable","14":"product-type-simple"},"_links":{"self":[{"href":"https:\/\/auteldronesbaltic.com\/lt\/wp-json\/wp\/v2\/product\/3335","targetHints":{"allow":["GET"]}}],"collection":[{"href":"https:\/\/auteldronesbaltic.com\/lt\/wp-json\/wp\/v2\/product"}],"about":[{"href":"https:\/\/auteldronesbaltic.com\/lt\/wp-json\/wp\/v2\/types\/product"}],"wp:featuredmedia":[{"embeddable":true,"href":"https:\/\/auteldronesbaltic.com\/lt\/wp-json\/wp\/v2\/media\/1601"}],"wp:attachment":[{"href":"https:\/\/auteldronesbaltic.com\/lt\/wp-json\/wp\/v2\/media?parent=3335"}],"wp:term":[{"taxonomy":"product_brand","embeddable":true,"href":"https:\/\/auteldronesbaltic.com\/lt\/wp-json\/wp\/v2\/product_brand?post=3335"},{"taxonomy":"product_cat","embeddable":true,"href":"https:\/\/auteldronesbaltic.com\/lt\/wp-json\/wp\/v2\/product_cat?post=3335"},{"taxonomy":"product_tag","embeddable":true,"href":"https:\/\/auteldronesbaltic.com\/lt\/wp-json\/wp\/v2\/product_tag?post=3335"}],"curies":[{"name":"wp","href":"https:\/\/api.w.org\/{rel}","templated":true}]}}