{"id":3340,"date":"2022-04-27T20:13:10","date_gmt":"2022-04-27T17:13:10","guid":{"rendered":"https:\/\/auteldronesbaltic.com\/be-kategorijos\/autel-evo-lite-propeleriai\/"},"modified":"2024-10-16T11:02:51","modified_gmt":"2024-10-16T08:02:51","slug":"autel-evo-lite-propeleriai","status":"publish","type":"product","link":"https:\/\/auteldronesbaltic.com\/lt\/autel-evo-lite-ir-priedai\/autel-evo-lite-propeleriai\/","title":{"rendered":"Autel EVO Lite propeleriai"},"content":{"rendered":"<p><span style=\"font-weight: 400;\">EVO Lite sraigtai yra pagaminti i\u0161 atsparaus d\u016b\u017etymui nailono ir stiklo pluo\u0161to, yra suformuoti taip, kad b\u016bt\u0173 optimalios aerodinamin\u0117s savyb\u0117s ir minimalus triuk\u0161mas. Jie greitai atleid\u017eiami ir sulankstomi, kad b\u016bt\u0173 lengviau perkelti ir naudoti.<\/span><\/p>\n","protected":false},"excerpt":{"rendered":"<p>EVO Lite sraigtai yra pagaminti i\u0161 atsparaus d\u016b\u017etymui nailono ir stiklo pluo\u0161to, yra suformuoti taip, kad b\u016bt\u0173 optimalios aerodinamin\u0117s savyb\u0117s ir minimalus triuk\u0161mas. Jie greitai atleid\u017eiami ir sulankstomi, kad b\u016bt\u0173 lengviau perkelti ir naudoti.<\/p>\n","protected":false},"featured_media":1564,"template":"","meta":{"_gspb_post_css":""},"product_brand":[],"product_cat":[137,150],"product_tag":[],"class_list":{"0":"post-3340","1":"product","2":"type-product","3":"status-publish","4":"has-post-thumbnail","6":"product_cat-autel-evo-lite-ir-priedai","7":"product_cat-priedai","9":"first","10":"instock","11":"taxable","12":"shipping-taxable","13":"purchasable","14":"product-type-simple"},"_links":{"self":[{"href":"https:\/\/auteldronesbaltic.com\/lt\/wp-json\/wp\/v2\/product\/3340","targetHints":{"allow":["GET"]}}],"collection":[{"href":"https:\/\/auteldronesbaltic.com\/lt\/wp-json\/wp\/v2\/product"}],"about":[{"href":"https:\/\/auteldronesbaltic.com\/lt\/wp-json\/wp\/v2\/types\/product"}],"wp:featuredmedia":[{"embeddable":true,"href":"https:\/\/auteldronesbaltic.com\/lt\/wp-json\/wp\/v2\/media\/1564"}],"wp:attachment":[{"href":"https:\/\/auteldronesbaltic.com\/lt\/wp-json\/wp\/v2\/media?parent=3340"}],"wp:term":[{"taxonomy":"product_brand","embeddable":true,"href":"https:\/\/auteldronesbaltic.com\/lt\/wp-json\/wp\/v2\/product_brand?post=3340"},{"taxonomy":"product_cat","embeddable":true,"href":"https:\/\/auteldronesbaltic.com\/lt\/wp-json\/wp\/v2\/product_cat?post=3340"},{"taxonomy":"product_tag","embeddable":true,"href":"https:\/\/auteldronesbaltic.com\/lt\/wp-json\/wp\/v2\/product_tag?post=3340"}],"curies":[{"name":"wp","href":"https:\/\/api.w.org\/{rel}","templated":true}]}}