{"id":3343,"date":"2022-04-27T16:07:43","date_gmt":"2022-04-27T13:07:43","guid":{"rendered":"https:\/\/auteldronesbaltic.com\/be-kategorijos\/autel-evo-lite-ikroviklis\/"},"modified":"2024-10-16T11:01:54","modified_gmt":"2024-10-16T08:01:54","slug":"autel-evo-lite-ikroviklis","status":"publish","type":"product","link":"https:\/\/auteldronesbaltic.com\/lt\/autel-evo-lite-ir-priedai\/autel-evo-lite-ikroviklis\/","title":{"rendered":"Autel EVO Lite \u012fkroviklis"},"content":{"rendered":"<p><span style=\"font-weight: 400;\">\u0160is adapteris gali \u012fkrauti Lite baterij\u0105 ir turi USB-A prievad\u0105, skirt\u0105 nuotolinio valdymo pulto \u012fkrovimo kabeliui prijungti, kad abu b\u016bt\u0173 galima \u012fkrauti vienu metu.<\/span><\/p>\n","protected":false},"excerpt":{"rendered":"<p>\u0160is adapteris gali \u012fkrauti Lite baterij\u0105 ir turi USB-A prievad\u0105, skirt\u0105 nuotolinio valdymo pulto \u012fkrovimo kabeliui prijungti, kad abu b\u016bt\u0173 galima \u012fkrauti vienu metu.<\/p>\n","protected":false},"featured_media":1527,"template":"","meta":{"_gspb_post_css":""},"product_brand":[],"product_cat":[137,150],"product_tag":[],"class_list":{"0":"post-3343","1":"product","2":"type-product","3":"status-publish","4":"has-post-thumbnail","6":"product_cat-autel-evo-lite-ir-priedai","7":"product_cat-priedai","9":"first","10":"instock","11":"taxable","12":"shipping-taxable","13":"purchasable","14":"product-type-simple"},"_links":{"self":[{"href":"https:\/\/auteldronesbaltic.com\/lt\/wp-json\/wp\/v2\/product\/3343","targetHints":{"allow":["GET"]}}],"collection":[{"href":"https:\/\/auteldronesbaltic.com\/lt\/wp-json\/wp\/v2\/product"}],"about":[{"href":"https:\/\/auteldronesbaltic.com\/lt\/wp-json\/wp\/v2\/types\/product"}],"wp:featuredmedia":[{"embeddable":true,"href":"https:\/\/auteldronesbaltic.com\/lt\/wp-json\/wp\/v2\/media\/1527"}],"wp:attachment":[{"href":"https:\/\/auteldronesbaltic.com\/lt\/wp-json\/wp\/v2\/media?parent=3343"}],"wp:term":[{"taxonomy":"product_brand","embeddable":true,"href":"https:\/\/auteldronesbaltic.com\/lt\/wp-json\/wp\/v2\/product_brand?post=3343"},{"taxonomy":"product_cat","embeddable":true,"href":"https:\/\/auteldronesbaltic.com\/lt\/wp-json\/wp\/v2\/product_cat?post=3343"},{"taxonomy":"product_tag","embeddable":true,"href":"https:\/\/auteldronesbaltic.com\/lt\/wp-json\/wp\/v2\/product_tag?post=3343"}],"curies":[{"name":"wp","href":"https:\/\/api.w.org\/{rel}","templated":true}]}}