{"id":3348,"date":"2022-04-27T16:02:31","date_gmt":"2022-04-27T13:02:31","guid":{"rendered":"https:\/\/auteldronesbaltic.com\/be-kategorijos\/autel-evo-lite-krepsys-ant-peciu\/"},"modified":"2025-10-03T15:53:10","modified_gmt":"2025-10-03T12:53:10","slug":"autel-evo-lite-krepsys-ant-peciu","status":"publish","type":"product","link":"https:\/\/auteldronesbaltic.com\/lt\/autel-evo-lite-ir-priedai\/autel-evo-lite-krepsys-ant-peciu\/","title":{"rendered":"Autel EVO Lite Krep\u0161ys ant pe\u010di\u0173"},"content":{"rendered":"<p><span style=\"font-weight: 400;\">Kompakti\u0161kas pe\u010di\u0173 krep\u0161ys EVO Lite ir priedams, kuriame yra vietos dronui, atsargin\u0117ms baterijoms ir \u012fkrovimo \u012frangai.<\/span><\/p>\n","protected":false},"excerpt":{"rendered":"<p>Kompakti\u0161kas pe\u010di\u0173 krep\u0161ys EVO Lite ir priedams, kuriame yra vietos dronui, atsargin\u0117ms baterijoms ir \u012fkrovimo \u012frangai.<\/p>\n","protected":false},"featured_media":1502,"template":"","meta":{"_gspb_post_css":""},"product_brand":[],"product_cat":[137,150],"product_tag":[],"class_list":{"0":"post-3348","1":"product","2":"type-product","3":"status-publish","4":"has-post-thumbnail","6":"product_cat-autel-evo-lite-ir-priedai","7":"product_cat-priedai","9":"first","10":"onbackorder","11":"taxable","12":"shipping-taxable","13":"purchasable","14":"product-type-simple"},"_links":{"self":[{"href":"https:\/\/auteldronesbaltic.com\/lt\/wp-json\/wp\/v2\/product\/3348","targetHints":{"allow":["GET"]}}],"collection":[{"href":"https:\/\/auteldronesbaltic.com\/lt\/wp-json\/wp\/v2\/product"}],"about":[{"href":"https:\/\/auteldronesbaltic.com\/lt\/wp-json\/wp\/v2\/types\/product"}],"wp:featuredmedia":[{"embeddable":true,"href":"https:\/\/auteldronesbaltic.com\/lt\/wp-json\/wp\/v2\/media\/1502"}],"wp:attachment":[{"href":"https:\/\/auteldronesbaltic.com\/lt\/wp-json\/wp\/v2\/media?parent=3348"}],"wp:term":[{"taxonomy":"product_brand","embeddable":true,"href":"https:\/\/auteldronesbaltic.com\/lt\/wp-json\/wp\/v2\/product_brand?post=3348"},{"taxonomy":"product_cat","embeddable":true,"href":"https:\/\/auteldronesbaltic.com\/lt\/wp-json\/wp\/v2\/product_cat?post=3348"},{"taxonomy":"product_tag","embeddable":true,"href":"https:\/\/auteldronesbaltic.com\/lt\/wp-json\/wp\/v2\/product_tag?post=3348"}],"curies":[{"name":"wp","href":"https:\/\/api.w.org\/{rel}","templated":true}]}}