{"id":3351,"date":"2022-04-27T15:57:11","date_gmt":"2022-04-27T12:57:11","guid":{"rendered":"https:\/\/auteldronesbaltic.com\/be-kategorijos\/autel-evo-lite-nd-filtrai\/"},"modified":"2024-10-16T10:59:43","modified_gmt":"2024-10-16T07:59:43","slug":"autel-evo-lite-nd-filtrai","status":"publish","type":"product","link":"https:\/\/auteldronesbaltic.com\/lt\/autel-evo-lite-ir-priedai\/autel-evo-lite-nd-filtrai\/","title":{"rendered":"Autel EVO Lite+ ND filtrai"},"content":{"rendered":"<p><span style=\"font-weight: 400;\">Pakelkite savo fotografavimo \u012fg\u016bd\u017eius \u012f kit\u0105 lyg\u012f su \u0161iais 4 neutralaus tankio (ND) filtr\u0173 paketais. Sukurti ir optimizuoti naudoti su EVO Lite+, \u0161ie ND filtrai padeda suma\u017einti \u0161viesos patekim\u0105 \u012f fotoaparato objektyv\u0105, tod\u0117l galima daugiau reguliuoti ir valdyti vaizd\u0173 ekspozicij\u0105.<\/span><\/p>\n<p><span style=\"font-weight: 400;\">\u012e \u0161\u012f EVO II ND filtr\u0173 rinkin\u012f \u012feina:<\/span><\/p>\n<p><span style=\"font-weight: 400;\">ND4 (2 sustojimai)<br \/>\n<\/span><span style=\"font-weight: 400;\">ND8 (3 sustojimai)<br \/>\n<\/span><span style=\"font-weight: 400;\">ND16 (4 sustojimai)<br \/>\n<\/span><span style=\"font-weight: 400;\">ND32 (5 sustojimai)<br \/>\n<\/span><span style=\"font-weight: 400;\">Apsauginis d\u0117klas<\/span><\/p>\n","protected":false},"excerpt":{"rendered":"<p>Pakelkite savo fotografavimo \u012fg\u016bd\u017eius \u012f kit\u0105 lyg\u012f su \u0161iais 4 neutralaus tankio (ND) filtr\u0173 paketais. Sukurti ir optimizuoti naudoti su EVO Lite+, \u0161ie ND filtrai padeda suma\u017einti \u0161viesos patekim\u0105 \u012f fotoaparato objektyv\u0105, tod\u0117l galima daugiau reguliuoti ir valdyti vaizd\u0173 ekspozicij\u0105. \u012e \u0161\u012f EVO II ND filtr\u0173 rinkin\u012f \u012feina: ND4 (2 sustojimai) ND8 (3 sustojimai) ND16 [&hellip;]<\/p>\n","protected":false},"featured_media":1453,"template":"","meta":{"_gspb_post_css":""},"product_brand":[],"product_cat":[137,150],"product_tag":[],"class_list":{"0":"post-3351","1":"product","2":"type-product","3":"status-publish","4":"has-post-thumbnail","6":"product_cat-autel-evo-lite-ir-priedai","7":"product_cat-priedai","9":"first","10":"outofstock","11":"taxable","12":"shipping-taxable","13":"purchasable","14":"product-type-simple"},"_links":{"self":[{"href":"https:\/\/auteldronesbaltic.com\/lt\/wp-json\/wp\/v2\/product\/3351","targetHints":{"allow":["GET"]}}],"collection":[{"href":"https:\/\/auteldronesbaltic.com\/lt\/wp-json\/wp\/v2\/product"}],"about":[{"href":"https:\/\/auteldronesbaltic.com\/lt\/wp-json\/wp\/v2\/types\/product"}],"wp:featuredmedia":[{"embeddable":true,"href":"https:\/\/auteldronesbaltic.com\/lt\/wp-json\/wp\/v2\/media\/1453"}],"wp:attachment":[{"href":"https:\/\/auteldronesbaltic.com\/lt\/wp-json\/wp\/v2\/media?parent=3351"}],"wp:term":[{"taxonomy":"product_brand","embeddable":true,"href":"https:\/\/auteldronesbaltic.com\/lt\/wp-json\/wp\/v2\/product_brand?post=3351"},{"taxonomy":"product_cat","embeddable":true,"href":"https:\/\/auteldronesbaltic.com\/lt\/wp-json\/wp\/v2\/product_cat?post=3351"},{"taxonomy":"product_tag","embeddable":true,"href":"https:\/\/auteldronesbaltic.com\/lt\/wp-json\/wp\/v2\/product_tag?post=3351"}],"curies":[{"name":"wp","href":"https:\/\/api.w.org\/{rel}","templated":true}]}}