{"id":3356,"date":"2022-04-27T15:43:22","date_gmt":"2022-04-27T12:43:22","guid":{"rendered":"https:\/\/auteldronesbaltic.com\/be-kategorijos\/autel-evo-ii-baterija\/"},"modified":"2025-05-22T11:28:06","modified_gmt":"2025-05-22T08:28:06","slug":"autel-evo-ii-baterija","status":"publish","type":"product","link":"https:\/\/auteldronesbaltic.com\/lt\/autel-evo-ii-pro-ir-priedai\/autel-evo-ii-baterija\/","title":{"rendered":"Autel EVO II Baterija"},"content":{"rendered":"<p><span style=\"font-weight: 400;\">EVO II pa\u017eangioji skryd\u017eio baterija, kurios vardin\u0117 talpa 82 Wh, turi didelio energijos tankio polimerinius li\u010dio jon\u0173 elementus. Jo elementai, maitinami laminuot\u0173 element\u0173 technologija, kuri labai suma\u017eina vidin\u0119 var\u017e\u0105 ir pagerina turim\u0105 akumuliatoriaus talp\u0105, u\u017etikrina puik\u0173 40 min.<\/span><\/p>\n","protected":false},"excerpt":{"rendered":"<p>EVO II pa\u017eangioji skryd\u017eio baterija, kurios vardin\u0117 talpa 82 Wh, turi didelio energijos tankio polimerinius li\u010dio jon\u0173 elementus. Jo elementai, maitinami laminuot\u0173 element\u0173 technologija, kuri labai suma\u017eina vidin\u0119 var\u017e\u0105 ir pagerina turim\u0105 akumuliatoriaus talp\u0105, u\u017etikrina puik\u0173 40 min.<\/p>\n","protected":false},"featured_media":1389,"template":"","meta":{"_gspb_post_css":""},"product_brand":[],"product_cat":[136,150],"product_tag":[],"class_list":{"0":"post-3356","1":"product","2":"type-product","3":"status-publish","4":"has-post-thumbnail","6":"product_cat-autel-evo-ii-pro-ir-priedai","7":"product_cat-priedai","9":"first","10":"instock","11":"sale","12":"taxable","13":"shipping-taxable","14":"purchasable","15":"product-type-variable"},"_links":{"self":[{"href":"https:\/\/auteldronesbaltic.com\/lt\/wp-json\/wp\/v2\/product\/3356","targetHints":{"allow":["GET"]}}],"collection":[{"href":"https:\/\/auteldronesbaltic.com\/lt\/wp-json\/wp\/v2\/product"}],"about":[{"href":"https:\/\/auteldronesbaltic.com\/lt\/wp-json\/wp\/v2\/types\/product"}],"wp:featuredmedia":[{"embeddable":true,"href":"https:\/\/auteldronesbaltic.com\/lt\/wp-json\/wp\/v2\/media\/1389"}],"wp:attachment":[{"href":"https:\/\/auteldronesbaltic.com\/lt\/wp-json\/wp\/v2\/media?parent=3356"}],"wp:term":[{"taxonomy":"product_brand","embeddable":true,"href":"https:\/\/auteldronesbaltic.com\/lt\/wp-json\/wp\/v2\/product_brand?post=3356"},{"taxonomy":"product_cat","embeddable":true,"href":"https:\/\/auteldronesbaltic.com\/lt\/wp-json\/wp\/v2\/product_cat?post=3356"},{"taxonomy":"product_tag","embeddable":true,"href":"https:\/\/auteldronesbaltic.com\/lt\/wp-json\/wp\/v2\/product_tag?post=3356"}],"curies":[{"name":"wp","href":"https:\/\/api.w.org\/{rel}","templated":true}]}}