{"id":3362,"date":"2022-04-27T14:33:54","date_gmt":"2022-04-27T11:33:54","guid":{"rendered":"https:\/\/auteldronesbaltic.com\/be-kategorijos\/autel-evo-lite-baterija\/"},"modified":"2025-04-21T15:20:32","modified_gmt":"2025-04-21T12:20:32","slug":"autel-evo-lite-baterija","status":"publish","type":"product","link":"https:\/\/auteldronesbaltic.com\/lt\/autel-evo-lite-ir-priedai\/autel-evo-lite-baterija\/","title":{"rendered":"Autel EVO Lite Baterija"},"content":{"rendered":"<p><span style=\"font-weight: 400;\">Greitai kei\u010diama EVO Lite 6175 mAh, 11,13 V li\u010dio polimero baterija suteikia 40 minu\u010di\u0173 skryd\u017eio laiko. Akumuliatorius yra \u201eAutel Orange\u201c ir \u201eDeep Space Grey\u201c spalv\u0173, kad atitikt\u0173 j\u016bs\u0173 \u201eLite\u201c dron\u0105.<\/span><\/p>\n","protected":false},"excerpt":{"rendered":"<p>Greitai kei\u010diama EVO Lite 6175 mAh, 11,13 V li\u010dio polimero baterija suteikia 40 minu\u010di\u0173 skryd\u017eio laiko. Akumuliatorius yra \u201eAutel Orange\u201c ir \u201eDeep Space Grey\u201c spalv\u0173, kad atitikt\u0173 j\u016bs\u0173 \u201eLite\u201c dron\u0105.<\/p>\n","protected":false},"featured_media":1256,"template":"","meta":{"_gspb_post_css":""},"product_brand":[],"product_cat":[137,150],"product_tag":[],"class_list":{"0":"post-3362","1":"product","2":"type-product","3":"status-publish","4":"has-post-thumbnail","6":"product_cat-autel-evo-lite-ir-priedai","7":"product_cat-priedai","9":"first","10":"instock","11":"sale","12":"taxable","13":"shipping-taxable","14":"purchasable","15":"product-type-simple"},"_links":{"self":[{"href":"https:\/\/auteldronesbaltic.com\/lt\/wp-json\/wp\/v2\/product\/3362","targetHints":{"allow":["GET"]}}],"collection":[{"href":"https:\/\/auteldronesbaltic.com\/lt\/wp-json\/wp\/v2\/product"}],"about":[{"href":"https:\/\/auteldronesbaltic.com\/lt\/wp-json\/wp\/v2\/types\/product"}],"wp:featuredmedia":[{"embeddable":true,"href":"https:\/\/auteldronesbaltic.com\/lt\/wp-json\/wp\/v2\/media\/1256"}],"wp:attachment":[{"href":"https:\/\/auteldronesbaltic.com\/lt\/wp-json\/wp\/v2\/media?parent=3362"}],"wp:term":[{"taxonomy":"product_brand","embeddable":true,"href":"https:\/\/auteldronesbaltic.com\/lt\/wp-json\/wp\/v2\/product_brand?post=3362"},{"taxonomy":"product_cat","embeddable":true,"href":"https:\/\/auteldronesbaltic.com\/lt\/wp-json\/wp\/v2\/product_cat?post=3362"},{"taxonomy":"product_tag","embeddable":true,"href":"https:\/\/auteldronesbaltic.com\/lt\/wp-json\/wp\/v2\/product_tag?post=3362"}],"curies":[{"name":"wp","href":"https:\/\/api.w.org\/{rel}","templated":true}]}}