{"id":3375,"date":"2022-04-27T15:35:56","date_gmt":"2022-04-27T12:35:56","guid":{"rendered":"https:\/\/auteldronesbaltic.com\/be-kategorijos\/autel-robotics-care-evo-ii-pro\/"},"modified":"2025-10-03T15:53:27","modified_gmt":"2025-10-03T12:53:27","slug":"autel-robotics-care-evo-ii-pro","status":"publish","type":"product","link":"https:\/\/auteldronesbaltic.com\/lt\/autel-evo-ii-pro-ir-priedai\/autel-robotics-care-evo-ii-pro\/","title":{"rendered":"Autel Robotics Care &#8211; EVO II Pro"},"content":{"rendered":"<p><span style=\"font-weight: 400;\">Bet kuris \u201eEVO II\u201c, \u201eEVO II Pro\u201c, \u201eEVO Nano\u201c ir \u201eLite\u201c serijos klientas gali \u012fsigyti \u201eAutel Robotics Care\u201c, jei galioja vieneri\u0173 met\u0173 garantinis laikotarpis.<\/span><\/p>\n<p><span style=\"font-weight: 400;\">Klientai taip pat turi atitikti vien\u0105 i\u0161 \u0161i\u0173 s\u0105lyg\u0173, kad gal\u0117t\u0173 gauti \u201eAutel Robotics Care\u201c:<\/span><\/p>\n<p><span style=\"font-weight: 400;\">Turi tur\u0117ti orlaiv\u012f, kuris niekada nebuvo atidarytas<\/span><\/p>\n<p><span style=\"font-weight: 400;\">Turi tur\u0117ti orlaiv\u012f, kuris buvo suaktyvintas per 48 valandas nuo bandymo \u012fsigyti \u201eAutel Care\u201c.<\/span><\/p>\n<p><span style=\"font-weight: 400;\">Jei kuris nors i\u0161 pirmiau nurodyt\u0173 dalyk\u0173 netaikomas, klientai turi atsi\u0173sti savo gamin\u012f m\u016bs\u0173 remonto komandai, kad \u0161is \u012fvertint\u0173 jo veikim\u0105<\/span><\/p>\n<p><span style=\"font-weight: 400;\">Atnaujinti vienetai negali gauti \u201eAutel Care\u201c.<\/span><\/p>\n<p><span style=\"font-weight: 400;\">\u012esigij\u0119 \u201eAutel Care\u201c, turite patikrinti ir suaktyvinti savo orlaiv\u012f m\u016bs\u0173 svetain\u0117je. Nor\u0117dami suaktyvinti, spustel\u0117kite \u010dia.<\/span><\/p>\n","protected":false},"excerpt":{"rendered":"<p><span style=\"font-weight: 400;\">Greitos remonto ir keitimo paslaugos<\/span><\/p>\n<p><span style=\"font-weight: 400;\">Gaukite dvi pakeitimo paslaugas per metus<\/span><\/p>\n<p><span style=\"font-weight: 400;\">vandens \u017ealos atlyginimas<\/span><\/p>\n","protected":false},"featured_media":1369,"template":"","meta":{"_gspb_post_css":""},"product_brand":[],"product_cat":[136,150],"product_tag":[],"class_list":{"0":"post-3375","1":"product","2":"type-product","3":"status-publish","4":"has-post-thumbnail","6":"product_cat-autel-evo-ii-pro-ir-priedai","7":"product_cat-priedai","9":"first","10":"outofstock","11":"taxable","12":"shipping-taxable","13":"purchasable","14":"product-type-simple"},"_links":{"self":[{"href":"https:\/\/auteldronesbaltic.com\/lt\/wp-json\/wp\/v2\/product\/3375","targetHints":{"allow":["GET"]}}],"collection":[{"href":"https:\/\/auteldronesbaltic.com\/lt\/wp-json\/wp\/v2\/product"}],"about":[{"href":"https:\/\/auteldronesbaltic.com\/lt\/wp-json\/wp\/v2\/types\/product"}],"wp:featuredmedia":[{"embeddable":true,"href":"https:\/\/auteldronesbaltic.com\/lt\/wp-json\/wp\/v2\/media\/1369"}],"wp:attachment":[{"href":"https:\/\/auteldronesbaltic.com\/lt\/wp-json\/wp\/v2\/media?parent=3375"}],"wp:term":[{"taxonomy":"product_brand","embeddable":true,"href":"https:\/\/auteldronesbaltic.com\/lt\/wp-json\/wp\/v2\/product_brand?post=3375"},{"taxonomy":"product_cat","embeddable":true,"href":"https:\/\/auteldronesbaltic.com\/lt\/wp-json\/wp\/v2\/product_cat?post=3375"},{"taxonomy":"product_tag","embeddable":true,"href":"https:\/\/auteldronesbaltic.com\/lt\/wp-json\/wp\/v2\/product_tag?post=3375"}],"curies":[{"name":"wp","href":"https:\/\/api.w.org\/{rel}","templated":true}]}}