{"id":3387,"date":"2022-04-27T15:11:12","date_gmt":"2022-04-27T12:11:12","guid":{"rendered":"https:\/\/auteldronesbaltic.com\/be-kategorijos\/autel-evo-nano-on-the-go-bundle\/"},"modified":"2025-05-02T10:33:07","modified_gmt":"2025-05-02T07:33:07","slug":"autel-evo-nano-on-the-go-bundle","status":"publish","type":"product","link":"https:\/\/auteldronesbaltic.com\/lt\/autel-evo-nano-ir-priedai\/autel-evo-nano-on-the-go-bundle\/","title":{"rendered":"Autel EVO Nano+ On the Go Bundle"},"content":{"rendered":"<p><span style=\"font-weight: 400;\">EVO Nano On the Go Bundle komplekte yra krep\u0161ys per pet\u012f, keli \u012fkrovikliai, 2 atsargin\u0117s baterijos, 2 poros sraigt\u0173, sraigto laikiklis, maitinimo adapteris ir papildomas var\u017et\u0173 rinkinys. Viskas, ko jums reikia, kad \u201eNano\u201c i\u0161va\u017eiuotum\u0117te \u012f kit\u0105 nuotyk\u012f.<\/span><\/p>\n","protected":false},"excerpt":{"rendered":"<p>EVO Nano On the Go Bundle komplekte yra krep\u0161ys per pet\u012f, keli \u012fkrovikliai, 2 atsargin\u0117s baterijos, 2 poros sraigt\u0173, sraigto laikiklis, maitinimo adapteris ir papildomas var\u017et\u0173 rinkinys. Viskas, ko jums reikia, kad \u201eNano\u201c i\u0161va\u017eiuotum\u0117te \u012f kit\u0105 nuotyk\u012f.<\/p>\n","protected":false},"featured_media":1356,"template":"","meta":{"_gspb_post_css":""},"product_brand":[],"product_cat":[138,150],"product_tag":[],"class_list":{"0":"post-3387","1":"product","2":"type-product","3":"status-publish","4":"has-post-thumbnail","6":"product_cat-autel-evo-nano-ir-priedai","7":"product_cat-priedai","9":"first","10":"instock","11":"sale","12":"taxable","13":"shipping-taxable","14":"purchasable","15":"product-type-variable","16":"has-default-attributes"},"_links":{"self":[{"href":"https:\/\/auteldronesbaltic.com\/lt\/wp-json\/wp\/v2\/product\/3387","targetHints":{"allow":["GET"]}}],"collection":[{"href":"https:\/\/auteldronesbaltic.com\/lt\/wp-json\/wp\/v2\/product"}],"about":[{"href":"https:\/\/auteldronesbaltic.com\/lt\/wp-json\/wp\/v2\/types\/product"}],"wp:featuredmedia":[{"embeddable":true,"href":"https:\/\/auteldronesbaltic.com\/lt\/wp-json\/wp\/v2\/media\/1356"}],"wp:attachment":[{"href":"https:\/\/auteldronesbaltic.com\/lt\/wp-json\/wp\/v2\/media?parent=3387"}],"wp:term":[{"taxonomy":"product_brand","embeddable":true,"href":"https:\/\/auteldronesbaltic.com\/lt\/wp-json\/wp\/v2\/product_brand?post=3387"},{"taxonomy":"product_cat","embeddable":true,"href":"https:\/\/auteldronesbaltic.com\/lt\/wp-json\/wp\/v2\/product_cat?post=3387"},{"taxonomy":"product_tag","embeddable":true,"href":"https:\/\/auteldronesbaltic.com\/lt\/wp-json\/wp\/v2\/product_tag?post=3387"}],"curies":[{"name":"wp","href":"https:\/\/api.w.org\/{rel}","templated":true}]}}