{"id":3405,"date":"2022-04-27T14:51:06","date_gmt":"2022-04-27T11:51:06","guid":{"rendered":"https:\/\/auteldronesbaltic.com\/be-kategorijos\/autel-evo-lite-on-the-go-bundle\/"},"modified":"2025-04-21T15:14:48","modified_gmt":"2025-04-21T12:14:48","slug":"autel-evo-lite-on-the-go-bundle","status":"publish","type":"product","link":"https:\/\/auteldronesbaltic.com\/lt\/autel-evo-lite-ir-priedai\/autel-evo-lite-on-the-go-bundle\/","title":{"rendered":"Autel EVO Lite+ On the Go Bundle"},"content":{"rendered":"<p><span style=\"font-weight: 400;\">EVO Lite On the Go Bundle komplekte yra krep\u0161ys per pet\u012f, daugiafunkcis \u012fkroviklis, 2 atsargin\u0117s baterijos, 2 poros sraigt\u0173 ir ND filtr\u0173 rinkinys. Viskas, ko reikia norint i\u0161naudoti visas savo naujojo \u201eLite+\u201c drono galimybes.<\/span><\/p>\n","protected":false},"excerpt":{"rendered":"<p>EVO Lite On the Go Bundle komplekte yra krep\u0161ys per pet\u012f, daugiafunkcis \u012fkroviklis, 2 atsargin\u0117s baterijos, 2 poros sraigt\u0173 ir ND filtr\u0173 rinkinys. Viskas, ko reikia norint i\u0161naudoti visas savo naujojo \u201eLite+\u201c drono galimybes.<\/p>\n","protected":false},"featured_media":1317,"template":"","meta":{"_gspb_post_css":""},"product_brand":[],"product_cat":[137,150],"product_tag":[],"class_list":{"0":"post-3405","1":"product","2":"type-product","3":"status-publish","4":"has-post-thumbnail","6":"product_cat-autel-evo-lite-ir-priedai","7":"product_cat-priedai","9":"first","10":"instock","11":"sale","12":"taxable","13":"shipping-taxable","14":"purchasable","15":"product-type-variable"},"_links":{"self":[{"href":"https:\/\/auteldronesbaltic.com\/lt\/wp-json\/wp\/v2\/product\/3405","targetHints":{"allow":["GET"]}}],"collection":[{"href":"https:\/\/auteldronesbaltic.com\/lt\/wp-json\/wp\/v2\/product"}],"about":[{"href":"https:\/\/auteldronesbaltic.com\/lt\/wp-json\/wp\/v2\/types\/product"}],"wp:featuredmedia":[{"embeddable":true,"href":"https:\/\/auteldronesbaltic.com\/lt\/wp-json\/wp\/v2\/media\/1317"}],"wp:attachment":[{"href":"https:\/\/auteldronesbaltic.com\/lt\/wp-json\/wp\/v2\/media?parent=3405"}],"wp:term":[{"taxonomy":"product_brand","embeddable":true,"href":"https:\/\/auteldronesbaltic.com\/lt\/wp-json\/wp\/v2\/product_brand?post=3405"},{"taxonomy":"product_cat","embeddable":true,"href":"https:\/\/auteldronesbaltic.com\/lt\/wp-json\/wp\/v2\/product_cat?post=3405"},{"taxonomy":"product_tag","embeddable":true,"href":"https:\/\/auteldronesbaltic.com\/lt\/wp-json\/wp\/v2\/product_tag?post=3405"}],"curies":[{"name":"wp","href":"https:\/\/api.w.org\/{rel}","templated":true}]}}