{"id":3416,"date":"2022-04-27T14:44:46","date_gmt":"2022-04-27T11:44:46","guid":{"rendered":"https:\/\/auteldronesbaltic.com\/be-kategorijos\/autel-evo-lite-daugiafunkcis-ikroviklis\/"},"modified":"2025-04-21T15:23:00","modified_gmt":"2025-04-21T12:23:00","slug":"autel-evo-lite-daugiafunkcis-ikroviklis","status":"publish","type":"product","link":"https:\/\/auteldronesbaltic.com\/lt\/autel-evo-lite-ir-priedai\/autel-evo-lite-daugiafunkcis-ikroviklis\/","title":{"rendered":"Autel EVO Lite Daugiafunkcis \u012fkroviklis"},"content":{"rendered":"<p><span style=\"font-weight: 400;\">Kompakti\u0161k\u0105 juostel\u0119 galima prijungti prie standartinio maitinimo adapterio ir vienu metu \u012fkrauti iki trij\u0173 Lite baterij\u0173.<\/span><\/p>\n","protected":false},"excerpt":{"rendered":"<p>Kompakti\u0161k\u0105 juostel\u0119 galima prijungti prie standartinio maitinimo adapterio ir vienu metu \u012fkrauti iki trij\u0173 Lite baterij\u0173.<\/p>\n","protected":false},"featured_media":1290,"template":"","meta":{"_gspb_post_css":""},"product_brand":[],"product_cat":[137,150],"product_tag":[],"class_list":{"0":"post-3416","1":"product","2":"type-product","3":"status-publish","4":"has-post-thumbnail","6":"product_cat-autel-evo-lite-ir-priedai","7":"product_cat-priedai","9":"first","10":"instock","11":"taxable","12":"shipping-taxable","13":"purchasable","14":"product-type-simple"},"_links":{"self":[{"href":"https:\/\/auteldronesbaltic.com\/lt\/wp-json\/wp\/v2\/product\/3416","targetHints":{"allow":["GET"]}}],"collection":[{"href":"https:\/\/auteldronesbaltic.com\/lt\/wp-json\/wp\/v2\/product"}],"about":[{"href":"https:\/\/auteldronesbaltic.com\/lt\/wp-json\/wp\/v2\/types\/product"}],"wp:featuredmedia":[{"embeddable":true,"href":"https:\/\/auteldronesbaltic.com\/lt\/wp-json\/wp\/v2\/media\/1290"}],"wp:attachment":[{"href":"https:\/\/auteldronesbaltic.com\/lt\/wp-json\/wp\/v2\/media?parent=3416"}],"wp:term":[{"taxonomy":"product_brand","embeddable":true,"href":"https:\/\/auteldronesbaltic.com\/lt\/wp-json\/wp\/v2\/product_brand?post=3416"},{"taxonomy":"product_cat","embeddable":true,"href":"https:\/\/auteldronesbaltic.com\/lt\/wp-json\/wp\/v2\/product_cat?post=3416"},{"taxonomy":"product_tag","embeddable":true,"href":"https:\/\/auteldronesbaltic.com\/lt\/wp-json\/wp\/v2\/product_tag?post=3416"}],"curies":[{"name":"wp","href":"https:\/\/api.w.org\/{rel}","templated":true}]}}