{"id":3419,"date":"2022-04-27T14:16:07","date_gmt":"2022-04-27T11:16:07","guid":{"rendered":"https:\/\/auteldronesbaltic.com\/be-kategorijos\/autel-evo-nano-daugiafunkcis-ikroviklis\/"},"modified":"2025-04-21T15:22:35","modified_gmt":"2025-04-21T12:22:35","slug":"autel-evo-nano-daugiafunkcis-ikroviklis","status":"publish","type":"product","link":"https:\/\/auteldronesbaltic.com\/lt\/autel-evo-nano-ir-priedai\/autel-evo-nano-daugiafunkcis-ikroviklis\/","title":{"rendered":"Autel EVO Nano Daugiafunkcis \u012fkroviklis"},"content":{"rendered":"<p><span style=\"font-weight: 400;\">Kompakti\u0161ka juostel\u0117 gali \u012fkrauti iki trij\u0173 nano baterij\u0173. Jungiamas prie maitinimo adapterio per USB-C laid\u0105.<\/span><\/p>\n","protected":false},"excerpt":{"rendered":"<p>Kompakti\u0161ka juostel\u0117 gali \u012fkrauti iki trij\u0173 nano baterij\u0173. Jungiamas prie maitinimo adapterio per USB-C laid\u0105.<\/p>\n","protected":false},"featured_media":1179,"template":"","meta":{"_gspb_post_css":""},"product_brand":[],"product_cat":[138,150],"product_tag":[],"class_list":{"0":"post-3419","1":"product","2":"type-product","3":"status-publish","4":"has-post-thumbnail","6":"product_cat-autel-evo-nano-ir-priedai","7":"product_cat-priedai","9":"first","10":"instock","11":"sale","12":"taxable","13":"shipping-taxable","14":"purchasable","15":"product-type-simple"},"_links":{"self":[{"href":"https:\/\/auteldronesbaltic.com\/lt\/wp-json\/wp\/v2\/product\/3419","targetHints":{"allow":["GET"]}}],"collection":[{"href":"https:\/\/auteldronesbaltic.com\/lt\/wp-json\/wp\/v2\/product"}],"about":[{"href":"https:\/\/auteldronesbaltic.com\/lt\/wp-json\/wp\/v2\/types\/product"}],"wp:featuredmedia":[{"embeddable":true,"href":"https:\/\/auteldronesbaltic.com\/lt\/wp-json\/wp\/v2\/media\/1179"}],"wp:attachment":[{"href":"https:\/\/auteldronesbaltic.com\/lt\/wp-json\/wp\/v2\/media?parent=3419"}],"wp:term":[{"taxonomy":"product_brand","embeddable":true,"href":"https:\/\/auteldronesbaltic.com\/lt\/wp-json\/wp\/v2\/product_brand?post=3419"},{"taxonomy":"product_cat","embeddable":true,"href":"https:\/\/auteldronesbaltic.com\/lt\/wp-json\/wp\/v2\/product_cat?post=3419"},{"taxonomy":"product_tag","embeddable":true,"href":"https:\/\/auteldronesbaltic.com\/lt\/wp-json\/wp\/v2\/product_tag?post=3419"}],"curies":[{"name":"wp","href":"https:\/\/api.w.org\/{rel}","templated":true}]}}