{"id":3450,"date":"2022-04-06T23:56:02","date_gmt":"2022-04-06T20:56:02","guid":{"rendered":"https:\/\/auteldronesbaltic.com\/be-kategorijos\/autel-evo-lite-standard-bundle\/"},"modified":"2023-10-31T23:01:04","modified_gmt":"2023-10-31T21:01:04","slug":"autel-evo-lite-standard-bundle","status":"publish","type":"product","link":"https:\/\/auteldronesbaltic.com\/lt\/autel-evo-lite-lt\/autel-evo-lite-standard-bundle\/","title":{"rendered":"Autel EVO Lite+ Standard Bundle"},"content":{"rendered":"<p>NAUJIENA! Bepilotis dronas Autel EVO Lite+ Premium Bundle Orange \u2013\u00a0<strong>6K rai\u0161ka, 1\u2033 20Mp kamera, 16x Zoom, iki 40min. skrydis!\u00a0<\/strong>Autel EVO Lite+ \u012fkvepian\u010di\u0173 galimybi\u0173 dronas, prieinamas kiekvienam! Kompakti\u0161kas, patogiai sulankstomas ir transportuojamas, puiki\u0173 aerodinamini\u0173 savybi\u0173, skrenda ilgiau \u2013 net iki 40min. ir toliau \u2013 net iki 6km (CE) ir 12km (FCC) regione! Autel EVO Lite+ dronas apr\u016bpintas auk\u0161tis kokyb\u0117s, profesionalia 1 colio kamera, kuri gali filmuoti 5472\u00d73076 p30\/25\/24 ir fotografuoti 20MP 5472\u00d73648 (3:2) rai\u0161ka, bei priartinti vaizd\u0105 net iki 16x. Kli\u016b\u010di\u0173 vengimo jutikliai garantuoja saug\u0173 skryd\u012f. Autel EVO Lite+ dronui energij\u0105 tiekia 6175mAh Li-Po 3S i\u0161manioji baterija, tod\u0117l m\u0117gausit\u0117s ilgu, net iki 40min. skryd\u017eiu. EVO Lite+ dronas \u2013 skiriamas tiek m\u0117g\u0117jui, tiek ir profesionalui \u2013 visiems, fiksuojantiems \u012fsp\u016bdingiausius aplinkos ir gyvenimo momentus.<\/p>\n<p>Premium Bundle komplekte: Dronas Autel EVO Lite+ Oran\u017ein\u0117s spalvos, Autel valdymo pultas, 3 x 6175mAh Li-Po 3S baterijos, baterijos \u012fkrovimo adapteris, baterij\u0173 \u012fkrov\u0117jas, 5 x propeleri\u0173 poros, USB laidai Lightning, Type-C, Micro USB, ND filtr\u0173 rinkinys, kameros gaubtas, med\u017eiaginis d\u0117klas.<\/p>\n","protected":false},"excerpt":{"rendered":"<p>Bepilotis dronas Autel EVO Lite+ Premium Bundle 6K rai\u0161ka, 1\u2033 20Mp kamera, 16x Zoom, iki 40min. skrydis!<\/p>\n","protected":false},"featured_media":668,"template":"","meta":{"_gspb_post_css":""},"product_brand":[],"product_cat":[100,137,126],"product_tag":[],"class_list":{"0":"post-3450","1":"product","2":"type-product","3":"status-publish","4":"has-post-thumbnail","6":"product_cat-autel-evo-lite-lt","7":"product_cat-autel-evo-lite-ir-priedai","8":"product_cat-dronai","10":"first","11":"outofstock","12":"taxable","13":"shipping-taxable","14":"purchasable","15":"product-type-variable","16":"has-default-attributes"},"_links":{"self":[{"href":"https:\/\/auteldronesbaltic.com\/lt\/wp-json\/wp\/v2\/product\/3450","targetHints":{"allow":["GET"]}}],"collection":[{"href":"https:\/\/auteldronesbaltic.com\/lt\/wp-json\/wp\/v2\/product"}],"about":[{"href":"https:\/\/auteldronesbaltic.com\/lt\/wp-json\/wp\/v2\/types\/product"}],"wp:featuredmedia":[{"embeddable":true,"href":"https:\/\/auteldronesbaltic.com\/lt\/wp-json\/wp\/v2\/media\/668"}],"wp:attachment":[{"href":"https:\/\/auteldronesbaltic.com\/lt\/wp-json\/wp\/v2\/media?parent=3450"}],"wp:term":[{"taxonomy":"product_brand","embeddable":true,"href":"https:\/\/auteldronesbaltic.com\/lt\/wp-json\/wp\/v2\/product_brand?post=3450"},{"taxonomy":"product_cat","embeddable":true,"href":"https:\/\/auteldronesbaltic.com\/lt\/wp-json\/wp\/v2\/product_cat?post=3450"},{"taxonomy":"product_tag","embeddable":true,"href":"https:\/\/auteldronesbaltic.com\/lt\/wp-json\/wp\/v2\/product_tag?post=3450"}],"curies":[{"name":"wp","href":"https:\/\/api.w.org\/{rel}","templated":true}]}}