{"id":3467,"date":"2022-04-16T18:28:03","date_gmt":"2022-04-16T15:28:03","guid":{"rendered":"https:\/\/auteldronesbaltic.com\/be-kategorijos\/autel-evo-ii-pro-rtk-rugged-bundle\/"},"modified":"2025-04-21T13:57:26","modified_gmt":"2025-04-21T10:57:26","slug":"evo-ii-pro-rtk-v3","status":"publish","type":"product","link":"https:\/\/auteldronesbaltic.com\/lt\/evo-ii-enterprise-series-lt\/evo-ii-pro-rtk-v3\/","title":{"rendered":"EVO II Pro RTK V3"},"content":{"rendered":"<p><span style=\"font-weight: 400;\"><strong>Pad\u0117ties nustatymas centimetro lygiu<\/strong><br \/>\n<\/span><span style=\"font-weight: 400;\">EVO II RTK Series V3 integruoja visi\u0161kai nauj\u0105 RTK modul\u012f, skirt\u0105 2022 m., kuris pateikia realaus laiko centimetro lygio pad\u0117ties nustatymo duomenis per tris minutes ir palaiko Post-Processing Kinematic (PPK). L\u0117ktuvas gali \u012fra\u0161yti originalius palydovinio steb\u0117jimo duomenis, kameros ekspozicijos parametrus ir kt. Pad\u0117ties nustatymo sistema palaiko RTK bazin\u0119 stot\u012f ir NTRIP RTK tinkl\u0105, kuris padeda pasiekti tiksl\u0173 ir stabil\u0173 duomen\u0173 gavim\u0105 sud\u0117tingose \u200b\u200bdarbo aplinkose.<\/span><\/p>\n<p><span style=\"font-weight: 400;\">RTK horizontalios pad\u0117ties nustatymo tikslumas: 1cm+1ppm<br \/>\n<\/span><span style=\"font-weight: 400;\">RTK vertikalios pad\u0117ties nustatymo tikslumas: 1,5 cm+1 ppm<\/span><\/p>\n<p><span style=\"font-weight: 400;\"><strong>Nereikalaujama GSP<\/strong><br \/>\n<\/span><span style=\"font-weight: 400;\">EVO II RTK Series V3 jungiasi prie NTRIP tinklo ir nereikia GCP, kad b\u016bt\u0173 u\u017etikrintas centimetro tikslumas.<\/span><\/p>\n<p><span style=\"font-weight: 400;\"><strong>Tre\u010diosios \u0161alies bazin\u0117s stoties palaikymas<\/strong><br \/>\n<\/span><span style=\"font-weight: 400;\">EVO II RTK Series V3 palaiko visas su NTRIP suderinamas bazines stotis.<\/span><\/p>\n<p><strong>\u201eAutel Explorer\u201c \u017eem\u0117lapiams<\/strong><\/p>\n<p><span style=\"font-weight: 400;\"><strong>Multi-NTRIP profilio i\u0161saugojimas<\/strong><br \/>\n<\/span><span style=\"font-weight: 400;\">Atliekant kartojamas duomen\u0173 gavimo misijas, galite \u012fra\u0161yti ankstesnes drono \u0161audymo vietas. Visi gimbalai, fotoaparatas ir orlaivio judesiai bus atkartoti, taip sukuriant piln\u0105 visos misijos \u012fra\u0161\u0105.<\/span><\/p>\n<p><span style=\"font-weight: 400;\"><strong>Nuotrauk\u0173 replikacija<\/strong><br \/>\n<\/span><span style=\"font-weight: 400;\">EVO II RTK Series V3 gr\u012f\u017eta ten, kur buvo baigta, kai buvo naudojama keli\u0173 baterij\u0173 misija, neprad\u0117jus nuo prad\u017ei\u0173.<\/span><\/p>\n<p><span style=\"font-weight: 400;\"><strong>Keli\u0173 baterij\u0173 misijos<\/strong><br \/>\n<\/span><span style=\"font-weight: 400;\">\u201eExplorer\u201c programa leid\u017eia vartotojui sukurti ir i\u0161saugoti kelis NTRIP profilius skirtingose \u200b\u200b\u200b\u200bvietose, nereikia rankiniu b\u016bdu \u012fvesti paskyros informacijos kiekvien\u0105 kart\u0105 keliaujant.<\/span><\/p>\n<p><span style=\"font-weight: 400;\">I\u0161pl\u0117stiniai funkcij\u0173 rinkiniai<\/span><\/p>\n<p><span style=\"font-weight: 400;\">Sukurkite sta\u010diakampio arba daugiakampio misijas<br \/>\n<\/span><span style=\"font-weight: 400;\">Palaiko dvigubo tinklelio atvaizdavim\u0105, kad b\u016bt\u0173 galima papildomai reguliuoti kamp\u0105<br \/>\n<\/span><span style=\"font-weight: 400;\">Visi\u0161kai rankiniu b\u016bdu valdykite fotoaparato nustatymus<br \/>\n<\/span><span style=\"font-weight: 400;\">Nepertraukiamas kamp\u0173 \u012fjungimas taupo laik\u0105 ir taupo akumuliatoriaus energij\u0105<br \/>\n<\/span><span style=\"font-weight: 400;\">Pritaikomos kurs\u0173 antra\u0161t\u0117s, kad atitikt\u0173 orientacijos reikalavimus<\/span><\/p>\n<p><span style=\"font-weight: 400;\"><strong>U\u017efiksuokite kiekvien\u0105 detal\u0119<\/strong><br \/>\n<\/span><span style=\"font-weight: 400;\">EVO II Pro RTK V3 turi didel\u012f dinamin\u012f diapazon\u0105 ir galing\u0105 na\u0161um\u0105 esant prastam ap\u0161vietimui, tod\u0117l vartotojai gali u\u017efiksuoti ai\u0161kius detali\u0173 rinkinius su minimaliais i\u0161kraipymais ir triuk\u0161mu.<\/span><\/p>\n<p><span style=\"font-weight: 400;\"><strong>1 colio itin jautrus jutiklis<\/strong><br \/>\n<\/span><span style=\"font-weight: 400;\">EVO II Pro RTK V3 yra su NAUJU atnaujintu 1 colio 6K CMOS vaizdo jutikliu, kurio did\u017eiausia rai\u0161ka yra 20 megapikseli\u0173. D\u0117l itin jautraus algoritmo vis tiek galite fotografuoti \u0161varius, detalius, ma\u017eai triuk\u0161mingus duomen\u0173 rinkinius prieblandos ar nakties s\u0105lygomis<\/span><\/p>\n<p><span style=\"font-weight: 400;\"><strong>F2.8~F11 Reguliuojama diafragma<\/strong><br \/>\n<\/span><span style=\"font-weight: 400;\">Prisitaikykite prie ap\u0161vietimo poky\u010di\u0173 reguliuodami objektyvo diafragmos dyd\u012f, kad pilotas gal\u0117t\u0173 geriau valdyti u\u017erakto greit\u012f.<\/span><\/p>\n<p><span style=\"font-weight: 400;\"><strong>Priartinkite, kad gautum\u0117te i\u0161sami\u0105 informacij\u0105<\/strong><br \/>\n<\/span><span style=\"font-weight: 400;\">EVO II Pro RTK V3 optimizavo savo duomen\u0173 rinkinius, kad juos b\u016bt\u0173 lengva koreguoti naudojant papildomo apdorojimo programin\u0119 \u012frang\u0105.<\/span><\/p>\n<p><span style=\"font-weight: 400;\"><strong>Optimizuotas programin\u0117s \u012frangos vaizdo taisymui<\/strong><br \/>\n<\/span><span style=\"font-weight: 400;\">EVO II Pro RTK V3 optimizavo savo duomen\u0173 rinkinius, kad juos b\u016bt\u0173 lengva koreguoti naudojant papildomo apdorojimo programin\u0119 \u012frang\u0105.<\/span><\/p>\n<p><span style=\"font-weight: 400;\"><strong>SkyLink 2.0 vaizdo perdavimas<\/strong><br \/>\n<\/span><span style=\"font-weight: 400;\">EVO II RTK V3 Series V3 atnaujinta naudojant visi\u0161kai nauj\u0105 Autel SkyLink 2.0 vaizdo perdavimo technologij\u0105.<\/span><\/p>\n<p><span style=\"font-weight: 400;\">Nuskriskite toliau su HD vaizdo perdavimu iki 8 km.<br \/>\n<\/span><span style=\"font-weight: 400;\">Gaukite svarbi\u0173 detali\u0173 naudodami QHD vaizdo \u012fra\u0161\u0105 1 km atstumu.<br \/>\n<\/span><span style=\"font-weight: 400;\">2.4G\/5.8G Palaiko trij\u0173 juost\u0173 ry\u0161\u012f ir gali automati\u0161kai per\u0161okti da\u017en\u012f, kad b\u016bt\u0173 maksimaliai apsaugotas nuo trukd\u017ei\u0173.<\/span><\/p>\n<p><span style=\"font-weight: 400;\"><strong>360\u00b0 kli\u016b\u010di\u0173 i\u0161vengimas<\/strong><br \/>\n<\/span><span style=\"font-weight: 400;\">\u012erengta 19 jutikli\u0173 grupi\u0173, \u012fskaitant 12 vaizdo jutikli\u0173, pagrindin\u0117 kamera, ultragarsas, IMU ir kiti jutikliai leid\u017eia kurti trima\u010dius \u017eem\u0117lapius ir planuoti keli\u0105 realiuoju laiku.<\/span><\/p>\n<p><strong>Ne\u0161iojamas ir paprastas naudoti<\/strong><\/p>\n<p><strong>Kompakti\u0161kas dizainas<br \/>\n<\/strong><span style=\"font-weight: 400;\">EVO II RTK Series V3 sulankstomas, kad b\u016bt\u0173 lengviau transportuoti ir naudoti.<\/span><\/p>\n<p><span style=\"font-weight: 400;\"><strong>Kasdienin\u0117s darbo eigos be problem\u0173<\/strong><br \/>\n<\/span><span style=\"font-weight: 400;\">EVO II RTK V3 be r\u016bpes\u010di\u0173 nuo paleidimo iki pakilimo trunka 45 sekundes.<\/span><\/p>\n<p><strong>Saugus ir tvirtas<\/strong><\/p>\n<p><span style=\"font-weight: 400;\"><strong>Maksimalus v\u0117jo pasiprie\u0161inimas 27 mph<\/strong><br \/>\n<\/span><span style=\"font-weight: 400;\">EVO II ma\u017eesnis skerspj\u016bvis ir galingi varikliai u\u017etikrina didesn\u012f stabilum\u0105 ir valdym\u0105 bet kokiomis v\u0117juotomis s\u0105lygomis.<\/span><\/p>\n<p><span style=\"font-weight: 400;\"><strong>Skryd\u017ei\u0173 zon\u0173 n\u0117ra*<\/strong><br \/>\n<\/span><span style=\"font-weight: 400;\">EVO II RTK Series V3 neturi joki\u0173 neskraidymo zon\u0173 ir netrukdys pilotui pakilti.<\/span><\/p>\n<p><span style=\"font-weight: 400;\"><strong>38 minu\u010di\u0173 skryd\u017eio laikas<\/strong><br \/>\n<\/span><span style=\"font-weight: 400;\">M\u0117gaukit\u0117s iki 38 minu\u010di\u0173 skryd\u017eio laiko \u2013 20% ~ 30% daugiau nei kitas pirmaujantis konkurentas, kad apr\u0117ptum\u0117te daugiau teritorijos ir atliktum\u0117te ilgesnes misijas.<\/span><\/p>\n<p><span style=\"font-weight: 400;\"><strong>Joki\u0173 priverstini\u0173 atnaujinim\u0173**<\/strong><br \/>\n<\/span><span style=\"font-weight: 400;\">EVO II RTK Series V3 neb\u016btina tur\u0117ti naujausios aparatin\u0117s \u012frangos ar programos versijos, kad pakilt\u0173 prie\u0161ingai nei kiti konkurentai.<\/span><\/p>\n<p><span style=\"font-weight: 400;\"><strong>Autel Smart Controller V3<\/strong><br \/>\n<\/span><span style=\"font-weight: 400;\">Smart Controller V3 7,9 colio, 2000 nit\u0173 didelio ry\u0161kumo ekranas yra ai\u0161kiai matomas net esant tiesioginiams saul\u0117s spinduliams. \u201eSkyLink 2.0\u201c perdavimo technologija garantuoja operacij\u0105 dideliais atstumais iki 15 km ir pagerina atsparum\u0105 trukd\u017eiams, naudojant trigubo da\u017enio \u0161uoliavim\u0105. Pritaikyta Android sistema suteikia papildomo lankstumo naudojant tre\u010di\u0173j\u0173 \u0161ali\u0173 programas, o IP43 \u012fvertinimas u\u017etikrina veikim\u0105 bet kokiu oru.<\/span><\/p>\n<p><span style=\"font-weight: 400;\">15 km pavar\u0173 d\u0117\u017e\u0117s atstumas<br \/>\n<\/span><span style=\"font-weight: 400;\">Did\u017eiausias 2000 nit\u0173 ry\u0161kumas<br \/>\n<\/span><span style=\"font-weight: 400;\">4.5 Darbo valandos<br \/>\n<\/span><span style=\"font-weight: 400;\">Atsparumas IP43<\/span><\/p>\n<p><span style=\"font-weight: 400;\"><strong>Live Deck 2<\/strong><br \/>\n<\/span><span style=\"font-weight: 400;\">Tiesiogiai transliuokite informacij\u0105 apie misij\u0105 kitiems operacijos darbuotojams, kad padid\u0117t\u0173 situacijos suvokimas ir b\u016bt\u0173 priimti svarb\u016bs sprendimai. EVO II Dual 640T V3 yra suderinamas su Live Deck 2, kuris si\u016blo keli\u0173 prievad\u0173 srautin\u012f perdavim\u0105 \u012f monitorius ir Wi-Fi palaikym\u0105 keliems i\u0161maniesiems telefonams.<\/span><\/p>\n<p><span style=\"font-weight: 400;\">1080p vaizdo \u012fra\u0161\u0173 srautas<br \/>\n<\/span><span style=\"font-weight: 400;\">Trys automatinio persijungimo juostos<br \/>\n<\/span><span style=\"font-weight: 400;\">12 km transmisijos diapazonas<br \/>\n<\/span><span style=\"font-weight: 400;\">Atsparumas IP43<\/span><\/p>\n","protected":false},"excerpt":{"rendered":"<p>Pad\u0117ties nustatymas centimetro lygiu EVO II RTK Series V3 integruoja visi\u0161kai nauj\u0105 RTK modul\u012f, skirt\u0105 2022 m., kuris pateikia realaus laiko centimetro lygio pad\u0117ties nustatymo duomenis per tris minutes ir palaiko Post-Processing Kinematic (PPK). L\u0117ktuvas gali \u012fra\u0161yti originalius palydovinio steb\u0117jimo duomenis, kameros ekspozicijos parametrus ir kt. Pad\u0117ties nustatymo sistema palaiko RTK bazin\u0119 stot\u012f ir NTRIP [&hellip;]<\/p>\n","protected":false},"featured_media":5042,"template":"","meta":{"_gspb_post_css":""},"product_brand":[],"product_cat":[147,149],"product_tag":[],"class_list":{"0":"post-3467","1":"product","2":"type-product","3":"status-publish","4":"has-post-thumbnail","6":"product_cat-evo-ii-enterprise-series-lt","7":"product_cat-special-purpose-drones-lt","9":"first","10":"instock","11":"sale","12":"taxable","13":"shipping-taxable","14":"purchasable","15":"product-type-simple"},"_links":{"self":[{"href":"https:\/\/auteldronesbaltic.com\/lt\/wp-json\/wp\/v2\/product\/3467","targetHints":{"allow":["GET"]}}],"collection":[{"href":"https:\/\/auteldronesbaltic.com\/lt\/wp-json\/wp\/v2\/product"}],"about":[{"href":"https:\/\/auteldronesbaltic.com\/lt\/wp-json\/wp\/v2\/types\/product"}],"wp:featuredmedia":[{"embeddable":true,"href":"https:\/\/auteldronesbaltic.com\/lt\/wp-json\/wp\/v2\/media\/5042"}],"wp:attachment":[{"href":"https:\/\/auteldronesbaltic.com\/lt\/wp-json\/wp\/v2\/media?parent=3467"}],"wp:term":[{"taxonomy":"product_brand","embeddable":true,"href":"https:\/\/auteldronesbaltic.com\/lt\/wp-json\/wp\/v2\/product_brand?post=3467"},{"taxonomy":"product_cat","embeddable":true,"href":"https:\/\/auteldronesbaltic.com\/lt\/wp-json\/wp\/v2\/product_cat?post=3467"},{"taxonomy":"product_tag","embeddable":true,"href":"https:\/\/auteldronesbaltic.com\/lt\/wp-json\/wp\/v2\/product_tag?post=3467"}],"curies":[{"name":"wp","href":"https:\/\/api.w.org\/{rel}","templated":true}]}}