{"id":3471,"date":"2022-04-08T23:09:07","date_gmt":"2022-04-08T20:09:07","guid":{"rendered":"https:\/\/auteldronesbaltic.com\/be-kategorijos\/evo-ii-pro-enterprise-rugged-bundle\/"},"modified":"2025-04-21T14:40:11","modified_gmt":"2025-04-21T11:40:11","slug":"evo-ii-pro-enterprise-v3","status":"publish","type":"product","link":"https:\/\/auteldronesbaltic.com\/lt\/evo-ii-enterprise-series-lt\/evo-ii-pro-enterprise-v3\/","title":{"rendered":"EVO II Pro Enterprise V3"},"content":{"rendered":"<p><b>Kompakti\u0161ka. Universalus. Galingas.<br \/>\n<\/b><span style=\"font-weight: 400;\">EVO II Enterprise V3 integruota puiki vaizdo gavimo sistema, patobulintas 15 km vaizdo perdavimas (SkyLink 2.0) ir papildomi priedai, siekiant patenkinti \u012fvairius oro poreikius, \u012fskaitant patikrinim\u0105, paie\u0161k\u0105 ir gelb\u0117jim\u0105, teis\u0117saug\u0105, gaisr\u0173 gesinim\u0105 ir kt. Sulankstoma konstrukcija suteikia pramon\u0117s naudotojams veiksming\u0105 ir ne\u0161iojam\u0105 darbo i\u0161 oro \u012frank\u012f.<\/span><\/p>\n<p><b>Visi\u0161kai nauja 6K 1&#8243; CMOS kamera<br \/>\n<\/b><span style=\"font-weight: 400;\">Matykite ai\u0161kiau naudodami nauj\u0105j\u012f \u201eSony\u201c 20 megapikseli\u0173 1 colio CMOS vaizdo jutikl\u012f, \u201eEVO II Pro Enterprise V3\u201c palaiko iki 6K vaizdo skiriam\u0105j\u0105 geb\u0105, didesn\u012f dinamin\u012f diapazon\u0105, stipresn\u012f triuk\u0161mo slopinim\u0105 ir didesn\u012f kadr\u0173 da\u017en\u012f.<\/span><\/p>\n<p><b>Diafragmos diapazonas nuo F2,8 iki F11<br \/>\n<\/b><span style=\"font-weight: 400;\">Objektyvo reguliuojamas diafragmos diapazonas nuo f2,8 iki f11 ir maksimalus ISO 44000 leid\u017eia fotografui pagerinti savo valdym\u0105 ir k\u016brybin\u0119 laisv\u0119.<\/span><\/p>\n<p><b>\u201eExcel\u201c esant silpnam ap\u0161vietimui<br \/>\n<\/b><span style=\"font-weight: 400;\">EVO II Pro Enterprise V3 suteikia jums Autel Moonlight Algorithm 2.0 su papildomu triuk\u0161mo ma\u017einimo apdorojimu. Suporuotas su EVO II Pro V3 atnaujintu CMOS, jis s\u0117kmingai veikia esant minimaliam ap\u0161vietimui arba esant at\u0161iauriam ap\u0161vietimui nakt\u012f.<\/span><\/p>\n<p><b>Priartinkite, kad gautum\u0117te i\u0161sami\u0105 informacij\u0105<br \/>\n<\/b><span style=\"font-weight: 400;\">EVO II Pro Enterprise V3 palaiko 3x be nuostoli\u0173 priartinim\u0105 ir 16 kart\u0173 skaitmenin\u012f priartinim\u0105. Gaukite ai\u0161ki\u0105 informacij\u0105 i\u0161 toliau, ne\u012ftardami.<\/span><\/p>\n<p><b>Avarijos rekonstrukcija<br \/>\n<\/b><span style=\"font-weight: 400;\">EVO II Pro Enterprise V3 puikiai tinka greitam avarij\u0173 atstatymui su integruotu misijos planavimu ir yra suderinamas su Pix4D, DroneDeploy ir SkyeBrowse.<\/span><\/p>\n<p><b>Didesnis dinaminis diapazonas su 4K HDR<br \/>\n<\/b><span style=\"font-weight: 400;\">4K HDR suteikia daugiau detali\u0173 ap\u0161viestose ir \u0161e\u0161\u0117lin\u0117se vietose, tod\u0117l gaunami auk\u0161tesn\u0117s kokyb\u0117s vaizdai i\u0161 pa\u010di\u0173 reikliausi\u0173 aplinkos<\/span><\/p>\n<p><b>SkyLink 2.0 vaizdo perdavimas<br \/>\n<\/b><span style=\"font-weight: 400;\">EVO II Enterprise V3 atnaujintas naudojant visi\u0161kai nauj\u0105 Autel SkyLink 2.0 vaizdo perdavimo technologij\u0105.<\/span><\/p>\n<p><span style=\"font-weight: 400;\">Nuskriskite toliau su HD vaizdo perdavimu iki 8 km.<\/span><\/p>\n<p><span style=\"font-weight: 400;\">Gaukite svarbi\u0173 detali\u0173 naudodami QHD vaizdo \u012fra\u0161\u0105 perdavimo diapazone.<\/span><\/p>\n<p><span style=\"font-weight: 400;\">Palaikykite trij\u0173 juost\u0173 ry\u0161\u012f ir gali automati\u0161kai keisti da\u017enio \u0161uolius, kad b\u016bt\u0173 u\u017etikrinta maksimali apsauga nuo trukd\u017ei\u0173.<\/span><\/p>\n<p><b>Specialus \u012fmon\u0117s l\u0117ktuvo korpusas<\/b><\/p>\n<p><b>42 minut\u0117s skryd\u017eio laiko<br \/>\n<\/b><span style=\"font-weight: 400;\">Dideli propeleriai ir per\u017ei\u016br\u0117ti skryd\u017eio algoritmai suteikia EVO II Enterprise V3 ilgiausi\u0105 skryd\u017eio laik\u0105 savo kategorijoje.<\/span><\/p>\n<p><b>Prailgintos \u0161ilumin\u0117s angos<br \/>\n<\/b><span style=\"font-weight: 400;\">EVO II Enterprise V3 turi papildomas \u0161ilumines angas papildomam \u0161ilumos i\u0161sklaidymui, prailginan\u010diai baterijos veikimo laik\u0105.<\/span><\/p>\n<p><b>Ilgesni anglies pluo\u0161to ginklai<br \/>\n<\/b><span style=\"font-weight: 400;\">Anglies pluo\u0161to ginklai ir ilgesni sraigtai suteikia EVO II Enterprise platformai papildomo standumo ir skryd\u017eio stabilumo.<\/span><\/p>\n<p><b>360\u00b0 kli\u016b\u010di\u0173 i\u0161vengimas<br \/>\n<\/b><span style=\"font-weight: 400;\">\u012erengtas 12 vaizdini\u0173 optini\u0173 jutikli\u0173, kuriuose integruota 19 jutikli\u0173 rinkini\u0173, \u012fskaitant pagrindin\u0119 kamer\u0105, ultragarso bang\u0105 ir IMU, kad b\u016bt\u0173 galima sukurti 3D drono ir jo aplinkos \u017eem\u0117lap\u012f realiuoju laiku. Jutikliai yra strategi\u0161kai i\u0161d\u0117styti taip, kad drone b\u016bt\u0173 kuo ma\u017eiau akl\u0173j\u0173 zon\u0173, kad V3 gal\u0117t\u0173 automati\u0161kai sustoti \u0161alia kli\u016b\u010di\u0173.<\/span><\/p>\n<p><b>ADS-B imtuvas<br \/>\n<\/b><span style=\"font-weight: 400;\">Aptinka bet kur\u012f netoliese esant\u012f pilotuojam\u0105 orlaiv\u012f, skleid\u017eiant\u012f ADS-B signal\u0105, suteikdama operatoriui pakankamai laiko imtis priemoni\u0173, kad i\u0161vengt\u0173 susid\u016brim\u0173 ore.<\/span><\/p>\n<p><b>Misijos universalumas<br \/>\n<\/b><span style=\"font-weight: 400;\">Tur\u0117damas i\u0161pl\u0117st\u0105 pried\u0173 pasirinkim\u0105, EVO II Enterprise V3 gali i\u0161sivystyti i\u0161 paprasto vaizdo gavimo \u012frankio \u012f daugiafunkc\u0119 skryd\u017eio platform\u0105, kuri gali prisitaikyti prie \u012fvairi\u0173 scenarij\u0173.<\/span><\/p>\n<p><b>Stroboskopas<br \/>\n<\/b><span style=\"font-weight: 400;\">Nurodykite orlaivio viet\u0105 nakt\u012f, kad i\u0161vengtum\u0117te oro eismo nelaimi\u0173.<\/span><\/p>\n<p><b>D\u0117mesio centre<br \/>\n<\/b><span style=\"font-weight: 400;\">Skleid\u017eia galing\u0105 ilgo nuotolio oro \u0161vies\u0105 ie\u0161kant ar fotografuojant nakt\u012f.<\/span><\/p>\n<p><b>Garsiakalbis<br \/>\n<\/b><span style=\"font-weight: 400;\">\u012egalina efektyv\u0173 ry\u0161\u012f vietoje per tolimojo susisiekimo tiesiogines transliacijas ir i\u0161 anksto \u012fra\u0161ytas garso kilpas.<\/span><\/p>\n<p><b>Autel Smart Controller V3<br \/>\n<\/b><span style=\"font-weight: 400;\">Smart Controller V3 7,9 colio, 2000 nit\u0173 didelio ry\u0161kumo ekranas yra ai\u0161kiai matomas net esant tiesioginiams saul\u0117s spinduliams. \u201eSkyLink 2.0\u201c perdavimo technologija garantuoja operacijas dideliais atstumais iki 8 km atstumu ir pagerina trikd\u017ei\u0173 slopinimo geb\u0117jimus su trigubo da\u017enio \u0161uoliu. Pritaikyta Android sistema suteikia papildomo lankstumo naudojant tre\u010di\u0173j\u0173 \u0161ali\u0173 programas, o IP43 \u012fvertinimas u\u017etikrina veikim\u0105 bet kokiu oru.<\/span><\/p>\n<p><span style=\"font-weight: 400;\">7,9 colio HD jutiklinis ekranas<br \/>\n<\/span><span style=\"font-weight: 400;\">Temperat\u016bros diapazonas nuo -20 \u2103 iki 40 \u2103<br \/>\n<\/span><span style=\"font-weight: 400;\">2000 nit\u0173 maksimalus ry\u0161kumas<br \/>\n<\/span><span style=\"font-weight: 400;\">Atsparumas IP43<\/span><\/p>\n<h3><b>Live Deck 2<\/b><\/h3>\n<p><span style=\"font-weight: 400;\">Tiesiogiai transliuokite informacij\u0105 apie misij\u0105 kitiems operacijos darbuotojams, kad padid\u0117t\u0173 situacijos suvokimas ir b\u016bt\u0173 priimti svarb\u016bs sprendimai. EVO II Enterprise V3 yra suderinamas su Live Deck 2, kuris si\u016blo keli\u0173 prievad\u0173 srautin\u012f perdavim\u0105 \u012f monitorius ir Wi-Fi palaikym\u0105 keliems i\u0161maniesiems telefonams.<\/span><\/p>\n<p><span style=\"font-weight: 400;\">1080P\/60FPS vaizdo srautas<br \/>\n<\/span><span style=\"font-weight: 400;\">Trys automatinio persijungimo juostos<br \/>\n<\/span><span style=\"font-weight: 400;\">12KM transmisijos diapazonas<br \/>\n<\/span><span style=\"font-weight: 400;\">Atsparumas IP43<\/span><\/p>\n","protected":false},"excerpt":{"rendered":"<p>Kompakti\u0161ka. Universalus. Galingas. EVO II Enterprise V3 integruota puiki vaizdo gavimo sistema, patobulintas 15 km vaizdo perdavimas (SkyLink 2.0) ir papildomi priedai, siekiant patenkinti \u012fvairius oro poreikius, \u012fskaitant patikrinim\u0105, paie\u0161k\u0105 ir gelb\u0117jim\u0105, teis\u0117saug\u0105, gaisr\u0173 gesinim\u0105 ir kt. Sulankstoma konstrukcija suteikia pramon\u0117s naudotojams veiksming\u0105 ir ne\u0161iojam\u0105 darbo i\u0161 oro \u012frank\u012f. Visi\u0161kai nauja 6K 1&#8243; CMOS kamera [&hellip;]<\/p>\n","protected":false},"featured_media":4892,"template":"","meta":{"_gspb_post_css":""},"product_brand":[],"product_cat":[147,149],"product_tag":[],"class_list":{"0":"post-3471","1":"product","2":"type-product","3":"status-publish","4":"has-post-thumbnail","6":"product_cat-evo-ii-enterprise-series-lt","7":"product_cat-special-purpose-drones-lt","9":"first","10":"instock","11":"sale","12":"taxable","13":"shipping-taxable","14":"purchasable","15":"product-type-simple"},"_links":{"self":[{"href":"https:\/\/auteldronesbaltic.com\/lt\/wp-json\/wp\/v2\/product\/3471","targetHints":{"allow":["GET"]}}],"collection":[{"href":"https:\/\/auteldronesbaltic.com\/lt\/wp-json\/wp\/v2\/product"}],"about":[{"href":"https:\/\/auteldronesbaltic.com\/lt\/wp-json\/wp\/v2\/types\/product"}],"wp:featuredmedia":[{"embeddable":true,"href":"https:\/\/auteldronesbaltic.com\/lt\/wp-json\/wp\/v2\/media\/4892"}],"wp:attachment":[{"href":"https:\/\/auteldronesbaltic.com\/lt\/wp-json\/wp\/v2\/media?parent=3471"}],"wp:term":[{"taxonomy":"product_brand","embeddable":true,"href":"https:\/\/auteldronesbaltic.com\/lt\/wp-json\/wp\/v2\/product_brand?post=3471"},{"taxonomy":"product_cat","embeddable":true,"href":"https:\/\/auteldronesbaltic.com\/lt\/wp-json\/wp\/v2\/product_cat?post=3471"},{"taxonomy":"product_tag","embeddable":true,"href":"https:\/\/auteldronesbaltic.com\/lt\/wp-json\/wp\/v2\/product_tag?post=3471"}],"curies":[{"name":"wp","href":"https:\/\/api.w.org\/{rel}","templated":true}]}}