{"id":3479,"date":"2022-04-07T23:27:26","date_gmt":"2022-04-07T20:27:26","guid":{"rendered":"https:\/\/auteldronesbaltic.com\/be-kategorijos\/autel-robotic-smart-controller\/"},"modified":"2022-07-11T14:55:26","modified_gmt":"2022-07-11T11:55:26","slug":"autel-robotic-smart-controller","status":"publish","type":"product","link":"https:\/\/auteldronesbaltic.com\/lt\/priedai\/autel-robotic-smart-controller\/","title":{"rendered":"Autel Robotic Smart Controller"},"content":{"rendered":"<p><span style=\"font-weight: 400;\">\u201eAutel Smart Controller\u201c sukurtas siekiant pagerinti j\u016bs\u0173 skraidymo dronu patirt\u012f. \u201eAutel\u201c i\u0161manusis valdiklis turi 7,9 colio itin ry\u0161k\u0173 ekran\u0105, kurio ry\u0161kumas siekia 2000 nit\u0173. \u0160is ry\u0161kumas keturis kartus didesnis nei standartini\u0173 mobili\u0173j\u0173 \u012frengini\u0173, i\u0161mani\u0173j\u0173 telefon\u0173 ir plan\u0161etini\u0173 kompiuteri\u0173. \u0160is ry\u0161kumas padidina j\u016bs\u0173 UAV veikim\u0105 tiesioginiuose saul\u0117s spinduliuose, kad suma\u017eint\u0173 akinim\u0105 ir u\u017etikrint\u0173 ai\u0161k\u0173 ekrano matomum\u0105. Maksimalus veikimo laikas yra 4,5 valandos vienu \u012fkrovimu esant 50% ry\u0161kumui ir 3 valandos esant maksimaliam ry\u0161kumui. 128 GB vidin\u0117s atminties i\u0161maniajam valdikliui suteikia pakankamai vietos programoms, multimedijai ir kitiems atminties poreikiams.<\/span><\/p>\n<p><span style=\"font-weight: 400;\">\u201eAutel Smart Controller\u201c veikia pasirinktoje \u201eAndroid\u201c operacin\u0117je sistemoje ir si\u016blo visi\u0161k\u0105 tre\u010di\u0173j\u0173 \u0161ali\u0173 program\u0173 atsisiuntimo palaikym\u0105 pa\u010diame \u201eSmart Controller\u201c. Tai suteikia EVO II operatoriams lankstumo kurti operacin\u0119 sistem\u0105 ir darbo eigas, kurios tiksliai atitinka j\u0173 poreikius.<\/span><\/p>\n","protected":false},"excerpt":{"rendered":"<p>\u201eAutel Smart Controller\u201c sukurtas siekiant pagerinti j\u016bs\u0173 skraidymo dronu patirt\u012f. \u201eAutel\u201c i\u0161manusis valdiklis turi 7,9 colio itin ry\u0161k\u0173 ekran\u0105, kurio ry\u0161kumas siekia 2000 nit\u0173. \u0160is ry\u0161kumas keturis kartus didesnis nei standartini\u0173 mobili\u0173j\u0173 \u012frengini\u0173, i\u0161mani\u0173j\u0173 telefon\u0173 ir plan\u0161etini\u0173 kompiuteri\u0173. \u0160is ry\u0161kumas padidina j\u016bs\u0173 UAV veikim\u0105 tiesioginiuose saul\u0117s spinduliuose, kad suma\u017eint\u0173 akinim\u0105 ir u\u017etikrint\u0173 ai\u0161k\u0173 ekrano matomum\u0105. [&hellip;]<\/p>\n","protected":false},"featured_media":716,"template":"","meta":{"_gspb_post_css":""},"product_brand":[],"product_cat":[150],"product_tag":[],"class_list":{"0":"post-3479","1":"product","2":"type-product","3":"status-publish","4":"has-post-thumbnail","6":"product_cat-priedai","8":"first","9":"outofstock","10":"taxable","11":"shipping-taxable","12":"purchasable","13":"product-type-simple"},"_links":{"self":[{"href":"https:\/\/auteldronesbaltic.com\/lt\/wp-json\/wp\/v2\/product\/3479","targetHints":{"allow":["GET"]}}],"collection":[{"href":"https:\/\/auteldronesbaltic.com\/lt\/wp-json\/wp\/v2\/product"}],"about":[{"href":"https:\/\/auteldronesbaltic.com\/lt\/wp-json\/wp\/v2\/types\/product"}],"wp:featuredmedia":[{"embeddable":true,"href":"https:\/\/auteldronesbaltic.com\/lt\/wp-json\/wp\/v2\/media\/716"}],"wp:attachment":[{"href":"https:\/\/auteldronesbaltic.com\/lt\/wp-json\/wp\/v2\/media?parent=3479"}],"wp:term":[{"taxonomy":"product_brand","embeddable":true,"href":"https:\/\/auteldronesbaltic.com\/lt\/wp-json\/wp\/v2\/product_brand?post=3479"},{"taxonomy":"product_cat","embeddable":true,"href":"https:\/\/auteldronesbaltic.com\/lt\/wp-json\/wp\/v2\/product_cat?post=3479"},{"taxonomy":"product_tag","embeddable":true,"href":"https:\/\/auteldronesbaltic.com\/lt\/wp-json\/wp\/v2\/product_tag?post=3479"}],"curies":[{"name":"wp","href":"https:\/\/api.w.org\/{rel}","templated":true}]}}