{"id":3488,"date":"2022-04-27T12:14:38","date_gmt":"2022-04-27T09:14:38","guid":{"rendered":"https:\/\/auteldronesbaltic.com\/be-kategorijos\/autel-evo-nano-baterija\/"},"modified":"2026-03-06T11:13:48","modified_gmt":"2026-03-06T09:13:48","slug":"autel-evo-nano-baterija","status":"publish","type":"product","link":"https:\/\/auteldronesbaltic.com\/lt\/autel-evo-nano-ir-priedai\/autel-evo-nano-baterija\/","title":{"rendered":"Autel EVO Nano baterija"},"content":{"rendered":"<p><span style=\"font-weight: 400;\">EVO Nano greitai kei\u010diama 2250 mAh, 7,7 V li\u010dio polimero baterija suteikia 28 minu\u010di\u0173 skryd\u017eio laiko. Akumuliatorius yra \u201eAutel Orange\u201c ir \u201eDeep Space Grey\u201c spalv\u0173, kad atitikt\u0173 j\u016bs\u0173 \u201eNano\u201c l\u0117ktuv\u0105.<\/span><\/p>\n","protected":false},"excerpt":{"rendered":"<p>EVO Nano greitai kei\u010diama 2250 mAh, 7,7 V li\u010dio polimero baterija suteikia 28 minu\u010di\u0173 skryd\u017eio laiko. Akumuliatorius yra \u201eAutel Orange\u201c ir \u201eDeep Space Grey\u201c spalv\u0173, kad atitikt\u0173 j\u016bs\u0173 \u201eNano\u201c l\u0117ktuv\u0105.<\/p>\n","protected":false},"featured_media":1094,"template":"","meta":{"_gspb_post_css":""},"product_brand":[],"product_cat":[138,150],"product_tag":[],"class_list":{"0":"post-3488","1":"product","2":"type-product","3":"status-publish","4":"has-post-thumbnail","6":"product_cat-autel-evo-nano-ir-priedai","7":"product_cat-priedai","9":"first","10":"instock","11":"sale","12":"taxable","13":"shipping-taxable","14":"purchasable","15":"product-type-variable","16":"has-default-attributes"},"_links":{"self":[{"href":"https:\/\/auteldronesbaltic.com\/lt\/wp-json\/wp\/v2\/product\/3488","targetHints":{"allow":["GET"]}}],"collection":[{"href":"https:\/\/auteldronesbaltic.com\/lt\/wp-json\/wp\/v2\/product"}],"about":[{"href":"https:\/\/auteldronesbaltic.com\/lt\/wp-json\/wp\/v2\/types\/product"}],"wp:featuredmedia":[{"embeddable":true,"href":"https:\/\/auteldronesbaltic.com\/lt\/wp-json\/wp\/v2\/media\/1094"}],"wp:attachment":[{"href":"https:\/\/auteldronesbaltic.com\/lt\/wp-json\/wp\/v2\/media?parent=3488"}],"wp:term":[{"taxonomy":"product_brand","embeddable":true,"href":"https:\/\/auteldronesbaltic.com\/lt\/wp-json\/wp\/v2\/product_brand?post=3488"},{"taxonomy":"product_cat","embeddable":true,"href":"https:\/\/auteldronesbaltic.com\/lt\/wp-json\/wp\/v2\/product_cat?post=3488"},{"taxonomy":"product_tag","embeddable":true,"href":"https:\/\/auteldronesbaltic.com\/lt\/wp-json\/wp\/v2\/product_tag?post=3488"}],"curies":[{"name":"wp","href":"https:\/\/api.w.org\/{rel}","templated":true}]}}