{"id":3495,"date":"2022-04-27T12:05:45","date_gmt":"2022-04-27T09:05:45","guid":{"rendered":"https:\/\/auteldronesbaltic.com\/be-kategorijos\/autel-evo-nano-lite-nuotolinio-valdymo-pultelis\/"},"modified":"2025-10-03T15:54:40","modified_gmt":"2025-10-03T12:54:40","slug":"autel-evo-nano-lite-nuotolinio-valdymo-pultelis","status":"publish","type":"product","link":"https:\/\/auteldronesbaltic.com\/lt\/autel-evo-lite-ir-priedai\/autel-evo-nano-lite-nuotolinio-valdymo-pultelis\/","title":{"rendered":"Autel EVO Nano &#038; Lite nuotolinio valdymo pultelis"},"content":{"rendered":"<p><span style=\"font-weight: 400;\">EVO Nano &amp; Lite nuotolinio valdymo pultel\u012f lengva ne\u0161iotis, intuityvus naudoti ir viskas prijungiama prie j\u016bs\u0173 i\u0161maniojo telefono. Valdiklis si\u016blo 6,2 mylios (Nano) 7,4 mylios (Lite) perdavimo diapazon\u0105, leid\u017eiant\u012f skristi didelius atstumus. Skryd\u017eio informacija realiuoju laiku perduodama \u012f j\u016bs\u0173 i\u0161man\u0173j\u012f telefon\u0105 2,7K\/30FPS grei\u010diu per \u201eSky App\u201c, o trij\u0173 juost\u0173 veikimo da\u017eniai u\u017etikrina puiki\u0105 apsaug\u0105 nuo trukd\u017ei\u0173.<\/span><\/p>\n","protected":false},"excerpt":{"rendered":"<p>EVO Nano &amp; Lite nuotolinio valdymo pultel\u012f lengva ne\u0161iotis, intuityvus naudoti ir viskas prijungiama prie j\u016bs\u0173 i\u0161maniojo telefono. Valdiklis si\u016blo 6,2 mylios (Nano) 7,4 mylios (Lite) perdavimo diapazon\u0105, leid\u017eiant\u012f skristi didelius atstumus. Skryd\u017eio informacija realiuoju laiku perduodama \u012f j\u016bs\u0173 i\u0161man\u0173j\u012f telefon\u0105 2,7K\/30FPS grei\u010diu per \u201eSky App\u201c, o trij\u0173 juost\u0173 veikimo da\u017eniai u\u017etikrina puiki\u0105 apsaug\u0105 nuo [&hellip;]<\/p>\n","protected":false},"featured_media":1031,"template":"","meta":{"_gspb_post_css":""},"product_brand":[],"product_cat":[137,138,150],"product_tag":[],"class_list":{"0":"post-3495","1":"product","2":"type-product","3":"status-publish","4":"has-post-thumbnail","6":"product_cat-autel-evo-lite-ir-priedai","7":"product_cat-autel-evo-nano-ir-priedai","8":"product_cat-priedai","10":"first","11":"onbackorder","12":"taxable","13":"shipping-taxable","14":"purchasable","15":"product-type-simple"},"_links":{"self":[{"href":"https:\/\/auteldronesbaltic.com\/lt\/wp-json\/wp\/v2\/product\/3495","targetHints":{"allow":["GET"]}}],"collection":[{"href":"https:\/\/auteldronesbaltic.com\/lt\/wp-json\/wp\/v2\/product"}],"about":[{"href":"https:\/\/auteldronesbaltic.com\/lt\/wp-json\/wp\/v2\/types\/product"}],"wp:featuredmedia":[{"embeddable":true,"href":"https:\/\/auteldronesbaltic.com\/lt\/wp-json\/wp\/v2\/media\/1031"}],"wp:attachment":[{"href":"https:\/\/auteldronesbaltic.com\/lt\/wp-json\/wp\/v2\/media?parent=3495"}],"wp:term":[{"taxonomy":"product_brand","embeddable":true,"href":"https:\/\/auteldronesbaltic.com\/lt\/wp-json\/wp\/v2\/product_brand?post=3495"},{"taxonomy":"product_cat","embeddable":true,"href":"https:\/\/auteldronesbaltic.com\/lt\/wp-json\/wp\/v2\/product_cat?post=3495"},{"taxonomy":"product_tag","embeddable":true,"href":"https:\/\/auteldronesbaltic.com\/lt\/wp-json\/wp\/v2\/product_tag?post=3495"}],"curies":[{"name":"wp","href":"https:\/\/api.w.org\/{rel}","templated":true}]}}