{"id":3905,"date":"2022-05-31T14:46:28","date_gmt":"2022-05-31T11:46:28","guid":{"rendered":"https:\/\/auteldronesbaltic.com\/be-kategorijos\/autel-evo-ii-dual-rugged-bundle-640t-v2\/"},"modified":"2025-04-08T10:08:33","modified_gmt":"2025-04-08T07:08:33","slug":"evo-ii-dual-640t-v3","status":"publish","type":"product","link":"https:\/\/auteldronesbaltic.com\/lt\/evo-ii-enterprise-series-lt\/evo-ii-dual-640t-v3\/","title":{"rendered":"EVO II DUAL 640T V3"},"content":{"rendered":"<p><strong>640&#215;512 30Hz naujas \u0161iluminio vaizdo jutiklis<br \/>\n<\/strong><span style=\"font-weight: 400;\">\u012erengtas 640*512 didel\u0117s rai\u0161kos \u0161iluminio vaizdo kamera su 13 mm \u017eidinio nuotolio objektyvu ir 16 kart\u0173 skaitmeniniu priartinimu, tod\u0117l lengva steb\u0117ti tolimus taikinius. Sistema naudoja nauj\u0105 vaizdo apdorojimo algoritm\u0105, tod\u0117l \u0161iluminio vaizdo detal\u0117s yra ai\u0161kesn\u0117s ir geriau matomos nei konkurencija su pana\u0161ia rai\u0161ka ir aparatine \u012franga.<\/span><\/p>\n<p><b>DRI diapazonai<br \/>\n<\/b><span style=\"font-weight: 400;\">DRI rei\u0161kia aptikim\u0105, atpa\u017einim\u0105 ir identifikavim\u0105.<\/span><\/p>\n<table>\n<thead>\n<tr>\n<th><span style=\"font-weight: 400;\">\u00a0<\/span><\/th>\n<th style=\"text-align: left;\"><span style=\"font-weight: 400;\">Asmuo<\/span><\/th>\n<th style=\"text-align: left;\"><span style=\"font-weight: 400;\">SUV<\/span><\/th>\n<th style=\"text-align: left;\"><span style=\"font-weight: 400;\">Sunkve\u017eimis<\/span><\/th>\n<\/tr>\n<tr>\n<th style=\"text-align: left;\"><span style=\"font-weight: 400;\">Matmenys<\/span><\/th>\n<th style=\"text-align: left;\"><span style=\"font-weight: 400;\">1.8*0.5m<\/span><\/th>\n<th style=\"text-align: left;\"><span style=\"font-weight: 400;\">4.2*1.8m<\/span><\/th>\n<th style=\"text-align: left;\"><span style=\"font-weight: 400;\">6*4m<\/span><\/th>\n<\/tr>\n<\/thead>\n<tbody>\n<tr>\n<td><span style=\"font-weight: 400;\">Aptikimas<\/span><\/td>\n<td><span style=\"font-weight: 400;\">542m<\/span><\/td>\n<td><span style=\"font-weight: 400;\">1661m<\/span><\/td>\n<td><span style=\"font-weight: 400;\">2889m<\/span><\/td>\n<\/tr>\n<tr>\n<td><span style=\"font-weight: 400;\">Pripa\u017einimas<\/span><\/td>\n<td><span style=\"font-weight: 400;\">135m<\/span><\/td>\n<td><span style=\"font-weight: 400;\">415m<\/span><\/td>\n<td><span style=\"font-weight: 400;\">722m<\/span><\/td>\n<\/tr>\n<tr>\n<td><span style=\"font-weight: 400;\">Identifikavimas<\/span><\/td>\n<td><span style=\"font-weight: 400;\">68m<\/span><\/td>\n<td><span style=\"font-weight: 400;\">208m<\/span><\/td>\n<td><span style=\"font-weight: 400;\">361m<\/span><\/td>\n<\/tr>\n<\/tbody>\n<\/table>\n<ul>\n<li><span style=\"font-weight: 400;\"> Aptikimas: aptikti, ar yra objektas.<\/span><\/li>\n<li><span style=\"font-weight: 400;\"> Atpa\u017einimas: pa\u017ei\u016br\u0117kite, kokio tipo objektas tai yra (pvz., asmuo, transporto priemon\u0117, l\u0117ktuvas).<\/span><\/li>\n<li><span style=\"font-weight: 400;\"> Identifikavimas: Pavyzd\u017eiui, pa\u017ei\u016br\u0117kite, ar kas nors yra draugas ar prie\u0161as.<\/span><\/li>\n<\/ul>\n<p>&nbsp;<\/p>\n<p><strong>Keli temperat\u016bros matavimo re\u017eimai<\/strong><\/p>\n<p><strong>Centrinis temperat\u016bros matavimas<br \/>\n<\/strong><span style=\"font-weight: 400;\">Per\u017ei\u016br\u0117kite temperat\u016bros rodym\u0105 realiuoju laiku ekrano centre.<\/span><\/p>\n<p><span style=\"font-weight: 400;\"><strong>Ta\u0161kinis temperat\u016bros matavimas<\/strong><br \/>\n<\/span><span style=\"font-weight: 400;\">Bakstel\u0117kite ekran\u0105 ir pasirinkto objekto temperat\u016bra bus rodoma realiu laiku.<\/span><\/p>\n<p><span style=\"font-weight: 400;\"><strong>Regional temperature measurement<\/strong><br \/>\n<\/span><span style=\"font-weight: 400;\">Get a dynamic view of the average temperature, maximum temperature, and minimum temperature displayed in a selected area.<\/span><\/p>\n<p><strong>10 termini\u0173 spalv\u0173 pale\u010di\u0173<\/strong><span style=\"font-weight: 400;\"><br \/>\n<\/span><span style=\"font-weight: 400;\">White Hot | Cold and Hot | Rainbow | Enhanced Rainbow | Ironbow | Lava | Arctic | Searing | Gradation |Heat Detection<\/span><\/p>\n<p><span style=\"font-weight: 400;\"><strong>Vaizdas vaizde rodymo re\u017eimas<\/strong><br \/>\n<\/span><span style=\"font-weight: 400;\">Vizualiniai ir terminiai vaizdai yra sujungti, kad pad\u0117t\u0173 vartotojams greitai interpretuoti duomenis ir pad\u0117ti priimti svarbius sprendimus.<\/span><\/p>\n<p><span style=\"font-weight: 400;\"><strong>Temperat\u016bros signalizacija<\/strong><br \/>\n<\/span><span style=\"font-weight: 400;\">Stebi ekrano temperat\u016br\u0105 realiu laiku. Sistema prane\u0161a vartotojui, kai temperat\u016bra pasiekia nustatyt\u0105 rib\u0105.<\/span><\/p>\n<p><strong>Izoterma<br \/>\n<\/strong><span style=\"font-weight: 400;\">Nustatykite temperat\u016bros diapazon\u0105 ir sistema aptiks visus objektus, esan\u010dius nurodytame temperat\u016bros diapazone.<\/span><\/p>\n<p><span style=\"font-weight: 400;\"><strong>Vaizdo tobulinimas<\/strong><br \/>\n<\/span><span style=\"font-weight: 400;\">Palaiko vaizdo ry\u0161kumo, kontrasto ir vaizdo detali\u0173 reguliavim\u0105 realiuoju laiku. Sistema pary\u0161kins visus objektus, esan\u010dius tikslin\u0117je temperat\u016broje.<\/span><\/p>\n<p><span style=\"font-weight: 400;\"><strong>Galingas infraraudon\u0173j\u0173 spinduli\u0173 \u0161ilumin\u0117s analiz\u0117s \u012frankis<\/strong><br \/>\n<\/span><span style=\"font-weight: 400;\">\u0160is nemokamas temperat\u016bros matavimo analiz\u0117s \u012frankis sukurtas specialiai 640T ir leid\u017eia vartotojams greitai importuoti vaizdus, \u200b\u200b\u200b\u200bredaguoti ir analizuoti temperat\u016bros matavimus bei generuoti i\u0161samias ataskaitas, skirtas dalytis ir bendradarbiauti.<\/span><\/p>\n<p><span style=\"font-weight: 400;\"><strong>50 MP itin jautri kamera<\/strong><br \/>\n<\/span><span style=\"font-weight: 400;\">EVO II Dual 640T V3 specialus RYYB jutiklis turi m\u0117nulio \u0161viesos algoritm\u0105 2.0, kuris u\u017etikrina puik\u0173 triuk\u0161mo slopinim\u0105 esant ribotam ap\u0161vietimui, dar labiau pagerindamas 50 megapikseli\u0173 kamer\u0105, kad naudotojams b\u016bt\u0173 suteikta daugiau informacijos, kad b\u016bt\u0173 galima geriau atlikti teismo ekspertiz\u0119 ir analiz\u0119.<\/span><\/p>\n<p><span style=\"font-weight: 400;\"><strong>.8&#8243; jutiklio dydis<\/strong><br \/>\n<\/span><span style=\"font-weight: 400;\">EVO II Dual 640T V3 .8&#8243; RYYB CMOS, palyginti su 1\/2&#8243; arba 1\/2,3&#8243; konkurentais, suteikia iki 144% ~ 233% didesn\u012f pavir\u0161iaus plot\u0105, kad gautum\u0117te maksimalias detales esant didelio kontrasto ap\u0161vietimui.<\/span><\/p>\n<p><span style=\"font-weight: 400;\"><strong>RYYB jutikli\u0173 technologija<\/strong><br \/>\n<\/span><span style=\"font-weight: 400;\">RYYB jutikli\u0173 technologija nutolsta nuo RGB kamer\u0173, si\u016blydama iki 40 % didesn\u012f \u0161viesos jautrum\u0105 esant prastam ap\u0161vietimui.<\/span><\/p>\n<p><span style=\"font-weight: 400;\"><strong>PDAF+CDAF automatinio fokusavimo sistema<\/strong><br \/>\n<\/span><span style=\"font-weight: 400;\">Niekada nepraraskite objekt\u0173, naudodami PDAF (faz\u0117s aptikimo automatinio fokusavimo) ir CDAF (kontrasto aptikimo automatinio fokusavimo) technologij\u0105, kad b\u016bt\u0173 galima greitai ir tiksliai sekti.<\/span><\/p>\n<p><span style=\"font-weight: 400;\"><strong>\u017di\u016br\u0117kite scen\u0105 su 16 kart\u0173 skaitmeniniu priartinimu<\/strong><br \/>\n<\/span><span style=\"font-weight: 400;\">Sistema palaiko 16 kart\u0173 skaitmenin\u012f priartinim\u0105 ir 4x be nuostoli\u0173 priartinim\u0105, u\u017etikrinant\u012f vaizd\u0173 gavim\u0105 dideliais atstumais ir i\u0161sami\u0105 scen\u0173 \u012f\u017evalg\u0105 saugiai ir be aptikimo.<\/span><\/p>\n<p><span style=\"font-weight: 400;\"><strong>4K HDR didesniam dinaminiam diapazonui<\/strong><br \/>\n<\/span><span style=\"font-weight: 400;\">4K HDR automati\u0161kai subalansuoja per didel\u0119 ir nepakankam\u0105 ekspozicij\u0105, kai fotografuojate scenas su per dideliu kontrastu ir sukuria ai\u0161kesnius vaizdus su daugiau sluoksni\u0173.<\/span><\/p>\n<p><span style=\"font-weight: 400;\"><strong>SkyLink 2.0 vaizdo perdavimas<\/strong><br \/>\n<\/span><span style=\"font-weight: 400;\">EVO II Dual 640T V3 atnaujintas naudojant visi\u0161kai nauj\u0105 Autel SkyLink 2.0 vaizdo perdavimo technologij\u0105.<\/span><\/p>\n<p><span style=\"font-weight: 400;\">Nuskriskite toliau su HD vaizdo perdavimu iki 8 km.<br \/>\n<\/span><span style=\"font-weight: 400;\">Gaukite svarbi\u0173 detali\u0173 naudodami QHD vaizdo \u012fra\u0161\u0105 1 km atstumu.<br \/>\n<\/span><span style=\"font-weight: 400;\">Palaikykite trij\u0173 juost\u0173 ry\u0161\u012f 2.4G\/5.8Gation ir automatin\u012f da\u017enio \u0161uol\u012f, kad b\u016bt\u0173 maksimaliai apsaugotas nuo trukd\u017ei\u0173.<\/span><\/p>\n<p><strong>360\u00b0 kli\u016b\u010di\u0173 i\u0161vengimas<br \/>\n<\/strong><span style=\"font-weight: 400;\">\u012erengta 19 jutikli\u0173 grupi\u0173, \u012fskaitant 12 vaizdo jutikli\u0173, pagrindin\u0117 kamera, ultragarsas, IMU ir kiti jutikliai leid\u017eia kurti trima\u010dius \u017eem\u0117lapius ir planuoti keli\u0105 realiuoju laiku.<\/span><\/p>\n<p><strong>Praktin\u0117s ir patogumo savyb\u0117s<\/strong><\/p>\n<p><span style=\"font-weight: 400;\"><strong>Greitai diegti<\/strong><br \/>\n<\/span><span style=\"font-weight: 400;\">EVO II Dual 640T V3 be r\u016bpes\u010di\u0173 nuo paleidimo iki pakilimo trunka 45 sekundes.<\/span><\/p>\n<p><span style=\"font-weight: 400;\"><strong>Skryd\u017ei\u0173 zon\u0173 n\u0117ra*<\/strong><br \/>\n<\/span><span style=\"font-weight: 400;\">EVO II Dual 640T V3 neturi joki\u0173 skryd\u017eio zon\u0173 ir netrukdys pilotui pakilti.<\/span><\/p>\n<p><span style=\"font-weight: 400;\"><strong>Joki\u0173 priverstini\u0173 atnaujinim\u0173**<\/strong><br \/>\n<\/span><span style=\"font-weight: 400;\">EVO II Dual 640T V3 neb\u016btina tur\u0117ti naujausios aparatin\u0117s \u012frangos ar programos versijos, kad pakilt\u0173 prie\u0161ingai nei kiti konkurentai.<\/span><\/p>\n<p><span style=\"font-weight: 400;\"><strong>Ne ITAR<\/strong><br \/>\n<\/span><span style=\"font-weight: 400;\">Daugiau eksporto laisvi\u0173, nes EVO II Dual 640T V3 nepatenka \u012f JAV tarptautinio prekybos ginklais taisykles.<\/span><\/p>\n<p><span style=\"font-weight: 400;\">Maksimalus skryd\u017eio laikas 38 minut\u0117s<br \/>\n<\/span><span style=\"font-weight: 400;\">8 km Maksimalus perdavimo diapazonas<br \/>\n<\/span><span style=\"font-weight: 400;\">12m\/s Maksimalus atsparumas v\u0117jui<br \/>\n<\/span><span style=\"font-weight: 400;\">Maksimalus skryd\u017eio greitis 20 m\/s<br \/>\n<\/span><span style=\"font-weight: 400;\">Maksimali keliamoji galia 920g<\/span><\/p>\n<p><strong>Autel Smart Controller V3<br \/>\n<\/strong><span style=\"font-weight: 400;\">Smart Controller V3 7,9 colio, 2000 nit\u0173 didelio ry\u0161kumo ekranas yra ai\u0161kiai matomas net esant tiesioginiams saul\u0117s spinduliams. \u201eSkyLink 2.0\u201c perdavimo technologija garantuoja operacijas dideliais atstumais iki 8 km atstumu ir pagerina trikd\u017ei\u0173 slopinimo geb\u0117jimus su trigubo da\u017enio \u0161uoliu. Pritaikyta Android sistema suteikia papildomo lankstumo naudojant tre\u010di\u0173j\u0173 \u0161ali\u0173 programas, o IP43 \u012fvertinimas u\u017etikrina veikim\u0105 bet kokiu oru.<\/span><\/p>\n<p><span style=\"font-weight: 400;\">7,9 colio HD jutiklinis ekranas<br \/>\n<\/span><span style=\"font-weight: 400;\">Temperat\u016bros diapazonas nuo -20 \u2103 iki 40 \u2103<br \/>\n<\/span><span style=\"font-weight: 400;\">2000 nit\u0173 maksimalus ry\u0161kumas<br \/>\n<\/span><span style=\"font-weight: 400;\">Atsparumas IP43<\/span><\/p>\n<p><span style=\"font-weight: 400;\"><strong>Live\u00a0 Deck 2<\/strong><br \/>\n<\/span><span style=\"font-weight: 400;\">Tiesiogiai transliuokite informacij\u0105 apie misij\u0105 kitiems operacijos darbuotojams, kad padid\u0117t\u0173 situacijos suvokimas ir b\u016bt\u0173 priimti svarb\u016bs sprendimai. EVO II Enterprise V3 yra suderinamas su Live Deck 2, kuris si\u016blo keli\u0173 prievad\u0173 srautin\u012f perdavim\u0105 \u012f monitorius ir Wi-Fi palaikym\u0105 keliems i\u0161maniesiems telefonams.<\/span><\/p>\n<p><span style=\"font-weight: 400;\">1080P\/60FPS vaizdo srautas<br \/>\n<\/span><span style=\"font-weight: 400;\">12KM transmisijos diapazonas<br \/>\n<\/span><span style=\"font-weight: 400;\">Trys automatinio persijungimo juostos<br \/>\n<\/span><span style=\"font-weight: 400;\">Atsparumas IP43<\/span><\/p>\n","protected":false},"excerpt":{"rendered":"<p>640&#215;512 30Hz naujas \u0161iluminio vaizdo jutiklis \u012erengtas 640*512 didel\u0117s rai\u0161kos \u0161iluminio vaizdo kamera su 13 mm \u017eidinio nuotolio objektyvu ir 16 kart\u0173 skaitmeniniu priartinimu, tod\u0117l lengva steb\u0117ti tolimus taikinius. Sistema naudoja nauj\u0105 vaizdo apdorojimo algoritm\u0105, tod\u0117l \u0161iluminio vaizdo detal\u0117s yra ai\u0161kesn\u0117s ir geriau matomos nei konkurencija su pana\u0161ia rai\u0161ka ir aparatine \u012franga. DRI diapazonai DRI [&hellip;]<\/p>\n","protected":false},"featured_media":4369,"template":"","meta":{"_gspb_post_css":""},"product_brand":[],"product_cat":[147,149],"product_tag":[],"class_list":{"0":"post-3905","1":"product","2":"type-product","3":"status-publish","4":"has-post-thumbnail","6":"product_cat-evo-ii-enterprise-series-lt","7":"product_cat-special-purpose-drones-lt","9":"first","10":"outofstock","11":"taxable","12":"shipping-taxable","13":"purchasable","14":"product-type-simple"},"_links":{"self":[{"href":"https:\/\/auteldronesbaltic.com\/lt\/wp-json\/wp\/v2\/product\/3905","targetHints":{"allow":["GET"]}}],"collection":[{"href":"https:\/\/auteldronesbaltic.com\/lt\/wp-json\/wp\/v2\/product"}],"about":[{"href":"https:\/\/auteldronesbaltic.com\/lt\/wp-json\/wp\/v2\/types\/product"}],"wp:featuredmedia":[{"embeddable":true,"href":"https:\/\/auteldronesbaltic.com\/lt\/wp-json\/wp\/v2\/media\/4369"}],"wp:attachment":[{"href":"https:\/\/auteldronesbaltic.com\/lt\/wp-json\/wp\/v2\/media?parent=3905"}],"wp:term":[{"taxonomy":"product_brand","embeddable":true,"href":"https:\/\/auteldronesbaltic.com\/lt\/wp-json\/wp\/v2\/product_brand?post=3905"},{"taxonomy":"product_cat","embeddable":true,"href":"https:\/\/auteldronesbaltic.com\/lt\/wp-json\/wp\/v2\/product_cat?post=3905"},{"taxonomy":"product_tag","embeddable":true,"href":"https:\/\/auteldronesbaltic.com\/lt\/wp-json\/wp\/v2\/product_tag?post=3905"}],"curies":[{"name":"wp","href":"https:\/\/api.w.org\/{rel}","templated":true}]}}