{"id":5485,"date":"2023-11-27T16:38:00","date_gmt":"2023-11-27T14:38:00","guid":{"rendered":"https:\/\/auteldronesbaltic.com\/?post_type=product&#038;p=5485"},"modified":"2023-11-27T16:58:47","modified_gmt":"2023-11-27T14:58:47","slug":"autel-evo-ii-pro-v3-grey","status":"publish","type":"product","link":"https:\/\/auteldronesbaltic.com\/lt\/autel-evo-ii-lt\/autel-evo-ii-pro-v3-grey\/","title":{"rendered":"Autel EVO II Pro V3 \/ Grey"},"content":{"rendered":"<p><b>I\u0161skirtin\u0117 vaizdo kokyb\u0117<br \/>\n<\/b><span style=\"font-weight: 400;\">Su naujuoju Sony 20 megapikseli\u0173 1 colio CMOS vaizdo jutikliu EVO II Pro V3 palaiko iki 6K vaizdo skiriam\u0105j\u0105 geb\u0105, didesn\u012f dinamin\u012f diapazon\u0105, stipresn\u012f triuk\u0161mo slopinim\u0105 ir didesn\u012f kadr\u0173 da\u017en\u012f. Objektyvo reguliuojamas diafragmos diapazonas nuo f2,8 iki f11 ir maksimalus ISO 44000 leid\u017eia fotografui pagerinti savo valdym\u0105 ir k\u016brybin\u0119 laisv\u0119.<\/span><\/p>\n<p><span style=\"font-weight: 400;\">1 colio CMOS<br \/>\n<\/span><span style=\"font-weight: 400;\">20MP nuotrauka<br \/>\n<\/span><span style=\"font-weight: 400;\">6K\/30FPS vaizdo \u012fra\u0161as<br \/>\n<\/span><span style=\"font-weight: 400;\">F2.8~F11 Diafragma<\/span><\/p>\n<p><b>M\u0117nulio \u0161viesos algoritmas 2.0<br \/>\n<\/b><span style=\"font-weight: 400;\">S\u0117kminga naktin\u0117 fotografija su EVO II Pro V3 6K 1&#8243; CMOS ir Autel Robotics Moonlight Algorithm 2.0.<\/span><\/p>\n<p><b>4K HDR vaizdo \u012fra\u0161as<br \/>\n<\/b><span style=\"font-weight: 400;\">Siekdamas auk\u0161\u010diausios kokyb\u0117s vaizdo, EVO II Pro V3 sujungia 4K ry\u0161kum\u0105 su HDR ry\u0161kumu, spalvomis ir detal\u0117mis. Anks\u010diau pasl\u0117ptos tamsi\u0173 \u0161e\u0161\u0117li\u0173 ir saul\u0117s spinduli\u0173 sritys dabar yra pilnos ai\u0161kumo ir detali\u0173.<\/span><\/p>\n<p><b>Lankstumas po gamybos su 12 bit\u0173 DNG<br \/>\n<\/b><span style=\"font-weight: 400;\">EVO II Pro V3 gali daryti 12 bit\u0173 DNG nuotraukas ir gali \u012fra\u0161yti iki 68,6 milijardo spalv\u0173 su 64 kartus didesne spalv\u0173 perteikimo galia nei 10 bit\u0173, tod\u0117l v\u0117liau atliekama gamyba yra lankstesn\u0117.<\/span><\/p>\n<p><b>\u201eHyper-Lapse\u201c fotografija 6K<br \/>\n<\/b><span style=\"font-weight: 400;\">Galite m\u0117gautis savo m\u0117gstamomis akimirkomis bet kuriuo metu, be papildomo apdorojimo, nes 6K mobilusis laikmatis gali b\u016bti eksportuojamas i\u0161kart po \u012fra\u0161ymo, taip pat palaikomas JPEG\/RAW formatas.<\/span><\/p>\n<p><b>Autel SkyLink 2.0<br \/>\n<\/b><span style=\"font-weight: 400;\">EVO II Pro V3 atnaujintas naudojant visi\u0161kai nauj\u0105 Autel SkyLink 2.0 vaizdo perdavimo technologij\u0105.<\/span><\/p>\n<p><b>8 km<br \/>\n<\/b><span style=\"font-weight: 400;\">Nuskriskite toliau su HD vaizdo perdavimu iki 8 km.<\/span><\/p>\n<p><b>QHD<br \/>\n<\/b><span style=\"font-weight: 400;\">Gaukite svarbi\u0173 detali\u0173 naudodami QHD vaizdo \u012fra\u0161\u0105 1 km atstumu.<\/span><\/p>\n<p><b>2,4 G \/ 5,8 G<br \/>\n<\/b><span style=\"font-weight: 400;\">Palaikykite trij\u0173 juost\u0173 ry\u0161\u012f ir automatin\u012f da\u017enio \u0161uol\u012f, kad b\u016bt\u0173 maksimaliai apsaugotas nuo trukd\u017ei\u0173.<\/span><\/p>\n<p><b>360\u00b0 kli\u016b\u010di\u0173 i\u0161vengimas<br \/>\n<\/b><span style=\"font-weight: 400;\">\u012erengta 19 jutikli\u0173 grupi\u0173, \u012fskaitant 12 vaizdo jutikli\u0173, pagrindin\u0117 kamera, ultragarsas, IMU ir kiti jutikliai leid\u017eia kurti trima\u010dius \u017eem\u0117lapius ir planuoti keli\u0105 realiuoju laiku.<\/span><\/p>\n<p><span style=\"font-weight: 400;\">*I\u0161samesn\u0117s informacijos apie kli\u016b\u010di\u0173 vengim\u0105 ir jo apribojimus, kurie gali veikti arba neveikti esant ribotam ap\u0161vietimui, esant tiesioginei stipriai saul\u0117s \u0161viesai arba per plonas med\u017ei\u0173 \u0161akas ar laidus, ie\u0161kokite vadove.<\/span><\/p>\n<p><b>Maksimalus na\u0161umas Begalin\u0117s galimyb\u0117s<\/b><\/p>\n<p><span style=\"font-weight: 400;\">Maksimalus skryd\u017eio laikas 40 minu\u010di\u0173<br \/>\n<\/span><span style=\"font-weight: 400;\">8 km Maksimalus perdavimo diapazonas<br \/>\n<\/span><span style=\"font-weight: 400;\">27 myli\u0173 per valand\u0105 (12 m\/s) did\u017eiausias v\u0117jo pasiprie\u0161inimas<br \/>\n<\/span><span style=\"font-weight: 400;\">45 myli\u0173 per valand\u0105 (20 m\/s) maksimalus skryd\u017eio greitis<\/span><\/p>\n<p><b>Autel Smart Controller SE<br \/>\n<\/b><span style=\"font-weight: 400;\">\u201eSmart Controller SE\u201c yra su 6,4 colio OLED jutikliniu ekranu ir naujausiu 8 branduoli\u0173 procesoriumi HD vaizdo perdavimui. \u201eSkyLink 2.0\u201c perdavimo technologija garantuoja operacij\u0105 dideliais atstumais iki 15 km ir pagerina atsparum\u0105 trukd\u017eiams, naudojant trigubo da\u017enio \u0161uoliavim\u0105. Pritaikyta Android sistema suteikia papildomo lankstumo naudojant tre\u010di\u0173j\u0173 \u0161ali\u0173 programas, o IP43 \u012fvertinimas u\u017etikrina veikim\u0105 bet kokiu oru.<\/span><\/p>\n<p><span style=\"font-weight: 400;\">6,4 colio \u012fstri\u017eain\u0117s ekranas<br \/>\n<\/span><span style=\"font-weight: 400;\">15 km pavar\u0173 d\u0117\u017e\u0117s atstumas<br \/>\n<\/span><span style=\"font-weight: 400;\">Nuimamas akumuliatorius<br \/>\n<\/span><span style=\"font-weight: 400;\">Tre\u010diosios \u0161alies programos<br \/>\n<\/span><span style=\"font-weight: 400;\">Darbin\u0117 temperat\u016bra nuo -10 \u2103 iki 40 \u2103<\/span><\/p>\n<p><b>Live Deck 2: transliuokite bet kur<br \/>\n<\/b><span style=\"font-weight: 400;\">EVO II Pro V3 palaiko keli\u0173 prievad\u0173 HDMI realiojo laiko i\u0161vest\u012f, kad atitikt\u0173 projekcijos steb\u0117jimo ir tiesiogin\u0117s transliacijos su \u201eLive Deck 2\u201c reikalavimus.<\/span><\/p>\n<p><span style=\"font-weight: 400;\">1080P\/60FPS vaizdo srautas<br \/>\n<\/span><span style=\"font-weight: 400;\">Trys automatinio persijungimo juostos<br \/>\n<\/span><span style=\"font-weight: 400;\">Transmisijos diapazonas<br \/>\n<\/span><span style=\"font-weight: 400;\">5 valand\u0173 baterijos veikimo laikas<br \/>\n<\/span><span style=\"font-weight: 400;\">Atsparumas IP43<\/span><\/p>\n","protected":false},"excerpt":{"rendered":"<p>I\u0161skirtin\u0117 vaizdo kokyb\u0117 Su naujuoju Sony 20 megapikseli\u0173 1 colio CMOS vaizdo jutikliu EVO II Pro V3 palaiko iki 6K vaizdo skiriam\u0105j\u0105 geb\u0105, didesn\u012f dinamin\u012f diapazon\u0105, stipresn\u012f triuk\u0161mo slopinim\u0105 ir didesn\u012f kadr\u0173 da\u017en\u012f. Objektyvo reguliuojamas diafragmos diapazonas nuo f2,8 iki f11 ir maksimalus ISO 44000 leid\u017eia fotografui pagerinti savo valdym\u0105 ir k\u016brybin\u0119 laisv\u0119. 1 colio [&hellip;]<\/p>\n","protected":false},"featured_media":5569,"template":"","meta":{"_gspb_post_css":""},"product_brand":[],"product_cat":[96,136,126],"product_tag":[],"class_list":{"0":"post-5485","1":"product","2":"type-product","3":"status-publish","4":"has-post-thumbnail","6":"product_cat-autel-evo-ii-lt","7":"product_cat-autel-evo-ii-pro-ir-priedai","8":"product_cat-dronai","10":"first","11":"instock","12":"taxable","13":"shipping-taxable","14":"purchasable","15":"product-type-simple"},"_links":{"self":[{"href":"https:\/\/auteldronesbaltic.com\/lt\/wp-json\/wp\/v2\/product\/5485","targetHints":{"allow":["GET"]}}],"collection":[{"href":"https:\/\/auteldronesbaltic.com\/lt\/wp-json\/wp\/v2\/product"}],"about":[{"href":"https:\/\/auteldronesbaltic.com\/lt\/wp-json\/wp\/v2\/types\/product"}],"wp:featuredmedia":[{"embeddable":true,"href":"https:\/\/auteldronesbaltic.com\/lt\/wp-json\/wp\/v2\/media\/5569"}],"wp:attachment":[{"href":"https:\/\/auteldronesbaltic.com\/lt\/wp-json\/wp\/v2\/media?parent=5485"}],"wp:term":[{"taxonomy":"product_brand","embeddable":true,"href":"https:\/\/auteldronesbaltic.com\/lt\/wp-json\/wp\/v2\/product_brand?post=5485"},{"taxonomy":"product_cat","embeddable":true,"href":"https:\/\/auteldronesbaltic.com\/lt\/wp-json\/wp\/v2\/product_cat?post=5485"},{"taxonomy":"product_tag","embeddable":true,"href":"https:\/\/auteldronesbaltic.com\/lt\/wp-json\/wp\/v2\/product_tag?post=5485"}],"curies":[{"name":"wp","href":"https:\/\/api.w.org\/{rel}","templated":true}]}}