{"id":3500,"date":"2022-05-03T13:31:19","date_gmt":"2022-05-03T10:31:19","guid":{"rendered":"https:\/\/auteldronesbaltic.com\/pasutisanas-nosacijumi\/"},"modified":"2026-03-24T15:47:57","modified_gmt":"2026-03-24T13:47:57","slug":"pasutisanas-nosacijumi","status":"publish","type":"page","link":"https:\/\/auteldronesbaltic.com\/lv\/pasutisanas-nosacijumi\/","title":{"rendered":"P\u0101rdo\u0161anas noteikumi"},"content":{"rendered":"\n<p>Tie\u0161saistes veikala auteldronesbaltic.com (turpm\u0101k \u2013 Veikals) \u012bpa\u0161nieks ir OSTAX O\u00dc<\/p>\n\n<p>(Re\u0123istr\u0101cijas kods: 12971890), ar atra\u0161an\u0101s vietu Harju apri\u0146\u0137\u012b, Tallin\u0101, Haabersti rajon\u0101, Taludevahe iela 43-14, 13516<\/p>\n\n<h3 class=\"wp-block-heading\" id=\"muugilepingu-kehtivus-kauba-ja-hinnainfo\">P\u0101rdo\u0161anas l\u012bguma sp\u0113k\u0101 esam\u012bba, pre\u010du un cenu inform\u0101cija<\/h3>\n\n<p>P\u0101rdo\u0161anas noteikumi ir sp\u0113k\u0101, p\u0113rkot preces no interneta veikala.<\/p>\n\n<p>Interneta veikal p\u0101rdoto pre\u010du cenas ir nor\u0101d\u012btas pie attiec\u012bgaj\u0101m prec\u0113m. Cenai tiek pieskait\u012bta maksa par pre\u010du pieg\u0101di. Visas interneta veikal p\u0101rdoto pre\u010du cenas ir eiro.&#13;\n<\/p>\n\n<p>Maksa par pre\u010du pieg\u0101di nosaka pirc\u0113ja atra\u0161an\u0101s vieta un izv\u0113l\u0113tais pieg\u0101des veids. Pieg\u0101des maksa tiek r\u0101d\u012bta pirc\u0113jam, veicot pas\u016bt\u012bjumu.<\/p>\n\n<p>Inform\u0101cija par preci tiek sniegta tie\u0161i pie preces interneta veikal\u0101.<\/p>\n\n<h3 class=\"wp-block-heading\" id=\"tellimuse-vormistamine\">Pas\u016bt\u012bjuma noform\u0113\u0161ana<\/h3>\n\n<p>Lai pas\u016bt\u012bjuma noform\u0113\u0161anai ir j\u0101ievieto izv\u0113l\u0113tie produkti groz\u0101. Lai pabeigtu pas\u016bt\u012bjumu, j\u0101aizpilda nepiecie\u0161amie datu lauki un j\u0101izv\u0113las piem\u0113rot\u0101 pre\u010du pieg\u0101des metode. P\u0113c tam ekr\u0101n\u0101 tiks par\u0101d\u012bta maksa summa, kuru var dro\u0161i apmaks\u0101t, izmantojot \u0161\u0101dus maks\u0101juma veidus:<\/p>\n\n<p>Igaudijas banku maks\u0101jumi:<br\/>SEB<br\/>LHV<br\/>Luminor<br\/>Coop Pank<br\/>Citadele<br\/>Revolut<br\/>N26<br\/>Wise<br\/>Paysera<\/p>\n\n<p>L\u00e4ti pangamaksed:<br\/>SEB<br\/>Luminor<br\/>Citadele<br\/>Revolut<br\/>N26<br\/>Wise<br\/>Paysera<\/p>\n\n<p>Leedu pangamaksed:<br\/>SEB<br\/>Luminor<br\/>Citadele<br\/>Artea<br\/>Urbo<br\/>LKU<br\/>KREDA<br\/>Revolut<br\/>N26<br\/>Wise<br\/>Paysera<\/p>\n\n<p>NB! Pangalingiga tasumisel vajutada kindlasti panga lehel nupule \u201eTagasi kaupmehe juurde\u201c.<\/p>\n\n<p>Makseid vahendab <a href=\"http:\/\/www.maksekeskus.ee\/\" rel=\"nofollow noopener\" target=\"_blank\">Maksekeskus AS<\/a>. Tasumine toimub v\u00e4ljaspool Veebipoodi turvalises keskkonnas \u2013 pangalingiga tasumisel vastava panga turvalises keskkonnas ja krediitkaardiga tasumisel Maksekeskus AS turvalises keskkonnas. M\u00fc\u00fcjal puudub ligip\u00e4\u00e4s kliendi panga ja krediitkaardi andmetele. Leping j\u00f5ustub alates tasumisele kuuluva summa laekumisest Veebipoe arvelduskontole.<\/p>\n\n<p>Veebipoe omanik on isikuandmete vastutav t\u00f6\u00f6tleja ning edastab maksete teostamiseks vajalikud isikuandmed volitatud t\u00f6\u00f6tleja Maksekeskus AS-le.<\/p>\n\n<p>Kui tellitud kaupa ei ole v\u00f5imalik tarnida seoses kauba l\u00f5ppemisega v\u00f5i muul p\u00f5hjusel, teavitatakse sellest ostjat esimesel v\u00f5imalusel ning tagastatakse tasutud raha (sh kauba k\u00e4ttetoimetamise kulud) viivitamata, kuid mitte hiljem kui 14 p\u00e4eva jooksul teate saatmisest.<\/p>\n\n<h3 class=\"wp-block-heading\" id=\"kohaletoimetamine\">Kohaletoimetamine<\/h3>\n\n<p>Kaupu saadetakse j\u00e4rgmistesse riikidesse: Eesti, L\u00e4ti, Leedu<\/p>\n\n<p>Kauba k\u00e4ttesaamiseks on ostjal j\u00e4rgnevad valikud:<\/p>\n\n<p>Omniva, Smartposti, DPD<\/p>\n\n<p>Kauba saatmiskulud kannab ostja ning vastav hinnainfo on kuvatud saatmisviisi juures.<\/p>\n\n<p>Kogu baltikumi\u00a0 saadetised j\u00f5uavad \u00fcldjuhul ostja m\u00e4\u00e4ratud sihtpunkti 3-5 t\u00f6\u00f6p\u00e4eva jooksul alates m\u00fc\u00fcgilepingu j\u00f5ustumisest.\u00a0<\/p>\n\n<p>Erandlikel juhtumitel on \u00f5igus kaup kohale toimetada kuni 45 kalendrip\u00e4eva jooksul.<\/p>\n\n<h3 class=\"wp-block-heading\" id=\"taganemisoigus\">Taganemis\u00f5igus<\/h3>\n\n<p>P\u00e4rast tellimuse k\u00e4ttesaamist on ostjal \u00f5igus e-poes s\u00f5lmitud lepingust taganeda 14 p\u00e4eva jooksul.<\/p>\n\n<p>Taganemis\u00f5igus ei kohaldu, kui ostjaks on juriidiline isik.<\/p>\n\n<p>14-p\u00e4evase tagastamis\u00f5iguse kasutamiseks ei tohi tellitud kaupa kasutada muul viisil kui on vajalik kauba olemuses, omadustes ja toimimises veendumiseks viisil nagu see on lubatud kauba testimiseks f\u00fc\u00fcsilises poes.<\/p>\n\n<p>Kui kaupa on kasutatud muuks otstarbeks kui on vajalik kauba olemuses, omadustes ja toimimises veendumiseks v\u00f5i sellel on kasutamise v\u00f5i kulumise m\u00e4rke, on Veebipoel \u00f5igus alandada tagastatavat tasu vastavalt kauba v\u00e4\u00e4rtuse v\u00e4henemisele.<\/p>\n\n<p>Kauba tagastamiseks tuleb esitada kauba ostmisest taganemise avaldus, mille vormi leiab siit:<\/p>\n\n<p>sisestada link taganemisavaldusele\u00a0<\/p>\n\n<p>ning saata see e-posti aadressile <a href=\"mailto:info@auteldronesbaltic.com\">info@auteldronesbaltic.com<\/a> hiljemalt 14 p\u00e4eva jooksul kauba k\u00e4ttesaamisest.<\/p>\n\n<p>Kauba tagastamise kulud kannab ostja, v\u00e4lja arvatud juhul, kui tagastamise p\u00f5hjus seisneb asjaolus, et tagastamisele kuuluv toode ei vasta tellitule (nt vale v\u00f5i defektiga toode).<\/p>\n\n<p>Ostja peab kauba tagastama avalduse esitamisele j\u00e4rgneva 14 p\u00e4eva jooksul v\u00f5i esitama t\u00f5endi, et ta on eelnimetatud perioodi jooksul kauba \u00fcle andnud kauba vedajale.<\/p>\n\n<p>Veebipood tagastab tagastatava kauba k\u00e4ttesaamisel ostjale viivitamata, kuid mitte hiljem kui 14 p\u00e4eva m\u00f6\u00f6dumisel arvates taganemisavalduse saamisest, k\u00f5ik ostjalt lepingu alusel saadud tasud.<\/p>\n\n<p>Veebipood v\u00f5ib keelduda tagasimaksete tegemisest seni, kuni on lepingu esemeks oleva asja tagasi saanud v\u00f5i kuni ostja on esitanud t\u00f5endid, et on asja tagasi saatnud, s\u00f5ltuvalt sellest, kumb toimub varem.<\/p>\n\n<p>Kui ostja on s\u00f5naselgelt valinud Veebipoe pakutud k\u00f5ige odavamast tavap\u00e4rasest asja k\u00e4ttetoimetamise viisist erineva k\u00e4ttetoimetamise viisi, ei pea Veebipood tarbijale tagastama kulu, mis \u00fcletab tavap\u00e4rase k\u00e4ttetoimetamise viisiga seotud kulu.<\/p>\n\n<p>Veebipoel on \u00f5igus taganeda m\u00fc\u00fcgitehingust ning n\u00f5uda ostjalt tagasi kaup, kui kauba hind veebipoes on eksituse t\u00f5ttu m\u00e4rgitud oluliselt alla kauba turuhinna.<\/p>\n\n<h3 class=\"wp-block-heading\" id=\"pretensiooni-esitamise-oigus\">Pretensiooni esitamise \u00f5igus<\/h3>\n\n<p>Veebipood vastutab ostjale m\u00fc\u00fcdud kauba lepingutingimustele mittevastavuse v\u00f5i puuduse eest, mis oli olemas juba asja \u00fcleandmise hetkel ning mis ilmneb kuni kahe aasta jooksul, alates kauba \u00fcleandmisest ostjale. Sellest 1 aasta jooksul alates asja \u00fcleandmisest ostjale eeldatakse, et puudus oli olemas juba asja \u00fcleandmise ajal. Vastava eelduse \u00fcmberl\u00fckkamine on Veebipoe kohustus.<\/p>\n\n<p>Ostjal on \u00f5igus puuduse ilmnemisel p\u00f6\u00f6rduda hiljemalt kahe kuu jooksul veebipoe poole, saates e-kirja aadressile <a href=\"mailto:info@auteldronesbaltic.com\">info@auteldronesbaltic.com<\/a><\/p>\n\n<p>\u00a0v\u00f5i helistada telefonil: +372 5377 3611<\/p>\n\n<p>Veebipood ei vastuta puuduste eest, mis on tekkinud p\u00e4rast kauba \u00fcleandmist ostjale.<\/p>\n\n<p>Kui Veebipoest ostetud kaubal on puudused, mille eest Veebipood vastutab, parandab v\u00f5i asendab Veebipood puudusega kauba. Kui kaupa ei ole v\u00f5imalik parandada ega asendada, tagastab Veebipood ostjale k\u00f5ik m\u00fc\u00fcgilepinguga kaasnenud tasud.<\/p>\n\n<p>Veebipood vastab tarbija esitatud kaebusele kirjalikult v\u00f5i kirjalikku taasesitamist v\u00f5imaldavas vormis 15 p\u00e4eva jooksul.<\/p>\n\n<h3 class=\"wp-block-heading\" id=\"otseturustus-ja-isikuandmete-tootlemine\">Otseturustus ja isikuandmete t\u00f6\u00f6tlemine<\/h3>\n\n<p>Veebipood kasutab ostja poolt sisestatud isikuandmeid ainult tellimuse t\u00f6\u00f6tlemiseks ning kauba ostjale saatmiseks. Veebipood edastab isikuandmeid veoteenust pakkuvale ettev\u00f5tetele selleks, et kohale toimetada kaupa.<\/p>\n\n<p>Veebipood saadab ostjale uudiskirju ning pakkumisi ostja e-maili aadressile ainult juhul, kui ostja on selleks avaldanud soovi sisestades veebilehel e-kirja aadressi ning andnud teada oma soovist otsepostituse teadete saamiseks.<\/p>\n\n<p>Ostjal on igal ajal v\u00f5imalik loobuda e-postile saadetavatest pakkumistest ja uudiskirjadest andes sellest meile teada e-kirja teel v\u00f5i j\u00e4rgides pakkumisi sisaldava e-kirjas toodud juhiseid.<\/p>\n\n<h3 class=\"wp-block-heading\" id=\"vaidluste-lahendamine\">Vaidluste lahendamine<\/h3>\n\n<p>Kui ostjal on Veebipoe osas pretensioone, tuleb need saata e-kirja aadressile <a href=\"mailto:info@auteldronesbaltic.com\">info@auteldronesbaltic.com<\/a> v\u00f5i helistada telefonil: +372 5377 3611<\/p>\n\n<p>Kui ostja ja Veebipood ei suuda lahendada vaidlust kokkuleppe teel, siis on ostjal v\u00f5imalik p\u00f6\u00f6rduda Tarbijavaidluste komisjoni poole. Tarbijavaidluste komisjoni p\u00e4devuses on lahendada ostja ja Veebipoe vahel s\u00f5lmitud lepingust tulenevaid vaidlusi. Ostja kaebuse l\u00e4bivaatamine komisjonis on tasuta.<\/p>\n\n<p>Ostja v\u00f5ib p\u00f6\u00f6rduda Euroopa Liidu tarbijavaidlusi lahendava platvormi <a href=\"https:\/\/ec.europa.eu\/consumers\/odr\/main\/index.cfm?event=main.home2.show&amp;lng=ET\" rel=\"nofollow noopener\" target=\"_blank\">poole<\/a>.<\/p>\n\n<p><\/p>\n","protected":false},"excerpt":{"rendered":"<p>Tie\u0161saistes veikala auteldronesbaltic.com (turpm\u0101k \u2013 Veikals) \u012bpa\u0161nieks ir OSTAX O\u00dc (Re\u0123istr\u0101cijas kods: 12971890), ar atra\u0161an\u0101s vietu Harju apri\u0146\u0137\u012b, Tallin\u0101, Haabersti rajon\u0101, Taludevahe iela 43-14, 13516 P\u0101rdo\u0161anas l\u012bguma sp\u0113k\u0101 esam\u012bba, pre\u010du un cenu inform\u0101cija P\u0101rdo\u0161anas noteikumi ir sp\u0113k\u0101, p\u0113rkot preces no interneta veikala. Interneta veikal p\u0101rdoto pre\u010du cenas ir nor\u0101d\u012btas pie attiec\u012bgaj\u0101m prec\u0113m. Cenai tiek pieskait\u012bta [&hellip;]<\/p>\n","protected":false},"author":1,"featured_media":0,"parent":0,"menu_order":0,"comment_status":"closed","ping_status":"closed","template":"","meta":{"_gspb_post_css":"","footnotes":""},"class_list":["post-3500","page","type-page","status-publish","hentry"],"blocksy_meta":[],"_links":{"self":[{"href":"https:\/\/auteldronesbaltic.com\/lv\/wp-json\/wp\/v2\/pages\/3500","targetHints":{"allow":["GET"]}}],"collection":[{"href":"https:\/\/auteldronesbaltic.com\/lv\/wp-json\/wp\/v2\/pages"}],"about":[{"href":"https:\/\/auteldronesbaltic.com\/lv\/wp-json\/wp\/v2\/types\/page"}],"author":[{"embeddable":true,"href":"https:\/\/auteldronesbaltic.com\/lv\/wp-json\/wp\/v2\/users\/1"}],"replies":[{"embeddable":true,"href":"https:\/\/auteldronesbaltic.com\/lv\/wp-json\/wp\/v2\/comments?post=3500"}],"version-history":[{"count":10,"href":"https:\/\/auteldronesbaltic.com\/lv\/wp-json\/wp\/v2\/pages\/3500\/revisions"}],"predecessor-version":[{"id":7718,"href":"https:\/\/auteldronesbaltic.com\/lv\/wp-json\/wp\/v2\/pages\/3500\/revisions\/7718"}],"wp:attachment":[{"href":"https:\/\/auteldronesbaltic.com\/lv\/wp-json\/wp\/v2\/media?parent=3500"}],"curies":[{"name":"wp","href":"https:\/\/api.w.org\/{rel}","templated":true}]}}