{"id":3510,"date":"2022-04-02T14:16:58","date_gmt":"2022-04-02T11:16:58","guid":{"rendered":"https:\/\/auteldronesbaltic.com\/privatuma-politika\/"},"modified":"2026-03-24T15:36:55","modified_gmt":"2026-03-24T13:36:55","slug":"privatuma-politika","status":"publish","type":"page","link":"https:\/\/auteldronesbaltic.com\/lv\/privatuma-politika\/","title":{"rendered":"Priv\u0101tuma politika"},"content":{"rendered":"\n<p><strong>1.1.<\/strong> \u0160\u012b priv\u0101tuma politika nosaka principus, kas attiecas uz personas datu v\u0101k\u0161anu, apstr\u0101di un glab\u0101\u0161anu. Personas datus v\u0101c, apstr\u0101d\u0101 un glab\u0101 personas datu p\u0101rzinis (Ostax O\u00dc) (turpm\u0101k \u2013 datu apstr\u0101d\u0101t\u0101js).<\/p>\n\n\n\n<p><strong>1.2.<\/strong> Datu subjekts \u0161\u012bs priv\u0101tuma politikas izpratn\u0113 ir klients vai cita fiziska persona, kuras personas datus apstr\u0101d\u0101 datu apstr\u0101d\u0101t\u0101js.<\/p>\n\n\n\n<p><strong>1.3.<\/strong> Klients \u0161\u012bs priv\u0101tuma politikas izpratn\u0113 ir ikviena persona, kas ieg\u0101d\u0101jas preces vai pakalpojumus datu apstr\u0101d\u0101t\u0101ja m\u0101jaslap\u0101.<\/p>\n\n\n\n<p><strong>1.4.<\/strong> Datu apstr\u0101d\u0101t\u0101js iev\u0113ro ties\u012bbu aktos noteiktos datu apstr\u0101des principus, tostarp apstr\u0101d\u0101 personas datus likum\u012bgi, godpr\u0101t\u012bgi un dro\u0161i. Datu apstr\u0101d\u0101t\u0101js sp\u0113j apliecin\u0101t, ka personas dati tiek apstr\u0101d\u0101ti atbilsto\u0161i ties\u012bbu aktiem.<\/p>\n\n\n\n<h3 class=\"wp-block-heading\" id=\"2-personas-datu-vaksana-apstrade-un-glabasana\">2. Personas datu v\u0101k\u0161ana, apstr\u0101de un glab\u0101\u0161ana<\/h3>\n\n\n\n<p><strong>2.1.<\/strong> Personas dati, kurus datu apstr\u0101d\u0101t\u0101js v\u0101c, apstr\u0101d\u0101 un glab\u0101, tiek ieg\u016bti elektroniski, galvenok\u0101rt ar m\u0101jaslapas un e-pasta starpniec\u012bbu.<\/p>\n\n\n\n<p><strong>2.2.<\/strong> Sniedzot savus personas datus, datu subjekts dod datu apstr\u0101d\u0101t\u0101jam ties\u012bbas v\u0101kt, organiz\u0113t, izmantot un p\u0101rvald\u012bt personas datus \u0161aj\u0101 priv\u0101tuma politik\u0101 noteiktajiem m\u0113r\u0137iem, kurus datu subjekts tie\u0161i vai netie\u0161i sniedz, ieg\u0101d\u0101joties preces vai pakalpojumus m\u0101jaslap\u0101.<\/p>\n\n\n\n<p><strong>2.3.<\/strong> Datu subjekts ir atbild\u012bgs par to, lai vi\u0146a sniegtie dati b\u016btu prec\u012bzi, pareizi un piln\u012bgi. Apzin\u0101ta nepatiesu datu snieg\u0161ana tiek uzskat\u012bta par priv\u0101tuma politikas p\u0101rk\u0101pumu. Datu subjektam ir pien\u0101kums nekav\u0113joties inform\u0113t datu apstr\u0101d\u0101t\u0101ju par datu izmai\u0146\u0101m.<\/p>\n\n\n\n<p><strong>2.4.<\/strong> Datu apstr\u0101d\u0101t\u0101js neatbild par zaud\u0113jumiem, kas radu\u0161ies datu subjekta sniegtu nepatiesu datu d\u0113\u013c datu subjektam vai tre\u0161aj\u0101m person\u0101m.<\/p>\n\n\n\n<h3 class=\"wp-block-heading\" id=\"3-klientu-personas-datu-apstrade\">3. Klientu personas datu apstr\u0101de<\/h3>\n\n\n\n<p><strong>3.1.<\/strong> Datu apstr\u0101d\u0101t\u0101js var apstr\u0101d\u0101t \u0161\u0101dus datu subjekta personas datus:<\/p>\n\n\n\n<p><strong>3.1.1.<\/strong> V\u0101rds un uzv\u0101rds;<br><strong>3.1.2.<\/strong> Dzim\u0161anas datums;<br><strong>3.1.3.<\/strong> T\u0101lru\u0146a numurs;<br><strong>3.1.4.<\/strong> E-pasta adrese;<br><strong>3.1.5.<\/strong> Pieg\u0101des adrese;<br><strong>3.1.6.<\/strong> Bankas konta numurs;<br><strong>3.1.7.<\/strong> Maks\u0101jumu kartes dati;<\/p>\n\n\n\n<p><strong>3.2.<\/strong> Papildus iepriek\u0161 min\u0113tajam datu apstr\u0101d\u0101t\u0101jam ir ties\u012bbas v\u0101kt par klientu datus, kas ir pieejami publiskajos re\u0123istros.<\/p>\n\n\n\n<p><strong>3.3.<\/strong> Personas datu apstr\u0101des juridiskais pamats ir Visp\u0101r\u012bg\u0101s datu aizsardz\u012bbas regulas 6. panta 1. punkta a), b), c) un f) apak\u0161punkts:<\/p>\n\n\n\n<p>a) datu subjekts ir devis piekri\u0161anu savu personas datu apstr\u0101dei vienam vai vair\u0101kiem konkr\u0113tiem m\u0113r\u0137iem;<br>b) apstr\u0101de ir nepiecie\u0161ama l\u012bguma izpildei vai pas\u0101kumu veik\u0161anai pirms l\u012bguma nosl\u0113g\u0161anas;<br>c) apstr\u0101de ir nepiecie\u0161ama, lai izpild\u012btu juridisku pien\u0101kumu;<br>f) apstr\u0101de ir nepiecie\u0161ama le\u0123it\u012bmo intere\u0161u d\u0113\u013c, iz\u0146emot gad\u012bjumus, kad datu subjekta intereses vai pamatties\u012bbas ir svar\u012bg\u0101kas.<\/p>\n\n\n\n<p><strong>3.4.<\/strong> Personas datu apstr\u0101de atbilsto\u0161i m\u0113r\u0137im:<\/p>\n\n\n\n<p><strong>3.4.1.<\/strong> M\u0113r\u0137is \u2013 dro\u0161\u012bba<br>Glab\u0101\u0161anas laiks \u2013 saska\u0146\u0101 ar likumu<\/p>\n\n\n\n<p><strong>3.4.2.<\/strong> M\u0113r\u0137is \u2013 pas\u016bt\u012bjuma apstr\u0101de<br>Glab\u0101\u0161anas laiks \u2013 vismaz 6\u201310 gadi<\/p>\n\n\n\n<p><strong>3.4.3.<\/strong> M\u0113r\u0137is \u2013 e-veikala darb\u012bbas nodro\u0161in\u0101\u0161ana<br>Glab\u0101\u0161anas laiks \u2013 vismaz 6\u201310 gadi<\/p>\n\n\n\n<p><strong>3.4.4.<\/strong> M\u0113r\u0137is \u2013 klientu p\u0101rvald\u012bba<br>Glab\u0101\u0161anas laiks \u2013 l\u012bdz 2 gadiem<\/p>\n\n\n\n<p><strong>3.4.5.<\/strong> M\u0113r\u0137is \u2013 finan\u0161u darb\u012bba, gr\u0101matved\u012bba<br>Glab\u0101\u0161anas laiks \u2013 saska\u0146\u0101 ar likumu<\/p>\n\n\n\n<p><strong>3.4.6.<\/strong> M\u0113r\u0137is \u2013 m\u0101rketings<br>Glab\u0101\u0161anas laiks \u2013 l\u012bdz piekri\u0161anas atsauk\u0161anai<\/p>\n\n\n\n<p><strong>3.5.<\/strong> Datu apstr\u0101d\u0101t\u0101jam ir ties\u012bbas nodot klientu personas datus tre\u0161aj\u0101m person\u0101m, piem\u0113ram, pilnvarotajiem apstr\u0101d\u0101t\u0101jiem, gr\u0101matve\u017eiem, transporta un kurjeru uz\u0146\u0113mumiem, maks\u0101jumu pakalpojumu sniedz\u0113jiem. Maks\u0101jumu veik\u0161anai nepiecie\u0161amie dati tiek nodoti Maksekeskus AS.<\/p>\n\n\n\n<p><strong>3.6.<\/strong> Datu apstr\u0101d\u0101t\u0101js piem\u0113ro organizatoriskos un tehniskos pas\u0101kumus, lai aizsarg\u0101tu personas datus pret nelikum\u012bgu apstr\u0101di.<\/p>\n\n\n\n<p><strong>3.7.<\/strong> Personas dati tiek glab\u0101ti ne ilg\u0101k k\u0101 2 gadus, ja vien normat\u012bvie akti neparedz cit\u0101di.<\/p>\n\n\n\n<h3 class=\"wp-block-heading\" id=\"4-datu-subjekta-tiesibas\">4. Datu subjekta ties\u012bbas<\/h3>\n\n\n\n<p><strong>4.1.<\/strong> Datu subjektam ir ties\u012bbas piek\u013c\u016bt saviem personas datiem.<\/p>\n\n\n\n<p><strong>4.2.<\/strong> Datu subjektam ir ties\u012bbas sa\u0146emt inform\u0101ciju par savu personas datu apstr\u0101di.<\/p>\n\n\n\n<p><strong>4.3.<\/strong> Datu subjektam ir ties\u012bbas labot neprec\u012bzus datus.<\/p>\n\n\n\n<p><strong>4.4.<\/strong> Datu subjektam ir ties\u012bbas jebkur\u0101 laik\u0101 atsaukt piekri\u0161anu.<\/p>\n\n\n\n<p><strong>4.5.<\/strong> Lai \u012bstenotu savas ties\u012bbas, datu subjekts var sazin\u0101ties: <a>info@auteldronesbaltic.com<\/a><\/p>\n\n\n\n<p><strong>4.6.<\/strong> Datu subjektam ir ties\u012bbas iesniegt s\u016bdz\u012bbu Datu valsts inspekcij\u0101.<\/p>\n\n\n\n<h3 class=\"wp-block-heading\" id=\"5-nosleguma-noteikumi\">5. Nosl\u0113guma noteikumi<\/h3>\n\n\n\n<p><strong>5.1.<\/strong> \u0160ie noteikumi ir izstr\u0101d\u0101ti saska\u0146\u0101 ar ES Visp\u0101r\u012bgo datu aizsardz\u012bbas regulu un Igaunijas likumiem.<\/p>\n\n\n\n<p><strong>5.2.<\/strong> Datu apstr\u0101d\u0101t\u0101jam ir ties\u012bbas main\u012bt noteikumus, inform\u0113jot par to m\u0101jaslap\u0101 auteldronesbaltic.com.<\/p>\n\n\n\n<p><\/p>\n","protected":false},"excerpt":{"rendered":"<p>1.1. \u0160\u012b priv\u0101tuma politika nosaka principus, kas attiecas uz personas datu v\u0101k\u0161anu, apstr\u0101di un glab\u0101\u0161anu. Personas datus v\u0101c, apstr\u0101d\u0101 un glab\u0101 personas datu p\u0101rzinis (Ostax O\u00dc) (turpm\u0101k \u2013 datu apstr\u0101d\u0101t\u0101js). 1.2. Datu subjekts \u0161\u012bs priv\u0101tuma politikas izpratn\u0113 ir klients vai cita fiziska persona, kuras personas datus apstr\u0101d\u0101 datu apstr\u0101d\u0101t\u0101js. 1.3. Klients \u0161\u012bs priv\u0101tuma politikas izpratn\u0113 [&hellip;]<\/p>\n","protected":false},"author":1,"featured_media":0,"parent":0,"menu_order":0,"comment_status":"closed","ping_status":"closed","template":"","meta":{"_gspb_post_css":"","footnotes":""},"class_list":["post-3510","page","type-page","status-publish","hentry"],"blocksy_meta":[],"_links":{"self":[{"href":"https:\/\/auteldronesbaltic.com\/lv\/wp-json\/wp\/v2\/pages\/3510","targetHints":{"allow":["GET"]}}],"collection":[{"href":"https:\/\/auteldronesbaltic.com\/lv\/wp-json\/wp\/v2\/pages"}],"about":[{"href":"https:\/\/auteldronesbaltic.com\/lv\/wp-json\/wp\/v2\/types\/page"}],"author":[{"embeddable":true,"href":"https:\/\/auteldronesbaltic.com\/lv\/wp-json\/wp\/v2\/users\/1"}],"replies":[{"embeddable":true,"href":"https:\/\/auteldronesbaltic.com\/lv\/wp-json\/wp\/v2\/comments?post=3510"}],"version-history":[{"count":2,"href":"https:\/\/auteldronesbaltic.com\/lv\/wp-json\/wp\/v2\/pages\/3510\/revisions"}],"predecessor-version":[{"id":7701,"href":"https:\/\/auteldronesbaltic.com\/lv\/wp-json\/wp\/v2\/pages\/3510\/revisions\/7701"}],"wp:attachment":[{"href":"https:\/\/auteldronesbaltic.com\/lv\/wp-json\/wp\/v2\/media?parent=3510"}],"curies":[{"name":"wp","href":"https:\/\/api.w.org\/{rel}","templated":true}]}}