{"id":3519,"date":"2022-05-04T21:59:48","date_gmt":"2022-05-04T18:59:48","guid":{"rendered":"https:\/\/auteldronesbaltic.com\/pasutijuma-atgriesana\/"},"modified":"2025-02-14T13:33:18","modified_gmt":"2025-02-14T11:33:18","slug":"pasutijuma-atgriesana","status":"publish","type":"page","link":"https:\/\/auteldronesbaltic.com\/lv\/pasutijuma-atgriesana\/","title":{"rendered":"Pas\u016bt\u012bjuma atgrie\u0161ana"},"content":{"rendered":"<p><span>Ieg\u0101d\u0101joties e-veikalu, Jums ir ties\u012bbas atk\u0101pties no dar\u012bjuma 14 kalend\u0101ro dienu laik\u0101.\u00a014 dienu periods s\u0101kas no pazi\u0146ojuma sa\u0146em\u0161anas par preces pien\u0101k\u0161anu pakom\u0101t\u0101 vai pasta noda\u013c\u0101, kurjera gad\u012bjum\u0101 no s\u016bt\u012bjuma pien\u0101k\u0161anas J\u016bsu adres\u0113.<\/span><\/p>\n<ul>\n<li><span>Lai atteiktos no l\u012bguma, s\u016btiet atteikuma pieteikumu uz info@auteldronesbaltic.com<\/span><\/li>\n<li><span>Ieg\u0101d\u0101t\u0101s preces var atgriezt 14 dienu laik\u0101 p\u0113c atteikuma pieteikuma iesnieg\u0161anas.<\/span><\/li>\n<li><span>Atgrie\u017eamajai precei j\u0101b\u016bt bez defektiem, piln\u012bgai, ori\u0123in\u0101laj\u0101 iepakojum\u0101 un nelietotai.<\/span><\/li>\n<li><span>Ar preces atgrie\u0161anu saist\u012bt\u0101s izmaksas sedz klients.<\/span><\/li>\n<li><span>Svar\u012bgi zin\u0101t, ka nauda par prec\u0113m tiks atmaks\u0101ta uz to pa\u0161u kontu vai karti, ar kuru tika apmaks\u0101ts pas\u016bt\u012bjums!\u00a0(Noziedz\u012bgi ieg\u016btu l\u012bdzek\u013cu legaliz\u0101cijas nov\u0113r\u0161anas likums)<\/span><\/li>\n<\/ul>\n<p><span>Atgrie\u0161anas ties\u012bbas 14 dienu laik\u0101 p\u0113c sa\u0146em\u0161anas (ja ir izpild\u012bti visi atgrie\u0161anai pievienotie nosac\u012bjumi):<\/span><\/p>\n<ul>\n<li><span>Jums tiks pazi\u0146ots par atgrie\u0161anas piepras\u012bjumu (info@auteldronesbaltic.com).\u00a0Pieteikum\u0101 j\u0101nor\u0101da sekojo\u0161a inform\u0101cija: atgrie\u017eam\u0101s preces, pas\u016bt\u012bjuma\/r\u0113\u0137ina numurs un nor\u0113\u0137inu konts, uz kuru tiks atgriezta nauda (Parasti m\u0113s p\u0101rskait\u0101m naudu uz to pa\u0161u kontu, ar kuru maks\u0101j\u0101t).\u00a0Papildus iesak\u0101m nor\u0101d\u012bt iemeslu, k\u0101p\u0113c v\u0113laties atgriezt pas\u016bt\u012bjumu.\u00a0Ja preces ir ieg\u0101d\u0101tas akcijas ietvaros, kur\u0101 precei ir pievienota cita prece, pirc\u0113jam ir j\u0101atgrie\u017e viss komplekts, ja vien nav pan\u0101kta cita vieno\u0161an\u0101s.<\/span><\/li>\n<li><span>Preces j\u0101atgrie\u017e 30 dienu laik\u0101 p\u0113c atteikuma pieteikuma iesnieg\u0161anas;<\/span><\/li>\n<li><span>Precei j\u0101b\u016bt nelietotai un pareizi iepakotai ori\u0123in\u0101laj\u0101 iepakojum\u0101.<\/span><\/li>\n<li><span>Atgrie\u0161anas izmaksas sedz klients (piem\u0113ram, samaks\u0101t\u0101s transporta izmaksas) 4 l\u012bdz 12 \u20ac apm\u0113r\u0101 saska\u0146\u0101 ar LPS 194.\u00a7 4. punktu, ja vien pieg\u0101d\u0101t\u0101 prece neatbilst pas\u016bt\u012btajai (nepareizi). vai produkts ir boj\u0101ts).<\/span><br \/>\n<span>SVAR\u012aGS!\u00a0Ja klients aizmirst\/nepa\u0146em s\u016bt\u012bjumu un preces autom\u0101tiski tiek atgrieztas s\u016bt\u012bt\u0101jam (Ostax O\u00dc), klientam ir pien\u0101kums segt atgrie\u017eam\u0101s summas izmaksas.<\/span><\/li>\n<li><span>Ja p\u0101rdev\u0113ja p\u0113c preces atgrie\u0161anas veikt\u0101s pre\u010du st\u0101vok\u013ca p\u0101rbaudes rezult\u0101t\u0101 ir noskaidrojies, ka atgrie\u017eam\u0101 prece ir saboj\u0101jusies, pirc\u0113jam ir j\u0101atl\u012bdzina preces v\u0113rt\u012bbas samazin\u0101\u0161an\u0101s. lieta.\u00a0P\u0101rdev\u0113js var iesniegt attiec\u012bgu piepras\u012bjumu ne v\u0113l\u0101k k\u0101 viena m\u0113ne\u0161a laik\u0101 no atgrie\u017eam\u0101s preces sa\u0146em\u0161anas.\u00a0Pirc\u0113ja pien\u0101kums ir atl\u012bdzin\u0101t preces v\u0113rt\u012bbu, ja preci pirc\u0113js ir apstr\u0101d\u0101jis, t\u0101 ir boj\u0101ta, apgr\u016btin\u0101ta ar tre\u0161\u0101s personas ties\u012bb\u0101m utt.<\/span><\/li>\n<\/ul>\n<h3><strong><span>Boj\u0101ta vai neatbilsto\u0161as \u200b\u200bpreces atgrie\u0161ana<\/span><\/strong><\/h3>\n<p><span>Ja prece neatbilst pas\u016bt\u012bjumam vai ir br\u0101\u0137is, l\u016bdzam nekav\u0113joties, bet ne v\u0113l\u0101k k\u0101 2 m\u0113ne\u0161u laik\u0101 no br\u012b\u017ea, kad uzzin\u0101jis par neatbilst\u012bbu vai defektu.<\/span><\/p>\n<p><span>Lai to izdar\u012btu, aizpildiet atteikuma veidlapu un nos\u016btiet to uz m\u016bsu e-pasta adresi info@auteldronesbaltic.com<\/span><\/p>\n<p><span>P\u0101rdev\u0113js var atteikties no pras\u012bbas atgriezt boj\u0101tu preci.<\/span><\/p>\n<h3><strong><span>Lai atgrieztu preces:<\/span><\/strong><\/h3>\n<p><span>1. Preces var atgriezt m\u016bsu pieg\u0101des punkt\u0101<\/span><\/p>\n<p><span>Galam\u0113r\u0137is: Tallina (prec\u012bza vieta p\u0113c vieno\u0161an\u0101s)<\/span><\/p>\n<p><span>Sa\u0146\u0113m\u0113js: O\u00dc Ostax<\/span><\/p>\n<p><span>T\u0101lrunis: 533 66 731<\/span><\/p>\n<h3><strong><span>Kop\u0101 ar preci noteikti pievieno izzi\u0146u!<\/span><\/strong><\/h3>\n<p><span>NB!\u00a0Ja druk\u0101\u0161ana nav iesp\u0113jama, pieteikumu var rakst\u012bt ar\u012b br\u012bv\u0101 form\u0101 ar pieteikum\u0101 ietverto inform\u0101ciju.<\/span><\/p>\n<p><span>Pieteikums\/pretenzija par pre\u010du atgrie\u0161anu tiks izskat\u012bta 3 darba dienu laik\u0101 no pieteikuma vai preces sa\u0146em\u0161anas Ostax O\u00dc.\u00a0P\u0113c pieteikuma izskat\u012b\u0161anas tr\u012bs darba dienu laik\u0101 tiks izsniegta jauna prece, aizvietojo\u0161a prece vai naudas atmaksa, ja preces b\u016bs pieejamas.<\/span><\/p>\n<p><span>P\u0101rdev\u0113jam ir ties\u012bbas atlikt samaks\u0101t\u0101s summas atgrie\u0161anu l\u012bdz br\u012bdim, kad esat atgriezis preci vai iesniedzis preces atgrie\u0161anas apliecin\u0101jumu.<\/span><\/p>\n<h3><strong><span>Atteik\u0161an\u0101s no pas\u016bt\u012bjuma pirms pas\u016bt\u012bjuma aizpild\u012b\u0161anas<\/span><\/strong><\/h3>\n<p><span>Ja v\u0113laties atcelt pas\u016bt\u012bjumu p\u0113c pre\u010du apmaksas, bet pirms pre\u010du pieg\u0101des, l\u016bdzu nekav\u0113joties inform\u0113jiet info@auteldronesbaltic.com vai zvaniet pa t\u0101lruni 533 66 731<\/span><\/p>\n<p><span>E-past\u0101 vai t\u0101lrun\u012b l\u016bdzam nor\u0101d\u012bt pas\u016bt\u012bjuma numuru un pievienot savu kontaktinform\u0101ciju (v\u0101rds, uzv\u0101rds, pas\u016bt\u012bjuma iesnieg\u0161anas datums, t\u0101lru\u0146a numurs)<\/span><\/p>\n<p><span>Ja atteiksieties no l\u012bguma, pirms m\u0113s esam pieg\u0101d\u0101ju\u0161i preces, m\u0113s atgriez\u012bsim mums pirkuma summu kop\u0101 ar pieg\u0101des maksu ne v\u0113l\u0101k k\u0101 3 dienu laik\u0101 no l\u012bguma atteikuma pieteikuma sa\u0146em\u0161anas.\u00a0M\u0113s atmaks\u0101sim naudu uz to pa\u0161u kontu, par kuru maks\u0101j\u0101t.<\/span><\/p>\n","protected":false},"excerpt":{"rendered":"<p>Ieg\u0101d\u0101joties e-veikalu, Jums ir ties\u012bbas atk\u0101pties no dar\u012bjuma 14 kalend\u0101ro dienu laik\u0101.\u00a014 dienu periods s\u0101kas no pazi\u0146ojuma sa\u0146em\u0161anas par preces pien\u0101k\u0161anu pakom\u0101t\u0101 vai pasta noda\u013c\u0101, kurjera gad\u012bjum\u0101 no s\u016bt\u012bjuma pien\u0101k\u0161anas J\u016bsu adres\u0113. Lai atteiktos no l\u012bguma, s\u016btiet atteikuma pieteikumu uz info@auteldronesbaltic.com Ieg\u0101d\u0101t\u0101s preces var atgriezt 14 dienu laik\u0101 p\u0113c atteikuma pieteikuma iesnieg\u0161anas. Atgrie\u017eamajai precei j\u0101b\u016bt [&hellip;]<\/p>\n","protected":false},"author":2,"featured_media":0,"parent":0,"menu_order":0,"comment_status":"closed","ping_status":"closed","template":"","meta":{"_gspb_post_css":"","footnotes":""},"class_list":["post-3519","page","type-page","status-publish","hentry"],"blocksy_meta":[],"_links":{"self":[{"href":"https:\/\/auteldronesbaltic.com\/lv\/wp-json\/wp\/v2\/pages\/3519","targetHints":{"allow":["GET"]}}],"collection":[{"href":"https:\/\/auteldronesbaltic.com\/lv\/wp-json\/wp\/v2\/pages"}],"about":[{"href":"https:\/\/auteldronesbaltic.com\/lv\/wp-json\/wp\/v2\/types\/page"}],"author":[{"embeddable":true,"href":"https:\/\/auteldronesbaltic.com\/lv\/wp-json\/wp\/v2\/users\/2"}],"replies":[{"embeddable":true,"href":"https:\/\/auteldronesbaltic.com\/lv\/wp-json\/wp\/v2\/comments?post=3519"}],"version-history":[{"count":1,"href":"https:\/\/auteldronesbaltic.com\/lv\/wp-json\/wp\/v2\/pages\/3519\/revisions"}],"predecessor-version":[{"id":7157,"href":"https:\/\/auteldronesbaltic.com\/lv\/wp-json\/wp\/v2\/pages\/3519\/revisions\/7157"}],"wp:attachment":[{"href":"https:\/\/auteldronesbaltic.com\/lv\/wp-json\/wp\/v2\/media?parent=3519"}],"curies":[{"name":"wp","href":"https:\/\/api.w.org\/{rel}","templated":true}]}}