{"id":3524,"date":"2022-05-04T21:57:58","date_gmt":"2022-05-04T18:57:58","guid":{"rendered":"https:\/\/auteldronesbaltic.com\/maksajuma-iespejas\/"},"modified":"2022-05-04T21:57:58","modified_gmt":"2022-05-04T18:57:58","slug":"maksajuma-iespejas","status":"publish","type":"page","link":"https:\/\/auteldronesbaltic.com\/lv\/maksajuma-iespejas\/","title":{"rendered":"Maks\u0101juma iesp\u0113jas"},"content":{"rendered":"<p><span>Ar bankas saiti &#8211; Luminor, SEB, Swedbank, Citadele, LHV, Coop<\/span><\/p>\n<p><span>Nomaksa \u2013 sal\u012bdziniet nomaksas pied\u0101v\u0101jumus no vair\u0101kiem aizdev\u0113jiem vienlaikus un atrodiet sev piem\u0113rot\u0101ko.<\/span><\/p>\n<p><span>Maks\u0101jiet v\u0113l\u0101k \u2013 par preci var nor\u0113\u0137in\u0101ties m\u0113ne\u0161a laik\u0101 bez papildu maksas.\u00a00% procenti, 0 \u20ac l\u012bguma maksa un 0 \u20ac administr\u0113\u0161anas maksa<\/span><\/p>\n<p><span>Maks\u0101t 3\u00a0\u2014 sadaliet maks\u0101jumus tr\u012bs m\u0113ne\u0161u laik\u0101 bez papildu maksas.\u00a00% procenti, 0 \u20ac l\u012bguma maksa un 0 \u20ac administr\u0113\u0161anas maksa.<\/span><\/p>\n","protected":false},"excerpt":{"rendered":"<p>Ar bankas saiti &#8211; Luminor, SEB, Swedbank, Citadele, LHV, Coop Nomaksa \u2013 sal\u012bdziniet nomaksas pied\u0101v\u0101jumus no vair\u0101kiem aizdev\u0113jiem vienlaikus un atrodiet sev piem\u0113rot\u0101ko. Maks\u0101jiet v\u0113l\u0101k \u2013 par preci var nor\u0113\u0137in\u0101ties m\u0113ne\u0161a laik\u0101 bez papildu maksas.\u00a00% procenti, 0 \u20ac l\u012bguma maksa un 0 \u20ac administr\u0113\u0161anas maksa Maks\u0101t 3\u00a0\u2014 sadaliet maks\u0101jumus tr\u012bs m\u0113ne\u0161u laik\u0101 bez papildu maksas.\u00a00% [&hellip;]<\/p>\n","protected":false},"author":2,"featured_media":0,"parent":0,"menu_order":0,"comment_status":"closed","ping_status":"closed","template":"","meta":{"_gspb_post_css":"","footnotes":""},"class_list":["post-3524","page","type-page","status-publish","hentry"],"blocksy_meta":[],"_links":{"self":[{"href":"https:\/\/auteldronesbaltic.com\/lv\/wp-json\/wp\/v2\/pages\/3524","targetHints":{"allow":["GET"]}}],"collection":[{"href":"https:\/\/auteldronesbaltic.com\/lv\/wp-json\/wp\/v2\/pages"}],"about":[{"href":"https:\/\/auteldronesbaltic.com\/lv\/wp-json\/wp\/v2\/types\/page"}],"author":[{"embeddable":true,"href":"https:\/\/auteldronesbaltic.com\/lv\/wp-json\/wp\/v2\/users\/2"}],"replies":[{"embeddable":true,"href":"https:\/\/auteldronesbaltic.com\/lv\/wp-json\/wp\/v2\/comments?post=3524"}],"version-history":[{"count":0,"href":"https:\/\/auteldronesbaltic.com\/lv\/wp-json\/wp\/v2\/pages\/3524\/revisions"}],"wp:attachment":[{"href":"https:\/\/auteldronesbaltic.com\/lv\/wp-json\/wp\/v2\/media?parent=3524"}],"curies":[{"name":"wp","href":"https:\/\/api.w.org\/{rel}","templated":true}]}}