{"id":3534,"date":"2022-05-04T21:59:12","date_gmt":"2022-05-04T18:59:12","guid":{"rendered":"https:\/\/auteldronesbaltic.com\/piegade\/"},"modified":"2026-03-24T15:42:51","modified_gmt":"2026-03-24T13:42:51","slug":"piegade","status":"publish","type":"page","link":"https:\/\/auteldronesbaltic.com\/lv\/piegade\/","title":{"rendered":"Pieg\u0101de"},"content":{"rendered":"\n<p>Preces tiek s\u016bt\u012btas uz \u0161\u0101d\u0101m valst\u012bm: Igaunija, Latvija, Lietuva.<\/p>\n\n\n\n<p>Lai sa\u0146emtu preces, pirc\u0113jam ir \u0161\u0101das iesp\u0113jas: Omniva, Smartpost, DPD.<\/p>\n\n\n\n<p>Pre\u010du pieg\u0101des izmaksas sedz pirc\u0113js, un attiec\u012bg\u0101 cenu inform\u0101cija tiek r\u0101d\u012bta pie izv\u0113l\u0113t\u0101 pieg\u0101des veida.<\/p>\n\n\n\n<p>Visas Baltijas valst\u012bs veikt\u0101s s\u016bt\u012bjums parasti non\u0101k pie pirc\u0113ja nor\u0101d\u012bt\u0101s sa\u0146em\u0161anas vietas 2\u20135 darba dienu laik\u0101 p\u0113c p\u0101rdo\u0161anas l\u012bguma st\u0101\u0161an\u0101s sp\u0113k\u0101. \u012apa\u0161os gad\u012bjumos prece var tikt pieg\u0101d\u0101ta l\u012bdz 45 kalend\u0101ra dien\u0101m.<\/p>\n","protected":false},"excerpt":{"rendered":"<p>Preces tiek s\u016bt\u012btas uz \u0161\u0101d\u0101m valst\u012bm: Igaunija, Latvija, Lietuva. Lai sa\u0146emtu preces, pirc\u0113jam ir \u0161\u0101das iesp\u0113jas: Omniva, Smartpost, DPD. Pre\u010du pieg\u0101des izmaksas sedz pirc\u0113js, un attiec\u012bg\u0101 cenu inform\u0101cija tiek r\u0101d\u012bta pie izv\u0113l\u0113t\u0101 pieg\u0101des veida. Visas Baltijas valst\u012bs veikt\u0101s s\u016bt\u012bjums parasti non\u0101k pie pirc\u0113ja nor\u0101d\u012bt\u0101s sa\u0146em\u0161anas vietas 2\u20135 darba dienu laik\u0101 p\u0113c p\u0101rdo\u0161anas l\u012bguma st\u0101\u0161an\u0101s sp\u0113k\u0101. [&hellip;]<\/p>\n","protected":false},"author":2,"featured_media":0,"parent":0,"menu_order":0,"comment_status":"closed","ping_status":"closed","template":"","meta":{"_gspb_post_css":"","footnotes":""},"class_list":["post-3534","page","type-page","status-publish","hentry"],"blocksy_meta":[],"_links":{"self":[{"href":"https:\/\/auteldronesbaltic.com\/lv\/wp-json\/wp\/v2\/pages\/3534","targetHints":{"allow":["GET"]}}],"collection":[{"href":"https:\/\/auteldronesbaltic.com\/lv\/wp-json\/wp\/v2\/pages"}],"about":[{"href":"https:\/\/auteldronesbaltic.com\/lv\/wp-json\/wp\/v2\/types\/page"}],"author":[{"embeddable":true,"href":"https:\/\/auteldronesbaltic.com\/lv\/wp-json\/wp\/v2\/users\/2"}],"replies":[{"embeddable":true,"href":"https:\/\/auteldronesbaltic.com\/lv\/wp-json\/wp\/v2\/comments?post=3534"}],"version-history":[{"count":2,"href":"https:\/\/auteldronesbaltic.com\/lv\/wp-json\/wp\/v2\/pages\/3534\/revisions"}],"predecessor-version":[{"id":7707,"href":"https:\/\/auteldronesbaltic.com\/lv\/wp-json\/wp\/v2\/pages\/3534\/revisions\/7707"}],"wp:attachment":[{"href":"https:\/\/auteldronesbaltic.com\/lv\/wp-json\/wp\/v2\/media?parent=3534"}],"curies":[{"name":"wp","href":"https:\/\/api.w.org\/{rel}","templated":true}]}}