{"id":3216,"date":"2022-05-07T19:46:21","date_gmt":"2022-05-07T16:46:21","guid":{"rendered":"https:\/\/auteldronesbaltic.com\/uncategorized\/autel-skycommand-center\/"},"modified":"2025-10-03T15:49:38","modified_gmt":"2025-10-03T12:49:38","slug":"autel-skycommand-center","status":"publish","type":"product","link":"https:\/\/auteldronesbaltic.com\/lv\/autel-skycommand-center-lv\/autel-skycommand-center\/","title":{"rendered":"Autel SkyCommand Center"},"content":{"rendered":"<p><img loading=\"lazy\" decoding=\"async\" src=\"https:\/\/auteldronesbaltic.com\/wp-content\/uploads\/2022\/05\/Autel-SkyCommand-Center-3.jpg\" alt=\"\" width=\"1120\" height=\"595\" \/><\/p>\n<h2 style=\"text-align: center;\"><span style=\"font-weight: 400;\">Darbpl\u016bsmas optimiz\u0101cija<\/span><\/h2>\n<p><img loading=\"lazy\" decoding=\"async\" class=\"alignleft\" src=\"https:\/\/auteldronesbaltic.com\/wp-content\/uploads\/2022\/05\/Autel-SkyCommand-Center-2-300x287.png\" alt=\"\" width=\"354\" height=\"338\" \/><\/p>\n<p><span style=\"font-weight: 400;\">Uzdevumu p\u0101rvald\u012bba<\/span><\/p>\n<p><span style=\"font-weight: 400;\">Misijas pl\u0101no\u0161ana: pl\u0101nojiet mar\u0161rutus un pie\u0161\u0137iriet misijas.<\/span><\/p>\n<p><span style=\"font-weight: 400;\">Re\u0101llaika p\u0101rraide: skatiet video pl\u016bsmu un lidojuma datus att\u0101lin\u0101ti re\u0101llaik\u0101.<\/span><\/p>\n<p><span style=\"font-weight: 400;\">T\u0101lvad\u012bbas pults: vadiet dronu un kameru att\u0101lin\u0101ti no komandu centra.<\/span><\/p>\n<p><span style=\"font-weight: 400;\">Datu glab\u0101\u0161ana: saglab\u0101jiet un p\u0101rvaldiet lidojuma misijas iestat\u012bjumus, lidojumu \u017eurn\u0101lus un citus datus.<\/span><\/p>\n<p><span style=\"font-weight: 400;\">Konta p\u0101rvald\u012bbaLomu p\u0101rvald\u012bba: izveidojiet komandas un pie\u0161\u0137iriet t\u0101das lomas k\u0101 administrators vai pilots.<\/span><\/p>\n<p><span style=\"font-weight: 400;\">Iest\u0101\u017eu p\u0101rvald\u012bba: izplatiet darb\u012bbas at\u013caujas, pamatojoties uz pie\u0161\u0137irtaj\u0101m lom\u0101m.<\/span><\/p>\n<p><span style=\"font-weight: 400;\">Ier\u012b\u010du p\u0101rvald\u012bbaUAV p\u0101rvald\u012bba: par\u0101da katras lidma\u0161\u012bnas un akumulatora lieto\u0161anas laiku un apkopes progresu. Programmaparat\u016bras p\u0101rvald\u012bba: jauniniet un p\u0101rvaldiet programmaparat\u016bru vienuviet.<\/span><\/p>\n<div>\n<p><strong>Daudzkan\u0101lu tie\u0161raide<\/strong><\/p>\n<p><span style=\"font-weight: 400;\">Autel SkyCommand Center vienlaikus var atbalst\u012bt l\u012bdz pat 32 tie\u0161raid\u0113m, un ir vajadz\u012bgas tikai 200 milisekundes, lai drons p\u0101rraid\u012btu tie\u0161raidi 1080p iz\u0161\u0137irtsp\u0113j\u0101, iev\u0113rojami p\u0101rsp\u0113jot konkur\u0113jo\u0161os produktus ar 8-10 sekun\u017eu aizkavi.<\/span><\/p>\n<p><img loading=\"lazy\" decoding=\"async\" src=\"https:\/\/auteldronesbaltic.com\/wp-content\/uploads\/2022\/05\/Autel-SkyCommand-Center-4.png\" alt=\"\" width=\"1252\" height=\"784\" \/><\/p>\n<p><span style=\"font-weight: 400;\">Att\u0101l\u0101 re\u0101llaika vad\u012bba Lietot\u0101ji var att\u0101lin\u0101ti vad\u012bt lidma\u0161\u012bnu, lai aptur\u0113tu un atgrieztu lidojumu. Kameras le\u0146\u0137i, t\u0101lummai\u0146u un citus parametrus var iestat\u012bt ar\u012b fotograf\u0113\u0161anas darb\u012bbu veik\u0161anai.<\/span><\/p>\n<p><img loading=\"lazy\" decoding=\"async\" src=\"https:\/\/auteldronesbaltic.com\/wp-content\/uploads\/2022\/05\/Autel-SkyCommand-Center-2.jpg\" alt=\"\" width=\"1918\" height=\"930\" \/><\/p>\n<\/div>\n<p><strong>Vair\u0101ku mode\u013cu adapt\u0101cija<\/strong><\/p>\n<p><span style=\"font-weight: 400;\">Autel SkyCommand Center atbalsta gan vair\u0101ku rotoru, gan fiks\u0113tu sp\u0101rnu mode\u013cus, tostarp: EVO II s\u0113riju, EVO II RTK s\u0113riju, EVO II Enterprise, Dragonfish s\u0113riju. Tostarp vair\u0101ku rotoru mode\u013ciem ir j\u0101b\u016bt apr\u012bkotiem ar EVO Nest, lai veiktu uzdevumus.<\/span><\/p>\n<p data-wp-editing=\"1\"><img loading=\"lazy\" decoding=\"async\" src=\"https:\/\/auteldronesbaltic.com\/wp-content\/uploads\/2022\/05\/Autel-SkyCommand-Center-5-300x229.png\" alt=\"\" width=\"300\" height=\"229\" \/> <img loading=\"lazy\" decoding=\"async\" src=\"https:\/\/auteldronesbaltic.com\/wp-content\/uploads\/2022\/05\/Autel-SkyCommand-Center-3-300x229.png\" alt=\"\" width=\"300\" height=\"229\" \/><\/p>\n<p><strong>Lidojuma datu p\u0101rvald\u012bba<\/strong><\/p>\n<p><span style=\"font-weight: 400;\">Iek\u0101rtu apkope<\/span><\/p>\n<p><span style=\"font-weight: 400;\">Lietot\u0101ji var pieteikties platform\u0101, lai p\u0101rbaud\u012btu katras lidma\u0161\u012bnas, ang\u0101ra un akumulatora lietojumu, \u013caujot vi\u0146iem laikus nomain\u012bt un apkopt apr\u012bkojumu.<\/span><\/p>\n<p><span style=\"font-weight: 400;\">M\u0101ko\u0146a piek\u013cuve<\/span><\/p>\n<p><span style=\"font-weight: 400;\">Autel Robotics nodro\u0161ina divus veidus, k\u0101 lietot\u0101ji var izvietot Autel SkyCommand Center: Secure Cloud saglab\u0101 lidojumu \u017eurn\u0101lus stabil\u0101 AWS server\u012b, savuk\u0101rt Private Cloud tos saglab\u0101 lietot\u0101ja lok\u0101laj\u0101 server\u012b.<\/span><\/p>\n<p><span style=\"color: #0000ff;\"><a style=\"color: #0000ff;\" href=\"https:\/\/auteldronesbaltic.com\/wp-content\/uploads\/2022\/05\/Autel-Skycommand-Center-User-Manual-EN.pdf\">Autel Skycommand Center User Manual -EN<\/a> <\/span><\/p>\n<p><span style=\"color: #0000ff;\"><a style=\"color: #0000ff;\" href=\"https:\/\/auteldronesbaltic.com\/wp-content\/uploads\/2022\/05\/Autel-SkyCommand-Center-Brochure.pdf\">Autel SkyCommand Center Brochure<\/a><\/span><\/p>\n","protected":false},"excerpt":{"rendered":"<p><span style=\"font-weight: 400;\">Piedz\u012bvojiet piln\u012bgu kontroli<\/span><\/p>\n<p><span style=\"font-weight: 400;\">Autel SkyCommand Center ir lidojumu vad\u012bbas platforma, kas lietot\u0101jiem \u013cauj p\u0101rvald\u012bt uzdevumus, apr\u012bkojumu un uzdevumus saviem droniem, izmantojot datoru vai mobilo ier\u012bci. Izmantojot platformu, att\u0101lie operatori var p\u0101rraudz\u012bt tie\u0161raides video re\u0101llaik\u0101 vai pl\u0101not misijas klasteros un piek\u013c\u016bt ierakst\u012btajiem lidojumu datiem sev \u0113rt\u0101 laik\u0101.<\/span><\/p>\n","protected":false},"featured_media":2803,"template":"","meta":{"_gspb_post_css":""},"product_brand":[],"product_cat":[114],"product_tag":[],"class_list":{"0":"post-3216","1":"product","2":"type-product","3":"status-publish","4":"has-post-thumbnail","6":"product_cat-autel-skycommand-center-lv","8":"first","9":"outofstock","10":"taxable","11":"shipping-taxable","12":"product-type-simple"},"_links":{"self":[{"href":"https:\/\/auteldronesbaltic.com\/lv\/wp-json\/wp\/v2\/product\/3216","targetHints":{"allow":["GET"]}}],"collection":[{"href":"https:\/\/auteldronesbaltic.com\/lv\/wp-json\/wp\/v2\/product"}],"about":[{"href":"https:\/\/auteldronesbaltic.com\/lv\/wp-json\/wp\/v2\/types\/product"}],"wp:featuredmedia":[{"embeddable":true,"href":"https:\/\/auteldronesbaltic.com\/lv\/wp-json\/wp\/v2\/media\/2803"}],"wp:attachment":[{"href":"https:\/\/auteldronesbaltic.com\/lv\/wp-json\/wp\/v2\/media?parent=3216"}],"wp:term":[{"taxonomy":"product_brand","embeddable":true,"href":"https:\/\/auteldronesbaltic.com\/lv\/wp-json\/wp\/v2\/product_brand?post=3216"},{"taxonomy":"product_cat","embeddable":true,"href":"https:\/\/auteldronesbaltic.com\/lv\/wp-json\/wp\/v2\/product_cat?post=3216"},{"taxonomy":"product_tag","embeddable":true,"href":"https:\/\/auteldronesbaltic.com\/lv\/wp-json\/wp\/v2\/product_tag?post=3216"}],"curies":[{"name":"wp","href":"https:\/\/api.w.org\/{rel}","templated":true}]}}