{"id":3221,"date":"2022-05-07T18:21:25","date_gmt":"2022-05-07T15:21:25","guid":{"rendered":"https:\/\/auteldronesbaltic.com\/uncategorized\/autel-evo-nest\/"},"modified":"2024-10-30T21:42:12","modified_gmt":"2024-10-30T19:42:12","slug":"autel-evo-nest","status":"publish","type":"product","link":"https:\/\/auteldronesbaltic.com\/lv\/autel-evo-nest-lv\/autel-evo-nest\/","title":{"rendered":"Autel EVO NEST"},"content":{"rendered":"<p><span style=\"font-weight: 400;\">Autel EVO NEST ir savietojams ar: EVO II s\u0113riju, EVO II RTK s\u0113riju un EVO II Enterprise s\u0113riju<\/span><\/p>\n<p><span style=\"font-weight: 400;\">Ier\u012bce ir maza un viegla, t\u0101p\u0113c to ir viegli transport\u0113t un izvietot jebkur, no apak\u0161stacij\u0101m l\u012bdz jumtiem.<\/span><\/p>\n<p><span style=\"font-weight: 400;\">Ier\u012bce nodro\u0161ina statusa displeju katram atsevi\u0161\u0137am t\u0101s modu\u013cu sist\u0113mas komponentam, \u013caujot viegli diagnostic\u0113t probl\u0113mas att\u0101lin\u0101ti.<\/span><\/p>\n<p><span style=\"font-weight: 400;\">Ar ieb\u016bv\u0113tu gaisa kondicion\u0113t\u0101ju un putek\u013cu un \u016bdens necaurlaid\u012bgu \u0101r\u0113jo sl\u0101ni, kas nov\u0113rt\u0113ts ar IP54, EVO Nest var viegli piel\u0101goties skarbajiem \u0101ra apst\u0101k\u013ciem.<\/span><\/p>\n<p><span style=\"font-weight: 400;\">Ier\u012bce piln\u012bb\u0101 uzl\u0101d\u0113 lidma\u0161\u012bnu aptuveni 45 min\u016bt\u0113s, un t\u0101s p\u0101rsprieguma aizsardz\u012bbas meh\u0101nisms padara to stabilu un uzticamu.<\/span><\/p>\n<p><span style=\"font-weight: 400;\">Ier\u012bce ir apr\u012bkota ar elektronisku sl\u0113dzeni un iek\u0161\u0113jo kameru, lai nodro\u0161in\u0101tu j\u016bsu apr\u012bkojuma dro\u0161\u012bbu.<\/span><\/p>\n<p><img loading=\"lazy\" decoding=\"async\" class=\"aligncenter\" src=\"https:\/\/auteldronesbaltic.com\/wp-content\/uploads\/2022\/05\/Autel-EVO-Nest-24.png\" alt=\"\" width=\"540\" height=\"296\" \/><strong>EVO NEST autom\u0101tisk\u0101 lidojumu sist\u0113ma<\/strong><\/p>\n<p><span style=\"font-weight: 400;\">EVO Nest autom\u0101tisko lidojumu sist\u0113mu veido: EVO Nest, EVO II s\u0113rijas lidma\u0161\u012bnas, m\u0101ko\u0146pakalpojums un komandcentra programmat\u016bra. Lietot\u0101ji var pie\u0161\u0137irt misiju, izmantojot komandu centru, un lietot\u0101ji redz\u0113s tie\u0161raides video atsauksmes no EVO Nest un lidma\u0161\u012bnas. Sist\u0113ma ir savietojama ar vis\u0101m EVO II s\u0113rijas lidma\u0161\u012bn\u0101m. EVO Nest nodro\u0161ina, ka lidma\u0161\u012bna uzl\u0101des laik\u0101 ir dro\u0161a un stabila. Sist\u0113ma nodro\u0161ina ar\u012b standarta lietojumprogrammu programm\u0113\u0161anas saskarni un atbalsta piel\u0101go\u0161anu.<\/span><\/p>\n<p><img loading=\"lazy\" decoding=\"async\" src=\"https:\/\/auteldronesbaltic.com\/wp-content\/uploads\/2022\/05\/Autel-nest.jpg\" alt=\"\" width=\"1044\" height=\"543\" \/><\/p>\n<p><span style=\"font-weight: 400;\">Praktiski pielietojumi<\/span><\/p>\n<p><span style=\"font-weight: 400;\">Piel\u0101gota izstr\u0101de<\/span><\/p>\n<p><span style=\"font-weight: 400;\">Sist\u0113ma izmanto atv\u0113rtu API saskarni, kas nodro\u0161ina piel\u0101go\u0161anu nozares specifisk\u0101m vajadz\u012bb\u0101m<\/span><\/p>\n<p><span style=\"font-weight: 400;\">Re\u017e\u0123a izvieto\u0161ana<\/span><\/p>\n<p><span style=\"font-weight: 400;\">Var izvietot vair\u0101kas ligzdas, lai droni var\u0113tu veikt paral\u0113lus uzdevumus un p\u0101rs\u016bt\u012bt darb\u012bbas uz vair\u0101kiem lidapar\u0101tiem, aptverot pla\u0161u teritoriju.<\/span><\/p>\n<p><span style=\"font-weight: 400;\">Inform\u0101cijas p\u0101rvald\u012bba:<\/span><\/p>\n<p><span style=\"font-weight: 400;\">Dati, kas sav\u0101kti no gaisa ku\u0123a, EVO NEST un kravnes\u012bbas, tiek aug\u0161upiel\u0101d\u0113ti m\u0101kon\u012b, lai lietot\u0101ji var\u0113tu tos v\u0113l\u0101k p\u0101rskat\u012bt vai piek\u013c\u016bt.<\/span><\/p>\n<p><span style=\"font-weight: 400;\">Autonomais lidojums<\/span><\/p>\n<p><span style=\"font-weight: 400;\">Sist\u0113ma var piel\u0101got drona autom\u0101tisk\u0101 lidojuma algoritmu, pamatojoties uz t\u0101 apk\u0101rtni, \u013caujot veikt autonomu pacel\u0161anos, autonomas p\u0101rbaudes un prec\u012bzu nos\u0113\u0161anos.<\/span><\/p>\n<p><span style=\"font-weight: 400;\">M\u0101ko\u0146a t\u0101lvad\u012bbas pults<\/span><\/p>\n<p><span style=\"font-weight: 400;\">Izmantojot 5G\/4G t\u012bkla savienojumu, lidma\u0161\u012bnas lidojuma mar\u0161rutu, kard\u0101na le\u0146\u0137i, lidojuma laiku, att\u0113lu uz\u0146em\u0161anu un frekvenci var kontrol\u0113t re\u0101llaik\u0101 bez \u0123eogr\u0101fiskiem ierobe\u017eojumiem.<\/span><\/p>\n<p><span style=\"font-weight: 400;\">AI atpaz\u012b\u0161ana un izseko\u0161ana<\/span><\/p>\n<p><span style=\"font-weight: 400;\">P\u0113c misijas sa\u0146em\u0161anas drons autom\u0101tiski identific\u0113 p\u0101rbaudes m\u0113r\u0137i, izseko tam un identific\u0113 visas novirzes.<\/span><\/p>\n<p><span style=\"font-weight: 400;\">Dro\u0161\u012bbas patru\u013ca<\/span><\/p>\n<p><span style=\"font-weight: 400;\">Elektrol\u012bnijas p\u0101rbaude<\/span><\/p>\n<p><span style=\"font-weight: 400;\">Satiksmes kontrole<\/span><\/p>\n<p><span style=\"font-weight: 400;\">Vietnes uzraudz\u012bba<\/span><\/p>\n<p><span style=\"font-weight: 400;\">Me\u017esaimniec\u012bbas inspekcija<\/span><\/p>\n<p><span style=\"font-weight: 400;\">Lauksaimniec\u012bbas uzraudz\u012bba<\/span><\/p>\n<p><span style=\"color: #0000ff;\"><a style=\"color: #0000ff;\" href=\"https:\/\/auteldronesbaltic.com\/wp-content\/uploads\/2022\/05\/EVO-NEST-Quick-Guide.pdf\">EVO NEST Quick Guide<\/a><\/span><\/p>\n","protected":false},"excerpt":{"rendered":"<p><span style=\"font-weight: 400;\">EVO NEST ir autom\u0101tiska dronu uzl\u0101des stacija, kas \u013cauj industri\u0101lajiem droniem nolaisties, pacelties un veikt sec\u012bgas misijas bez cilv\u0113ka iejauk\u0161an\u0101s. NEST ir apr\u012bkots ar izvelkamu nojume, stikla \u0161\u0137iedras uzl\u0101des d\u0113li un ieb\u016bv\u0113tu gaisa kondicion\u0113\u0161anas sist\u0113mu, un tam ir viss nepiecie\u0161amais, lai uztur\u0113tu sevi un lidma\u0161\u012bnas lielisk\u0101 darba st\u0101vokl\u012b neatkar\u012bgi no laikapst\u0101k\u013ciem. Izmantojot ekskluz\u012bvu programmat\u016bru, operatori var ar\u012b pl\u0101not lidojumu uzdevumus \u0113rti sav\u0101 m\u0101jas biroj\u0101, samazinot darbasp\u0113ka izmaksas, vienlaikus uzlabojot efektivit\u0101ti.<\/span><\/p>\n","protected":false},"featured_media":6632,"template":"","meta":{"_gspb_post_css":""},"product_brand":[],"product_cat":[104,148],"product_tag":[],"class_list":{"0":"post-3221","1":"product","2":"type-product","3":"status-publish","4":"has-post-thumbnail","6":"product_cat-autel-evo-nest-lv","7":"product_cat-special-purpose-drones-lv","9":"first","10":"instock","11":"taxable","12":"shipping-taxable","13":"purchasable","14":"product-type-simple"},"_links":{"self":[{"href":"https:\/\/auteldronesbaltic.com\/lv\/wp-json\/wp\/v2\/product\/3221","targetHints":{"allow":["GET"]}}],"collection":[{"href":"https:\/\/auteldronesbaltic.com\/lv\/wp-json\/wp\/v2\/product"}],"about":[{"href":"https:\/\/auteldronesbaltic.com\/lv\/wp-json\/wp\/v2\/types\/product"}],"wp:featuredmedia":[{"embeddable":true,"href":"https:\/\/auteldronesbaltic.com\/lv\/wp-json\/wp\/v2\/media\/6632"}],"wp:attachment":[{"href":"https:\/\/auteldronesbaltic.com\/lv\/wp-json\/wp\/v2\/media?parent=3221"}],"wp:term":[{"taxonomy":"product_brand","embeddable":true,"href":"https:\/\/auteldronesbaltic.com\/lv\/wp-json\/wp\/v2\/product_brand?post=3221"},{"taxonomy":"product_cat","embeddable":true,"href":"https:\/\/auteldronesbaltic.com\/lv\/wp-json\/wp\/v2\/product_cat?post=3221"},{"taxonomy":"product_tag","embeddable":true,"href":"https:\/\/auteldronesbaltic.com\/lv\/wp-json\/wp\/v2\/product_tag?post=3221"}],"curies":[{"name":"wp","href":"https:\/\/api.w.org\/{rel}","templated":true}]}}