{"id":3230,"date":"2022-05-04T18:53:39","date_gmt":"2022-05-04T15:53:39","guid":{"rendered":"https:\/\/auteldronesbaltic.com\/uncategorized\/evo-ii-dual-640t-enterprise-rugged-bundle-v2\/"},"modified":"2025-04-08T10:04:36","modified_gmt":"2025-04-08T07:04:36","slug":"evo-ii-dual-640t-enterprise-rugged-bundle-v2","status":"publish","type":"product","link":"https:\/\/auteldronesbaltic.com\/lv\/evo-ii-enterprise-series-lv\/evo-ii-dual-640t-enterprise-rugged-bundle-v2\/","title":{"rendered":"EVO II Dual 640T Enterprise Rugged Bundle V2"},"content":{"rendered":"<p><b>Kompakts. Daudzpus\u012bgs. Sp\u0113c\u012bgs.<br \/>\n<\/b><span style=\"font-weight: 400;\">EVO II Enterprise V3 ir integr\u0113ta izcila att\u0113lveido\u0161anas sist\u0113ma, uzlabota 15 km att\u0113la p\u0101rraide (SkyLink 2.0) un papildu piederumi, lai apmierin\u0101tu da\u017e\u0101das gaisa vajadz\u012bbas, tostarp p\u0101rbaudes, mekl\u0113\u0161ana un gl\u0101b\u0161ana, ties\u012bbaizsardz\u012bba, ugunsgr\u0113ku dz\u0113\u0161ana un citas. Salok\u0101mais dizains nodro\u0161ina nozares lietot\u0101jiem efekt\u012bvu un p\u0101rn\u0113s\u0101jamu gaisa darba instrumentu.<\/span><\/p>\n<p><b>640&#215;512 30Hz termisk\u0101s att\u0113lveido\u0161anas sensors<br \/>\n<\/b><span style=\"font-weight: 400;\">Apr\u012bkots ar 640*512 augstas iz\u0161\u0137irtsp\u0113jas termisk\u0101s att\u0113lveido\u0161anas kameru ar 13 mm fokusa att\u0101luma objekt\u012bvu un 16x digit\u0101lo t\u0101lummai\u0146u, ir viegli nov\u0113rot t\u0101lus m\u0113r\u0137us. Sist\u0113ma izmanto jaunu att\u0113lu apstr\u0101des algoritmu, padarot termisk\u0101s att\u0113lveido\u0161anas deta\u013cas skaidr\u0101kas un paman\u0101m\u0101kas nek\u0101 konkurence ar l\u012bdz\u012bgu iz\u0161\u0137irtsp\u0113ju un aparat\u016bru.<\/span><\/p>\n<p><b>.8&#8243; RYYB CMOS sensors<br \/>\n<\/b><span style=\"font-weight: 400;\">Apr\u012bkots ar 0,8 collu RYYB CMOS sensoru, kas nodro\u0161ina m\u0113ness gaismas algoritmu 2.0, kas nodro\u0161ina izcilu trok\u0161\u0146u sl\u0101p\u0113\u0161anu ierobe\u017eotos apgaismojuma apst\u0101k\u013cos, v\u0113l vair\u0101k uzlabojot 50 megapikse\u013cu kameru, lai sniegtu lietot\u0101jiem s\u012bk\u0101ku inform\u0101ciju lab\u0101kai krimin\u0101listikai un anal\u012bzei. Atkl\u0101jiet, identific\u0113jiet un klasific\u0113jiet objektus v\u0101j\u0101 apgaismojum\u0101 situ\u0101cij\u0101s un turpin\u0101t ar p\u0101rliec\u012bbu.<\/span><\/p>\n<p><b>Vietas temperat\u016bras m\u0113r\u012b\u0161ana<br \/>\n<\/b><span style=\"font-weight: 400;\">Par\u0101da atlas\u012bt\u0101 objekta temperat\u016bru, tikai pieskaroties ekr\u0101nam<\/span><\/p>\n<p><b>Re\u0123ion\u0101l\u0101 temperat\u016bras m\u0113r\u012b\u0161ana<br \/>\n<\/b><span style=\"font-weight: 400;\">Par\u0101da atlas\u012bt\u0101 objekta temperat\u016bru, tikai pieskaroties ekr\u0101nam<\/span><\/p>\n<p><b>Centr\u0101l\u0101 temperat\u016bras m\u0113r\u012b\u0161ana<br \/>\n<\/b><span style=\"font-weight: 400;\">Par\u0101da temperat\u016bru ekr\u0101na centr\u0101<\/span><\/p>\n<p><b>Temperat\u016bras trauksme<br \/>\n<\/b><span style=\"font-weight: 400;\">Br\u012bdina lietot\u0101ju, kad apgabala temperat\u016bra sasniedz iepriek\u0161 noteiktu slieksni<\/span><\/p>\n<p><b>Izoterma<br \/>\n<\/b><span style=\"font-weight: 400;\">Atkl\u0101j visus objektus noteikt\u0101 temperat\u016bras diapazon\u0101.<\/span><\/p>\n<p><b>Att\u0113la uzlabo\u0161ana<br \/>\n<\/b><span style=\"font-weight: 400;\">\u013bauj lietot\u0101jam piel\u0101got att\u0113la spilgtumu, kontrastu un att\u0113la deta\u013cas re\u0101llaik\u0101.<\/span><\/p>\n<p><b>Tuvin\u0101t no dro\u0161\u012bbas<br \/>\n<\/b><span style=\"font-weight: 400;\">EVO II Dual 640T Enterprise V3 atbalsta 4x bezzudumu t\u0101lummai\u0146u un 16 rei\u017eu digit\u0101lo t\u0101lummai\u0146u. Ieg\u016bstiet skaidru inform\u0101ciju no t\u0101l\u0101kas vietas bez aizdom\u0101m.<\/span><\/p>\n<p><b>SkyLink 2.0 video p\u0101rraide<br \/>\n<\/b><span style=\"font-weight: 400;\">EVO II Enterprise V3 ir jaunin\u0101ts ar Autel jauno SkyLink 2.0 video p\u0101rraides tehnolo\u0123iju.<\/span><\/p>\n<p><span style=\"font-weight: 400;\">Lidojiet t\u0101l\u0101k ar HD video p\u0101rraidi l\u012bdz 8 km.<\/span><\/p>\n<p><span style=\"font-weight: 400;\">Ieg\u016bstiet kritisk\u0101s deta\u013cas, izmantojot QHD video p\u0101rraides diapazon\u0101.<\/span><\/p>\n<p><span style=\"font-weight: 400;\">Atbalsta tr\u012bs joslu sazi\u0146u un var autom\u0101tiski veikt frekvences l\u0113cienu, lai nodro\u0161in\u0101tu maksim\u0101lu prettrauc\u0113jumu sp\u0113ju.<\/span><\/p>\n<p><b>42 min\u016btes lidojuma laika<br \/>\n<\/b><span style=\"font-weight: 400;\">Lielie propelleri un p\u0101rskat\u012btie lidojuma algoritmi nodro\u0161ina EVO II Enterprise V3 ilg\u0101ko lidojuma laiku sav\u0101 kategorij\u0101.<\/span><\/p>\n<p><b>Pagarin\u0101tas termisk\u0101s ventil\u0101cijas atveres<br \/>\n<\/b><span style=\"font-weight: 400;\">EVO II Enterprise V3 ir papildu termoventil\u0101cijas atveres papildu siltuma izklied\u0113\u0161anai, pagarinot akumulatora darb\u012bbas laiku.<\/span><\/p>\n<p><b>Gar\u0101kas oglek\u013ca \u0161\u0137iedras rokas<br \/>\n<\/b><span style=\"font-weight: 400;\">Oglek\u013ca \u0161\u0137iedras sviras un gar\u0101ki propelleri nodro\u0161ina EVO II Enterprise platformai papildu stingr\u012bbu un lidojuma stabilit\u0101ti.<\/span><\/p>\n<p><b>360\u00b0 \u0161\u0137\u0113r\u0161\u013cu nov\u0113r\u0161ana<br \/>\n<\/b><span style=\"font-weight: 400;\">Apr\u012bkots ar 12 vizu\u0101liem optiskiem sensoriem, kas apvieno 19 sensoru komplektus, tostarp galveno kameru, ultraska\u0146as vilni un IMU, lai izveidotu drona un t\u0101 apk\u0101rtnes 3D karti re\u0101llaik\u0101. Sensori ir izvietoti strat\u0113\u0123iski, lai l\u012bdz minimumam samazin\u0101tu drona aklo zonu, lai V3 var\u0113tu autom\u0101tiski apst\u0101ties \u0161\u0137\u0113r\u0161\u013cu tuvum\u0101.<\/span><\/p>\n<p><b>ADS-B uztv\u0113r\u0113js<br \/>\n<\/b><span style=\"font-weight: 400;\">Atkl\u0101j, vai tuvum\u0101 atrodas k\u0101ds pilot\u0113ts lidapar\u0101ts, kas izstaro ADS-B sign\u0101lu, dodot operatoram pietiekami daudz laika, lai veiktu izvair\u012b\u0161an\u0101s pas\u0101kumus, lai izvair\u012btos no sadursm\u0113m gais\u0101.<\/span><\/p>\n<p><b>Misijas daudzpus\u012bba<br \/>\n<\/b><span style=\"font-weight: 400;\">Izmantojot papla\u0161in\u0101to piederumu kl\u0101stu, EVO II Enterprise V3 var att\u012bst\u012bties no vienk\u0101r\u0161a att\u0113lveido\u0161anas r\u012bka l\u012bdz daudzfunkcion\u0101lai lidojuma platformai, kas var piel\u0101goties da\u017e\u0101diem scen\u0101rijiem.<\/span><\/p>\n<p><b>Strobe<br \/>\n<\/b><span style=\"font-weight: 400;\">Nor\u0101diet gaisa ku\u0123a atra\u0161an\u0101s vietu nakt\u012b, lai izvair\u012btos no gaisa satiksmes negad\u012bjumiem.<\/span><\/p>\n<p><b>Uzman\u012bbas centr\u0101<br \/>\n<\/b><span style=\"font-weight: 400;\">Izstaro jaud\u012bgu, liela att\u0101luma gaisa gaismu, mekl\u0113jot vai fotograf\u0113jot nakt\u012b.<\/span><\/p>\n<p><b>Ska\u013crunis<br \/>\n<\/b><span style=\"font-weight: 400;\">Nodro\u0161ina efekt\u012bvu sazi\u0146u uz vietas, izmantojot liela att\u0101luma tie\u0161raides un iepriek\u0161 ierakst\u012btas audio cilpas.<\/span><\/p>\n<p><b>Autel Smart Controller V3<br \/>\n<\/b><span style=\"font-weight: 400;\">Smart Controller V3 7,9 collu, 2000 nits augsta spilgtuma ekr\u0101ns ir skaidri redzams pat tie\u0161os saules staros. SkyLink 2.0 p\u0101rraides tehnolo\u0123ija garant\u0113 t\u0101lsatiksmes oper\u0101cijas l\u012bdz pat 8 km att\u0101lum\u0101 un uzlabo prettrauc\u0113jumu sp\u0113jas ar tr\u012bsjoslu frekven\u010du l\u0113cienu. Piel\u0101got\u0101 Android sist\u0113ma nodro\u0161ina papildu elast\u012bbu, izmantojot tre\u0161\u0101s puses lietotnes, un IP43 v\u0113rt\u0113jums nodro\u0161ina veiktsp\u0113ju visos laikapst\u0101k\u013cos.<\/span><\/p>\n<p><span style=\"font-weight: 400;\">7,9 collu HD sk\u0101rienekr\u0101ns<br \/>\n<\/span><span style=\"font-weight: 400;\">Temperat\u016bras diapazons no -20 \u2103 l\u012bdz 40 \u2103<br \/>\n<\/span><span style=\"font-weight: 400;\">2000 nitu maksim\u0101lais spilgtums<br \/>\n<\/span><span style=\"font-weight: 400;\">IP43 Iztur\u012bba<\/span><\/p>\n<p><b>Live Deck 2<br \/>\n<\/b><span style=\"font-weight: 400;\">Tie\u0161raid\u0113 p\u0101rraidiet inform\u0101ciju par misiju citiem darbiniekiem oper\u0101cij\u0101, lai uzlabotu situ\u0101cijas izpratni un kritisku l\u0113mumu pie\u0146em\u0161anu. EVO II Enterprise V3 ir sader\u012bgs ar Live Deck 2, kas pied\u0101v\u0101 vair\u0101ku portu straum\u0113\u0161anu uz monitoriem un Wi-Fi atbalstu vair\u0101kiem viedt\u0101lru\u0146iem.<\/span><\/p>\n<p><span style=\"font-weight: 400;\">1080P\/60FPS video straume<br \/>\n<\/span><span style=\"font-weight: 400;\">Tr\u012bs autom\u0101tisk\u0101s p\u0101rsl\u0113g\u0161anas joslas<br \/>\n<\/span><span style=\"font-weight: 400;\">12 km transmisijas diapazons<br \/>\n<\/span><span style=\"font-weight: 400;\">IP43 Iztur\u012bba<\/span><\/p>\n","protected":false},"excerpt":{"rendered":"<p>Kompakts. Daudzpus\u012bgs. Sp\u0113c\u012bgs. EVO II Enterprise V3 ir integr\u0113ta izcila att\u0113lveido\u0161anas sist\u0113ma, uzlabota 15 km att\u0113la p\u0101rraide (SkyLink 2.0) un papildu piederumi, lai apmierin\u0101tu da\u017e\u0101das gaisa vajadz\u012bbas, tostarp p\u0101rbaudes, mekl\u0113\u0161ana un gl\u0101b\u0161ana, ties\u012bbaizsardz\u012bba, ugunsgr\u0113ku dz\u0113\u0161ana un citas. Salok\u0101mais dizains nodro\u0161ina nozares lietot\u0101jiem efekt\u012bvu un p\u0101rn\u0113s\u0101jamu gaisa darba instrumentu. 640&#215;512 30Hz termisk\u0101s att\u0113lveido\u0161anas sensors Apr\u012bkots ar [&hellip;]<\/p>\n","protected":false},"featured_media":4674,"template":"","meta":{"_gspb_post_css":""},"product_brand":[],"product_cat":[146,148],"product_tag":[],"class_list":{"0":"post-3230","1":"product","2":"type-product","3":"status-publish","4":"has-post-thumbnail","6":"product_cat-evo-ii-enterprise-series-lv","7":"product_cat-special-purpose-drones-lv","9":"first","10":"outofstock","11":"taxable","12":"shipping-taxable","13":"purchasable","14":"product-type-simple"},"_links":{"self":[{"href":"https:\/\/auteldronesbaltic.com\/lv\/wp-json\/wp\/v2\/product\/3230","targetHints":{"allow":["GET"]}}],"collection":[{"href":"https:\/\/auteldronesbaltic.com\/lv\/wp-json\/wp\/v2\/product"}],"about":[{"href":"https:\/\/auteldronesbaltic.com\/lv\/wp-json\/wp\/v2\/types\/product"}],"wp:featuredmedia":[{"embeddable":true,"href":"https:\/\/auteldronesbaltic.com\/lv\/wp-json\/wp\/v2\/media\/4674"}],"wp:attachment":[{"href":"https:\/\/auteldronesbaltic.com\/lv\/wp-json\/wp\/v2\/media?parent=3230"}],"wp:term":[{"taxonomy":"product_brand","embeddable":true,"href":"https:\/\/auteldronesbaltic.com\/lv\/wp-json\/wp\/v2\/product_brand?post=3230"},{"taxonomy":"product_cat","embeddable":true,"href":"https:\/\/auteldronesbaltic.com\/lv\/wp-json\/wp\/v2\/product_cat?post=3230"},{"taxonomy":"product_tag","embeddable":true,"href":"https:\/\/auteldronesbaltic.com\/lv\/wp-json\/wp\/v2\/product_tag?post=3230"}],"curies":[{"name":"wp","href":"https:\/\/api.w.org\/{rel}","templated":true}]}}