{"id":3254,"date":"2022-04-28T12:38:03","date_gmt":"2022-04-28T09:38:03","guid":{"rendered":"https:\/\/auteldronesbaltic.com\/uncategorized\/autel-evo-ii-autolaadija\/"},"modified":"2025-04-21T14:44:30","modified_gmt":"2025-04-21T11:44:30","slug":"autel-evo-ii-auto-ladetajs","status":"publish","type":"product","link":"https:\/\/auteldronesbaltic.com\/lv\/autel-evo-ii-pro-un-aksesuari\/autel-evo-ii-auto-ladetajs\/","title":{"rendered":"Autel EVO II auto l\u0101d\u0113t\u0101js"},"content":{"rendered":"<p><span style=\"font-weight: 400;\">Automa\u0161\u012bnas l\u0101d\u0113t\u0101js EVO II tiek izmantots, lai uzl\u0101d\u0113tu lidma\u0161\u012bnas akumulatoru caur automa\u0161\u012bnas cigare\u0161u aizdedzin\u0101t\u0101ja ligzdu. Automa\u0161\u012bnas l\u0101d\u0113t\u0101js EVO II nodro\u0161ina papildu USB piesl\u0113gvietu, kas \u013cauj vienlaikus uzl\u0101d\u0113t t\u0101lvad\u012bbas pulti. \u0160is l\u0101d\u0113t\u0101js ir izstr\u0101d\u0101ts ar aizsardz\u012bbu pret zemsprieguma l\u012bmeni, nodro\u0161inot, ka automa\u0161\u012bnai ir pietiekams spriegums iedarbin\u0101\u0161anai. Turkl\u0101t l\u0101d\u0113t\u0101ja aizsardz\u012bba pret p\u0101rkar\u0161anu autom\u0101tiski p\u0101rtrauks akumulatora uzl\u0101di, ja cigare\u0161u aizdedzin\u0101t\u0101ja ligzdas temperat\u016bra p\u0101rsniegs noteiktu v\u0113rt\u012bbu.<\/span><\/p>\n","protected":false},"excerpt":{"rendered":"<p>Automa\u0161\u012bnas l\u0101d\u0113t\u0101js EVO II tiek izmantots, lai uzl\u0101d\u0113tu lidma\u0161\u012bnas akumulatoru caur automa\u0161\u012bnas cigare\u0161u aizdedzin\u0101t\u0101ja ligzdu. Automa\u0161\u012bnas l\u0101d\u0113t\u0101js EVO II nodro\u0161ina papildu USB piesl\u0113gvietu, kas \u013cauj vienlaikus uzl\u0101d\u0113t t\u0101lvad\u012bbas pulti. \u0160is l\u0101d\u0113t\u0101js ir izstr\u0101d\u0101ts ar aizsardz\u012bbu pret zemsprieguma l\u012bmeni, nodro\u0161inot, ka automa\u0161\u012bnai ir pietiekams spriegums iedarbin\u0101\u0161anai. Turkl\u0101t l\u0101d\u0113t\u0101ja aizsardz\u012bba pret p\u0101rkar\u0161anu autom\u0101tiski p\u0101rtrauks akumulatora uzl\u0101di, ja [&hellip;]<\/p>\n","protected":false},"featured_media":2189,"template":"","meta":{"_gspb_post_css":""},"product_brand":[],"product_cat":[133,151],"product_tag":[],"class_list":{"0":"post-3254","1":"product","2":"type-product","3":"status-publish","4":"has-post-thumbnail","6":"product_cat-autel-evo-ii-pro-un-aksesuari","7":"product_cat-piederumi","9":"first","10":"instock","11":"taxable","12":"shipping-taxable","13":"purchasable","14":"product-type-simple"},"_links":{"self":[{"href":"https:\/\/auteldronesbaltic.com\/lv\/wp-json\/wp\/v2\/product\/3254","targetHints":{"allow":["GET"]}}],"collection":[{"href":"https:\/\/auteldronesbaltic.com\/lv\/wp-json\/wp\/v2\/product"}],"about":[{"href":"https:\/\/auteldronesbaltic.com\/lv\/wp-json\/wp\/v2\/types\/product"}],"wp:featuredmedia":[{"embeddable":true,"href":"https:\/\/auteldronesbaltic.com\/lv\/wp-json\/wp\/v2\/media\/2189"}],"wp:attachment":[{"href":"https:\/\/auteldronesbaltic.com\/lv\/wp-json\/wp\/v2\/media?parent=3254"}],"wp:term":[{"taxonomy":"product_brand","embeddable":true,"href":"https:\/\/auteldronesbaltic.com\/lv\/wp-json\/wp\/v2\/product_brand?post=3254"},{"taxonomy":"product_cat","embeddable":true,"href":"https:\/\/auteldronesbaltic.com\/lv\/wp-json\/wp\/v2\/product_cat?post=3254"},{"taxonomy":"product_tag","embeddable":true,"href":"https:\/\/auteldronesbaltic.com\/lv\/wp-json\/wp\/v2\/product_tag?post=3254"}],"curies":[{"name":"wp","href":"https:\/\/api.w.org\/{rel}","templated":true}]}}