{"id":3258,"date":"2022-04-28T12:34:05","date_gmt":"2022-04-28T09:34:05","guid":{"rendered":"https:\/\/auteldronesbaltic.com\/uncategorized\/autel-evo-ii-ladetajs\/"},"modified":"2025-04-21T14:46:33","modified_gmt":"2025-04-21T11:46:33","slug":"autel-evo-ii-ladetajs","status":"publish","type":"product","link":"https:\/\/auteldronesbaltic.com\/lv\/autel-evo-ii-pro-un-aksesuari\/autel-evo-ii-ladetajs\/","title":{"rendered":"Autel EVO II L\u0101d\u0113t\u0101js"},"content":{"rendered":"<p><span style=\"font-weight: 400;\">Vienlaic\u012bga bateriju un t\u0101lvad\u012bbas pults uzl\u0101de; Vair\u0101ki izvades interfeiss un re\u017e\u012bmi 66 W izejas jauda, \u200b\u200bvieda QC<\/span><\/p>\n<p><span style=\"font-weight: 400;\">EVO II akumulatora l\u0101d\u0113t\u0101js ir apr\u012bkots ar uzl\u0101des interfeisu un USB-A interfeisu, kas atbalsta attiec\u012bgi 13,2 V, 5 A un QC 3.0 uzl\u0101des izvadi. Tas var vienlaikus uzl\u0101d\u0113t baterijas\u00a0 <\/span><span style=\"font-weight: 400;\">un t\u0101lvad\u012bbas pulti un kalpot k\u0101 \u0101r\u0113js baro\u0161anas avots cit\u0101m ier\u012bc\u0113m.<\/span><\/p>\n","protected":false},"excerpt":{"rendered":"<p>Vienlaic\u012bga bateriju un t\u0101lvad\u012bbas pults uzl\u0101de; Vair\u0101ki izvades interfeiss un re\u017e\u012bmi 66 W izejas jauda, \u200b\u200bvieda QC EVO II akumulatora l\u0101d\u0113t\u0101js ir apr\u012bkots ar uzl\u0101des interfeisu un USB-A interfeisu, kas atbalsta attiec\u012bgi 13,2 V, 5 A un QC 3.0 uzl\u0101des izvadi. Tas var vienlaikus uzl\u0101d\u0113t baterijas\u00a0 un t\u0101lvad\u012bbas pulti un kalpot k\u0101 \u0101r\u0113js baro\u0161anas avots [&hellip;]<\/p>\n","protected":false},"featured_media":2162,"template":"","meta":{"_gspb_post_css":""},"product_brand":[],"product_cat":[133,151],"product_tag":[],"class_list":{"0":"post-3258","1":"product","2":"type-product","3":"status-publish","4":"has-post-thumbnail","6":"product_cat-autel-evo-ii-pro-un-aksesuari","7":"product_cat-piederumi","9":"first","10":"instock","11":"taxable","12":"shipping-taxable","13":"purchasable","14":"product-type-simple"},"_links":{"self":[{"href":"https:\/\/auteldronesbaltic.com\/lv\/wp-json\/wp\/v2\/product\/3258","targetHints":{"allow":["GET"]}}],"collection":[{"href":"https:\/\/auteldronesbaltic.com\/lv\/wp-json\/wp\/v2\/product"}],"about":[{"href":"https:\/\/auteldronesbaltic.com\/lv\/wp-json\/wp\/v2\/types\/product"}],"wp:featuredmedia":[{"embeddable":true,"href":"https:\/\/auteldronesbaltic.com\/lv\/wp-json\/wp\/v2\/media\/2162"}],"wp:attachment":[{"href":"https:\/\/auteldronesbaltic.com\/lv\/wp-json\/wp\/v2\/media?parent=3258"}],"wp:term":[{"taxonomy":"product_brand","embeddable":true,"href":"https:\/\/auteldronesbaltic.com\/lv\/wp-json\/wp\/v2\/product_brand?post=3258"},{"taxonomy":"product_cat","embeddable":true,"href":"https:\/\/auteldronesbaltic.com\/lv\/wp-json\/wp\/v2\/product_cat?post=3258"},{"taxonomy":"product_tag","embeddable":true,"href":"https:\/\/auteldronesbaltic.com\/lv\/wp-json\/wp\/v2\/product_tag?post=3258"}],"curies":[{"name":"wp","href":"https:\/\/api.w.org\/{rel}","templated":true}]}}